{"id":108033,"date":"2026-05-06T12:35:44","date_gmt":"2026-05-06T12:35:44","guid":{"rendered":"https:\/\/e.kosmolat.eu\/product\/helia-d-cell-concept-peptide-filler-30-ml\/"},"modified":"2026-05-09T02:00:21","modified_gmt":"2026-05-09T02:00:21","slug":"helia-d-cell-concept-peptidu-filleris-30-ml","status":"publish","type":"product","link":"https:\/\/e.kosmolat.eu\/lv\/product\/helia-d-cell-concept-peptidu-filleris-30-ml\/","title":{"rendered":"Helia-D Cell Concept pept\u012bdu filleris, 30 ml"},"content":{"rendered":"<p>Viegla un \u0101tri uzs\u016bco\u0161a formula. T\u0101 satur efekt\u012bvu pept\u012bdu kombin\u0101ciju, kas var pal\u012bdz\u0113t samazin\u0101t grumbu skaitu un dzi\u013cumu, mazin\u0101t tum\u0161os plankumus, k\u0101 ar\u012b sniegt \u0101dai nomierino\u0161u un antioksidat\u012bvu iedarb\u012bbu.<br \/>\nGalven\u0101s akt\u012bv\u0101s vielas: vara tripept\u012bds-1 (TEGO\u00ae Pep 3 Recover), tetrapept\u012bds-30 (TEGO\u00ae Pep 4 Even) un Argireline\u00ae pept\u012bdu \u0161\u0137\u012bdums.<br \/>\nSast\u0101vs bez smar\u017eviel\u0101m un kr\u0101sviel\u0101m.<br \/>\nLieto\u0161ana: Uzkl\u0101jiet 3\u20134 pilienus katru r\u012btu un\/vai vakaru p\u0113c \u0101das att\u012br\u012b\u0161anas. Vienm\u0113r\u012bgi iemas\u0113jiet sejas un kakla \u0101d\u0101, p\u0113c tam turpiniet savu ierasto \u0101das kop\u0161anas rut\u012bnu. Izvairieties no saskares ar ac\u012bm.<br \/>\nRezult\u0101ti: Regul\u0101ra lieto\u0161ana var veicin\u0101t stingr\u0101ku \u0101du un sniegt pretnoveco\u0161an\u0101s efektu.<\/p>\n","protected":false},"excerpt":{"rendered":"<p>Viegla un \u0101tri uzs\u016bco\u0161a formula. T\u0101 satur efekt\u012bvu pept\u012bdu kombin\u0101ciju, kas var pal\u012bdz\u0113t samazin\u0101t grumbu skaitu un dzi\u013cumu, mazin\u0101t tum\u0161os plankumus, k\u0101 ar\u012b sniegt \u0101dai nomierino\u0161u un antioksidat\u012bvu iedarb\u012bbu. Galven\u0101s akt\u012bv\u0101s vielas: vara tripept\u012bds-1 (TEGO\u00ae Pep 3 Recover), tetrapept\u012bds-30 (TEGO\u00ae Pep 4 Even) un Argireline\u00ae pept\u012bdu \u0161\u0137\u012bdums. Sast\u0101vs bez smar\u017eviel\u0101m un kr\u0101sviel\u0101m. Lieto\u0161ana: Uzkl\u0101jiet 3\u20134 [&#8230;]\n","protected":false},"featured_media":0,"template":"","meta":[],"product_cat":[1911,1328],"product_tag":[],"class_list":{"0":"post-108033","1":"product","2":"type-product","3":"status-publish","5":"product_brand-heliad_hu","6":"product_cat-new-ru","7":"product_cat-1328","9":"first","10":"instock","11":"taxable","12":"shipping-taxable","13":"product-type-simple"},"_links":{"self":[{"href":"https:\/\/e.kosmolat.eu\/lv\/wp-json\/wp\/v2\/product\/108033","targetHints":{"allow":["GET"]}}],"collection":[{"href":"https:\/\/e.kosmolat.eu\/lv\/wp-json\/wp\/v2\/product"}],"about":[{"href":"https:\/\/e.kosmolat.eu\/lv\/wp-json\/wp\/v2\/types\/product"}],"wp:attachment":[{"href":"https:\/\/e.kosmolat.eu\/lv\/wp-json\/wp\/v2\/media?parent=108033"}],"wp:term":[{"taxonomy":"product_cat","embeddable":true,"href":"https:\/\/e.kosmolat.eu\/lv\/wp-json\/wp\/v2\/product_cat?post=108033"},{"taxonomy":"product_tag","embeddable":true,"href":"https:\/\/e.kosmolat.eu\/lv\/wp-json\/wp\/v2\/product_tag?post=108033"}],"curies":[{"name":"wp","href":"https:\/\/api.w.org\/{rel}","templated":true}]}}