{"id":108029,"date":"2026-05-06T11:41:26","date_gmt":"2026-05-06T11:41:26","guid":{"rendered":"https:\/\/e.kosmolat.eu\/product\/helia-d-cell-concept-eye-contour-booster-30-ml-2024\/"},"modified":"2026-05-09T02:00:35","modified_gmt":"2026-05-09T02:00:35","slug":"helia-d-cell-concept-acu-zonas-serums-30-ml","status":"publish","type":"product","link":"https:\/\/e.kosmolat.eu\/lv\/product\/helia-d-cell-concept-acu-zonas-serums-30-ml\/","title":{"rendered":"Helia-D Cell Concept acu zonas serums, 30 ml"},"content":{"rendered":"<p>Viegla un \u0101tri uzs\u016bco\u0161a formula. Serums galvenok\u0101rt ir paredz\u0113ts zonai zem ac\u012bm un satur augstas efektivit\u0101tes akt\u012bv\u0101s sast\u0101vda\u013cas, kas pal\u012bdz c\u012bn\u012bties ar t\u016bsku un grumb\u0101m zem ac\u012bm.<br \/>\nGalven\u0101s akt\u012bv\u0101s vielas: Caffeine Herbasome\u00ae (liposom\u0101s iekapsul\u0113ts kofe\u012bns) un argana cilmes \u0161\u016bnu ekstrakts var sasniegt dzi\u013c\u0101kos \u0101das sl\u0101\u0146us. Turkl\u0101t za\u013c\u0101s t\u0113jas ekstraktam piem\u012bt antioksidanta un atjaunojo\u0161as \u012bpa\u0161\u012bbas.<br \/>\nSast\u0101vs bez smar\u017eviel\u0101m un kr\u0101sviel\u0101m.<br \/>\nLieto\u0161ana: Katru r\u012btu p\u0113c \u0101das att\u012br\u012b\u0161anas uzkl\u0101jiet 3\u20134 pilienus uz sejas. Vienm\u0113r\u012bgi iemas\u0113jiet sejas \u0101d\u0101 un zon\u0101 zem ac\u012bm, p\u0113c tam turpiniet savu ierasto \u0101das kop\u0161anas rut\u012bnu. Izvairieties no saskares ar ac\u012bm.<br \/>\nRezult\u0101ts: Regul\u0101ra lieto\u0161ana var pal\u012bdz\u0113t samazin\u0101t t\u016bsku un grumbas zem ac\u012bm.<\/p>\n","protected":false},"excerpt":{"rendered":"<p>Viegla un \u0101tri uzs\u016bco\u0161a formula. Serums galvenok\u0101rt ir paredz\u0113ts zonai zem ac\u012bm un satur augstas efektivit\u0101tes akt\u012bv\u0101s sast\u0101vda\u013cas, kas pal\u012bdz c\u012bn\u012bties ar t\u016bsku un grumb\u0101m zem ac\u012bm. Galven\u0101s akt\u012bv\u0101s vielas: Caffeine Herbasome\u00ae (liposom\u0101s iekapsul\u0113ts kofe\u012bns) un argana cilmes \u0161\u016bnu ekstrakts var sasniegt dzi\u013c\u0101kos \u0101das sl\u0101\u0146us. Turkl\u0101t za\u013c\u0101s t\u0113jas ekstraktam piem\u012bt antioksidanta un atjaunojo\u0161as \u012bpa\u0161\u012bbas. Sast\u0101vs [&#8230;]\n","protected":false},"featured_media":0,"template":"","meta":[],"product_cat":[1911,1589],"product_tag":[],"class_list":{"0":"post-108029","1":"product","2":"type-product","3":"status-publish","5":"product_brand-heliad_hu","6":"product_cat-new-ru","7":"product_cat-1589","9":"first","10":"instock","11":"taxable","12":"shipping-taxable","13":"product-type-simple"},"_links":{"self":[{"href":"https:\/\/e.kosmolat.eu\/lv\/wp-json\/wp\/v2\/product\/108029","targetHints":{"allow":["GET"]}}],"collection":[{"href":"https:\/\/e.kosmolat.eu\/lv\/wp-json\/wp\/v2\/product"}],"about":[{"href":"https:\/\/e.kosmolat.eu\/lv\/wp-json\/wp\/v2\/types\/product"}],"wp:attachment":[{"href":"https:\/\/e.kosmolat.eu\/lv\/wp-json\/wp\/v2\/media?parent=108029"}],"wp:term":[{"taxonomy":"product_cat","embeddable":true,"href":"https:\/\/e.kosmolat.eu\/lv\/wp-json\/wp\/v2\/product_cat?post=108029"},{"taxonomy":"product_tag","embeddable":true,"href":"https:\/\/e.kosmolat.eu\/lv\/wp-json\/wp\/v2\/product_tag?post=108029"}],"curies":[{"name":"wp","href":"https:\/\/api.w.org\/{rel}","templated":true}]}}