{"id":108011,"date":"2026-05-06T06:10:36","date_gmt":"2026-05-06T06:10:36","guid":{"rendered":"https:\/\/e.kosmolat.eu\/product\/evoluderm-pluie-de-coco-detox-kondicionieris-matiem-200-ml\/"},"modified":"2026-05-06T06:10:47","modified_gmt":"2026-05-06T06:10:47","slug":"evoluderm-pluie-de-coco-detox-kondicionieris-matiem-200-ml","status":"publish","type":"product","link":"https:\/\/e.kosmolat.eu\/lv\/product\/evoluderm-pluie-de-coco-detox-kondicionieris-matiem-200-ml\/","title":{"rendered":"EVOLUDERM Pluie De Coco Detox kondicionieris matiem, 200 ml"},"content":{"rendered":"<p>Net\u012brumi, stresa faktori, pies\u0101r\u0146ojums &ndash; m\u016bsu matiem da\u017ek\u0101rt nepiecie&scaron;ams svaiga gaisa malks! Lai apmierin\u0101tu to matu vajadz\u012bbas, kuriem nepiecie&scaron;ama att\u012br\u012b&scaron;ana, Evoluderm Pluie de Coco kondicionier\u012b ir apvienojis kokosriekstu \u016bdens svaigumu ar za\u013c\u0101s t\u0113jas vitalit\u0101ti. &Scaron;\u012b aizsarg\u0101jo&scaron;\u0101 un barojo&scaron;\u0101 formula uzreiz at&scaron;\u0137etina un mitrina matu &scaron;\u0137iedras, t\u0101s nenoslogojot. T\u0101 viegli izskalojam\u0101 tekst\u016bra ap\u0146em matus ar eksotisku arom\u0101tu ar augu not\u012bm.<\/p>\n<p><strong>Rezult\u0101ts:<\/strong> at&scaron;\u0137etin\u0101ti un pies\u0101tin\u0101ti ar sk\u0101bekli, j\u016bsu mati atg\u016bst maigumu un sp\u012bdumu un k\u013c\u016bst br\u012bni&scaron;\u0137\u012bgi viegli.<\/p>\n<p><strong>Lieto&scaron;ana:<\/strong> uzkl\u0101jiet Pluie de Coco kondicionieri vis\u0101 matu garum\u0101 un galos, \u013caujiet iedarboties 1 min\u016bti, p\u0113c tam noskalojiet. Lai ieg\u016btu vislab\u0101kos rezult\u0101tus, lietojiet kop\u0101 ar Evoluderm Pluie de Coco &scaron;amp\u016bnu.<\/p>\n<p><strong>Dermatolo\u0123iski test\u0113ts.<\/strong><span style=\"font-size:11.0pt\"><o:p><\/o:p><\/span><\/p>\n","protected":false},"excerpt":{"rendered":"<p>Net\u012brumi, stresa faktori, pies\u0101r\u0146ojums &ndash; m\u016bsu matiem da\u017ek\u0101rt nepiecie&scaron;ams svaiga gaisa malks! Lai apmierin\u0101tu to matu vajadz\u012bbas, kuriem nepiecie&scaron;ama att\u012br\u012b&scaron;ana, Evoluderm Pluie de Coco kondicionier\u012b ir apvienojis kokosriekstu \u016bdens svaigumu ar za\u013c\u0101s t\u0113jas vitalit\u0101ti. &Scaron;\u012b aizsarg\u0101jo&scaron;\u0101 un barojo&scaron;\u0101 formula uzreiz at&scaron;\u0137etina un mitrina matu &scaron;\u0137iedras, t\u0101s nenoslogojot. T\u0101 viegli izskalojam\u0101 tekst\u016bra ap\u0146em matus ar eksotisku [&#8230;]\n","protected":false},"featured_media":0,"template":"","meta":[],"product_cat":[1639],"product_tag":[],"class_list":{"0":"post-108011","1":"product","2":"type-product","3":"status-publish","5":"product_brand-evoluderm","6":"product_cat-1639","8":"first","9":"instock","10":"taxable","11":"shipping-taxable","12":"product-type-simple"},"_links":{"self":[{"href":"https:\/\/e.kosmolat.eu\/lv\/wp-json\/wp\/v2\/product\/108011","targetHints":{"allow":["GET"]}}],"collection":[{"href":"https:\/\/e.kosmolat.eu\/lv\/wp-json\/wp\/v2\/product"}],"about":[{"href":"https:\/\/e.kosmolat.eu\/lv\/wp-json\/wp\/v2\/types\/product"}],"wp:attachment":[{"href":"https:\/\/e.kosmolat.eu\/lv\/wp-json\/wp\/v2\/media?parent=108011"}],"wp:term":[{"taxonomy":"product_cat","embeddable":true,"href":"https:\/\/e.kosmolat.eu\/lv\/wp-json\/wp\/v2\/product_cat?post=108011"},{"taxonomy":"product_tag","embeddable":true,"href":"https:\/\/e.kosmolat.eu\/lv\/wp-json\/wp\/v2\/product_tag?post=108011"}],"curies":[{"name":"wp","href":"https:\/\/api.w.org\/{rel}","templated":true}]}}