{"id":108007,"date":"2026-05-06T05:40:34","date_gmt":"2026-05-06T05:40:34","guid":{"rendered":"https:\/\/e.kosmolat.eu\/product\/evoluderm-pluie-de-coco-detox-sampuns-1000-ml\/"},"modified":"2026-05-08T19:26:01","modified_gmt":"2026-05-08T19:26:01","slug":"evoluderm-pluie-de-coco-detox-sampuns-1000-ml","status":"publish","type":"product","link":"https:\/\/e.kosmolat.eu\/lv\/product\/evoluderm-pluie-de-coco-detox-sampuns-1000-ml\/","title":{"rendered":"EVOLUDERM Pluie De Coco Detox \u0161amp\u016bns, 1000 ml"},"content":{"rendered":"<p>Net\u012brumi, stresa faktori, pies\u0101r\u0146ojums &ndash; m\u016bsu matiem da\u017ek\u0101rt nepiecie&scaron;ams svaiga gaisa malks! Lai apmierin\u0101tu to matu vajadz\u012bbas, kuriem nepiecie&scaron;ama detoksik\u0101cija, Evoluderm &scaron;amp\u016bn\u0101 Pluie de Coco ir apvienojis kokosriekstu \u016bdens svaigumu ar za\u013c\u0101s t\u0113jas vitalit\u0101ti. &Scaron;\u012b maig\u0101 att\u012bro&scaron;\u0101 formula mazg\u0101 matus, tos nesaboj\u0101jot, un bag\u0101tina galvas \u0101du ar sk\u0101bekli, nodro&scaron;inot t\u016bl\u012bt\u0113ju svaiguma saj\u016btu.<\/p>\n<p><strong>Rezult\u0101ts:<\/strong> J\u016bsu mati ir mitrin\u0101ti, att\u012br\u012bti un k\u013c\u016bst br\u012bni&scaron;\u0137\u012bgi viegli.<\/p>\n<p><strong>Piesardz\u012bbas pas\u0101kumi:<\/strong> ja produkts nok\u013c\u016bst ac\u012bs, nekav\u0113joties izskalojiet t\u0101s ar lielu daudzumu t\u012bra \u016bdens.<\/p>\n<p><strong>Dermatolo\u0123iski test\u0113ts.<\/strong><\/p>\n","protected":false},"excerpt":{"rendered":"<p>Net\u012brumi, stresa faktori, pies\u0101r\u0146ojums &ndash; m\u016bsu matiem da\u017ek\u0101rt nepiecie&scaron;ams svaiga gaisa malks! Lai apmierin\u0101tu to matu vajadz\u012bbas, kuriem nepiecie&scaron;ama detoksik\u0101cija, Evoluderm &scaron;amp\u016bn\u0101 Pluie de Coco ir apvienojis kokosriekstu \u016bdens svaigumu ar za\u013c\u0101s t\u0113jas vitalit\u0101ti. &Scaron;\u012b maig\u0101 att\u012bro&scaron;\u0101 formula mazg\u0101 matus, tos nesaboj\u0101jot, un bag\u0101tina galvas \u0101du ar sk\u0101bekli, nodro&scaron;inot t\u016bl\u012bt\u0113ju svaiguma saj\u016btu. Rezult\u0101ts: J\u016bsu mati [&#8230;]\n","protected":false},"featured_media":0,"template":"","meta":[],"product_cat":[1248],"product_tag":[],"class_list":{"0":"post-108007","1":"product","2":"type-product","3":"status-publish","5":"product_brand-evoluderm","6":"product_cat-sampuni","8":"first","9":"instock","10":"taxable","11":"shipping-taxable","12":"product-type-simple"},"_links":{"self":[{"href":"https:\/\/e.kosmolat.eu\/lv\/wp-json\/wp\/v2\/product\/108007","targetHints":{"allow":["GET"]}}],"collection":[{"href":"https:\/\/e.kosmolat.eu\/lv\/wp-json\/wp\/v2\/product"}],"about":[{"href":"https:\/\/e.kosmolat.eu\/lv\/wp-json\/wp\/v2\/types\/product"}],"wp:attachment":[{"href":"https:\/\/e.kosmolat.eu\/lv\/wp-json\/wp\/v2\/media?parent=108007"}],"wp:term":[{"taxonomy":"product_cat","embeddable":true,"href":"https:\/\/e.kosmolat.eu\/lv\/wp-json\/wp\/v2\/product_cat?post=108007"},{"taxonomy":"product_tag","embeddable":true,"href":"https:\/\/e.kosmolat.eu\/lv\/wp-json\/wp\/v2\/product_tag?post=108007"}],"curies":[{"name":"wp","href":"https:\/\/api.w.org\/{rel}","templated":true}]}}