{"id":108001,"date":"2026-05-05T12:35:43","date_gmt":"2026-05-05T12:35:43","guid":{"rendered":"https:\/\/e.kosmolat.eu\/product\/helia-d-plex-active-bond-rebuild-kondicionieris-280-ml\/"},"modified":"2026-05-09T02:03:32","modified_gmt":"2026-05-09T02:03:32","slug":"helia-d-plex-active-bond-rebuild-kondicionieris-280-ml","status":"publish","type":"product","link":"https:\/\/e.kosmolat.eu\/lv\/product\/helia-d-plex-active-bond-rebuild-kondicionieris-280-ml\/","title":{"rendered":"Helia-D Plex Active Bond Rebuild kondicionieris, 280 ml"},"content":{"rendered":"<p>Matu stiprino&scaron;s kondicionieris visiem matu tipiem, pat kr\u0101sotiem, balin\u0101tiem, boj\u0101tiem un trausliem matiem. T\u0101 akt\u012bv\u0101s sast\u0101vda\u013cas baro un stiprina matus, padarot tos m\u012bkst\u0101kus un viegl\u0101k veidojamus. Matu biezuma palielin\u0101&scaron;an\u0101s ir kl\u012bniski pier\u0101d\u012bta. Dermatolo\u0123iski p\u0101rbaud\u012bts.<\/p>\n<p><strong>Galven\u0101s akt\u012bv\u0101s sast\u0101vda\u013cas:<\/strong> Crodazosoft DBQ, Crodaquat MCC.<\/p>\n<p><strong>Lieto&scaron;ana:<\/strong> &Scaron;is ir Helia-D Plex Active kop&scaron;anas sist\u0113mas 4. solis. Lab\u0101ka rezult\u0101ta sasnieg&scaron;anai ieteicams izmantot visu kop&scaron;anas kompleksu. Lietojiet to katr\u0101 matu mazg\u0101&scaron;anas reiz\u0113. P\u0113c mazg\u0101&scaron;anas ar &scaron;amp\u016bnu uzkl\u0101jiet uz mitriem matiem vis\u0101 to garum\u0101. P\u0113c 3&ndash;4 min\u016bt\u0113m r\u016bp\u012bgi izskalojiet. Izvairieties no saskares ar ac\u012bm. Ja produkts iek\u013c\u016bst ac\u012bs, nekav\u0113joties t\u0101s r\u016bp\u012bgi izskalojiet ar \u016bdeni.<br \/>\n<em>P\u0113c 28 dienu regul\u0101ras lieto&scaron;anas<\/em> &ndash; J.S. HAMILTON 2024<\/p>\n","protected":false},"excerpt":{"rendered":"<p>Matu stiprino&scaron;s kondicionieris visiem matu tipiem, pat kr\u0101sotiem, balin\u0101tiem, boj\u0101tiem un trausliem matiem. T\u0101 akt\u012bv\u0101s sast\u0101vda\u013cas baro un stiprina matus, padarot tos m\u012bkst\u0101kus un viegl\u0101k veidojamus. Matu biezuma palielin\u0101&scaron;an\u0101s ir kl\u012bniski pier\u0101d\u012bta. Dermatolo\u0123iski p\u0101rbaud\u012bts. Galven\u0101s akt\u012bv\u0101s sast\u0101vda\u013cas: Crodazosoft DBQ, Crodaquat MCC. Lieto&scaron;ana: &Scaron;is ir Helia-D Plex Active kop&scaron;anas sist\u0113mas 4. solis. Lab\u0101ka rezult\u0101ta sasnieg&scaron;anai ieteicams [&#8230;]\n","protected":false},"featured_media":0,"template":"","meta":[],"product_cat":[1911,1639],"product_tag":[],"class_list":{"0":"post-108001","1":"product","2":"type-product","3":"status-publish","5":"product_brand-heliad_hu","6":"product_cat-new-ru","7":"product_cat-1639","9":"first","10":"instock","11":"taxable","12":"shipping-taxable","13":"product-type-simple"},"_links":{"self":[{"href":"https:\/\/e.kosmolat.eu\/lv\/wp-json\/wp\/v2\/product\/108001","targetHints":{"allow":["GET"]}}],"collection":[{"href":"https:\/\/e.kosmolat.eu\/lv\/wp-json\/wp\/v2\/product"}],"about":[{"href":"https:\/\/e.kosmolat.eu\/lv\/wp-json\/wp\/v2\/types\/product"}],"wp:attachment":[{"href":"https:\/\/e.kosmolat.eu\/lv\/wp-json\/wp\/v2\/media?parent=108001"}],"wp:term":[{"taxonomy":"product_cat","embeddable":true,"href":"https:\/\/e.kosmolat.eu\/lv\/wp-json\/wp\/v2\/product_cat?post=108001"},{"taxonomy":"product_tag","embeddable":true,"href":"https:\/\/e.kosmolat.eu\/lv\/wp-json\/wp\/v2\/product_tag?post=108001"}],"curies":[{"name":"wp","href":"https:\/\/api.w.org\/{rel}","templated":true}]}}