{"id":107997,"date":"2026-05-05T12:21:14","date_gmt":"2026-05-05T12:21:14","guid":{"rendered":"https:\/\/e.kosmolat.eu\/product\/helia-d-plex-active-bond-rebuild-sampuns-280-ml\/"},"modified":"2026-05-09T02:03:12","modified_gmt":"2026-05-09T02:03:12","slug":"helia-d-plex-active-bond-rebuild-sampuns-280-ml","status":"publish","type":"product","link":"https:\/\/e.kosmolat.eu\/lv\/product\/helia-d-plex-active-bond-rebuild-sampuns-280-ml\/","title":{"rendered":"Helia-D Plex Active Bond Rebuild \u0161amp\u016bns, 280 ml"},"content":{"rendered":"<p>Matu stiprino&scaron;s &scaron;amp\u016bns visiem matu tipiem, pat kr\u0101sotiem, balin\u0101tiem, boj\u0101tiem un trausliem matiem. Boj\u0101tu matu strukt\u016brai nepiecie&scaron;ama \u012bpa&scaron;a kop&scaron;ana un akt\u012bv\u0101s vielas, kas stiprina, mitrina un m\u012bkstina matus, k\u0101 ar\u012b padara tos viegl\u0101k veidojamus. Matu biezuma palielin\u0101&scaron;an\u0101s ir kl\u012bniski pier\u0101d\u012bta. Dermatolo\u0123iski p\u0101rbaud\u012bts.<\/p>\n<p><strong>Galven\u0101s akt\u012bv\u0101s sast\u0101vda\u013cas:<\/strong> FiberHance&trade; BM, Keravis&trade; PE, glicer\u012bns, Plantasil 4V, Pentavitin&reg;.<\/p>\n<p><strong>Lieto&scaron;ana:<\/strong> &Scaron;is ir Helia-D Plex Active kop&scaron;anas sist\u0113mas 3. solis. Vislab\u0101kam efektam ieteicams izmantot visu kop&scaron;anas kompleksu. Lietojiet to katr\u0101 matu mazg\u0101&scaron;anas reiz\u0113. Uzkl\u0101jiet uz mitriem matiem, maigi iemas\u0113jiet galvas \u0101d\u0101, saputojiet un atst\u0101jiet iedarboties vismaz 2 min\u016btes. R\u016bp\u012bgi izskalojiet ar \u016bdeni. Izvairieties no saskares ar ac\u012bm. Ja produkts iek\u013c\u016bst ac\u012bs, nekav\u0113joties t\u0101s r\u016bp\u012bgi izskalojiet ar \u016bdeni.<br \/>\n<em>P\u0113c 28 dienu regul\u0101ras lieto&scaron;anas<\/em> &ndash; J.S. HAMILTON 2024<\/p>\n","protected":false},"excerpt":{"rendered":"<p>Matu stiprino&scaron;s &scaron;amp\u016bns visiem matu tipiem, pat kr\u0101sotiem, balin\u0101tiem, boj\u0101tiem un trausliem matiem. Boj\u0101tu matu strukt\u016brai nepiecie&scaron;ama \u012bpa&scaron;a kop&scaron;ana un akt\u012bv\u0101s vielas, kas stiprina, mitrina un m\u012bkstina matus, k\u0101 ar\u012b padara tos viegl\u0101k veidojamus. Matu biezuma palielin\u0101&scaron;an\u0101s ir kl\u012bniski pier\u0101d\u012bta. Dermatolo\u0123iski p\u0101rbaud\u012bts. Galven\u0101s akt\u012bv\u0101s sast\u0101vda\u013cas: FiberHance&trade; BM, Keravis&trade; PE, glicer\u012bns, Plantasil 4V, Pentavitin&reg;. Lieto&scaron;ana: &Scaron;is [&#8230;]\n","protected":false},"featured_media":0,"template":"","meta":[],"product_cat":[1911,1252],"product_tag":[],"class_list":{"0":"post-107997","1":"product","2":"type-product","3":"status-publish","5":"product_brand-heliad_hu","6":"product_cat-new-ru","7":"product_cat-1252","9":"first","10":"instock","11":"taxable","12":"shipping-taxable","13":"product-type-simple"},"_links":{"self":[{"href":"https:\/\/e.kosmolat.eu\/lv\/wp-json\/wp\/v2\/product\/107997","targetHints":{"allow":["GET"]}}],"collection":[{"href":"https:\/\/e.kosmolat.eu\/lv\/wp-json\/wp\/v2\/product"}],"about":[{"href":"https:\/\/e.kosmolat.eu\/lv\/wp-json\/wp\/v2\/types\/product"}],"wp:attachment":[{"href":"https:\/\/e.kosmolat.eu\/lv\/wp-json\/wp\/v2\/media?parent=107997"}],"wp:term":[{"taxonomy":"product_cat","embeddable":true,"href":"https:\/\/e.kosmolat.eu\/lv\/wp-json\/wp\/v2\/product_cat?post=107997"},{"taxonomy":"product_tag","embeddable":true,"href":"https:\/\/e.kosmolat.eu\/lv\/wp-json\/wp\/v2\/product_tag?post=107997"}],"curies":[{"name":"wp","href":"https:\/\/api.w.org\/{rel}","templated":true}]}}