{"id":107993,"date":"2026-05-05T12:20:58","date_gmt":"2026-05-05T12:20:58","guid":{"rendered":"https:\/\/e.kosmolat.eu\/product\/helia-d-plex-active-bond-matu-stiprin-lidzeklis-280-ml\/"},"modified":"2026-05-09T02:02:52","modified_gmt":"2026-05-09T02:02:52","slug":"helia-d-plex-active-bond-matu-stiprin-lidzeklis-280-ml","status":"publish","type":"product","link":"https:\/\/e.kosmolat.eu\/lv\/product\/helia-d-plex-active-bond-matu-stiprin-lidzeklis-280-ml\/","title":{"rendered":"Helia-D Plex Active Bond Matu stiprin.l\u012bdzeklis, 280 ml"},"content":{"rendered":"<p>Matu stiprino&scaron;s kop&scaron;anas l\u012bdzeklis visiem matu tipiem, pat kr\u0101sotiem, balin\u0101tiem, boj\u0101tiem un trausliem matiem, ieteicams lietot 1&ndash;2 reizes ned\u0113\u013c\u0101 k\u0101 papildu l\u012bdzekli j\u016bsu ikdienas matu kop&scaron;anas rut\u012bn\u0101. T\u0101 akt\u012bv\u0101s sast\u0101vda\u013cas baro un stiprina matus, paaugstinot mitruma l\u012bmeni un padarot tos viegl\u0101k veidojamus. Matu biezuma palielin\u0101&scaron;an\u0101s ir kl\u012bniski pier\u0101d\u012bta. Dermatolo\u0123iski p\u0101rbaud\u012bts.<br \/>\nGalven\u0101s akt\u012bv\u0101s sast\u0101vda\u013cas: FiberHance&trade; BM, Keravis&trade; PE.<\/p>\n<p><strong>Lieto&scaron;ana:<\/strong> &Scaron;is ir Helia-D Plex Active kop&scaron;anas sist\u0113mas 2. solis. Lab\u0101ko rezult\u0101tu sasnieg&scaron;anai ieteicams izmantot visu kop&scaron;anas kompleksu. Lietojiet 1&ndash;2 reizes ned\u0113\u013c\u0101. Uzkl\u0101jiet uz mitriem matiem, vienm\u0113r\u012bgi izl\u012bdzinot no sakn\u0113m l\u012bdz galiem. P\u0113c 5 min\u016bt\u0113m r\u016bp\u012bgi izskalojiet, p\u0113c tam mazg\u0101jiet matus ar &scaron;amp\u016bnu. Izvairieties no saskares ar ac\u012bm. Ja produkts iek\u013c\u016bst ac\u012bs, nekav\u0113joties t\u0101s r\u016bp\u012bgi izskalojiet ar \u016bdeni.<br \/>\n<em>P\u0113c 28 dienu regul\u0101ras lieto&scaron;anas<\/em> &ndash; J.S. HAMILTON 2024<\/p>\n","protected":false},"excerpt":{"rendered":"<p>Matu stiprino&scaron;s kop&scaron;anas l\u012bdzeklis visiem matu tipiem, pat kr\u0101sotiem, balin\u0101tiem, boj\u0101tiem un trausliem matiem, ieteicams lietot 1&ndash;2 reizes ned\u0113\u013c\u0101 k\u0101 papildu l\u012bdzekli j\u016bsu ikdienas matu kop&scaron;anas rut\u012bn\u0101. T\u0101 akt\u012bv\u0101s sast\u0101vda\u013cas baro un stiprina matus, paaugstinot mitruma l\u012bmeni un padarot tos viegl\u0101k veidojamus. Matu biezuma palielin\u0101&scaron;an\u0101s ir kl\u012bniski pier\u0101d\u012bta. Dermatolo\u0123iski p\u0101rbaud\u012bts. Galven\u0101s akt\u012bv\u0101s sast\u0101vda\u013cas: FiberHance&trade; BM, [&#8230;]\n","protected":false},"featured_media":0,"template":"","meta":[],"product_cat":[1911,1346],"product_tag":[],"class_list":{"0":"post-107993","1":"product","2":"type-product","3":"status-publish","5":"product_brand-heliad_hu","6":"product_cat-new-ru","7":"product_cat-1346","9":"first","10":"instock","11":"taxable","12":"shipping-taxable","13":"product-type-simple"},"_links":{"self":[{"href":"https:\/\/e.kosmolat.eu\/lv\/wp-json\/wp\/v2\/product\/107993","targetHints":{"allow":["GET"]}}],"collection":[{"href":"https:\/\/e.kosmolat.eu\/lv\/wp-json\/wp\/v2\/product"}],"about":[{"href":"https:\/\/e.kosmolat.eu\/lv\/wp-json\/wp\/v2\/types\/product"}],"wp:attachment":[{"href":"https:\/\/e.kosmolat.eu\/lv\/wp-json\/wp\/v2\/media?parent=107993"}],"wp:term":[{"taxonomy":"product_cat","embeddable":true,"href":"https:\/\/e.kosmolat.eu\/lv\/wp-json\/wp\/v2\/product_cat?post=107993"},{"taxonomy":"product_tag","embeddable":true,"href":"https:\/\/e.kosmolat.eu\/lv\/wp-json\/wp\/v2\/product_tag?post=107993"}],"curies":[{"name":"wp","href":"https:\/\/api.w.org\/{rel}","templated":true}]}}