{"id":107977,"date":"2026-05-05T10:10:40","date_gmt":"2026-05-05T10:10:40","guid":{"rendered":"https:\/\/e.kosmolat.eu\/product\/evoluderm-sejas-skrubis-ar-alveju-150-g\/"},"modified":"2026-05-05T10:10:50","modified_gmt":"2026-05-05T10:10:50","slug":"evoluderm-sejas-skrubis-ar-alveju-150-g","status":"publish","type":"product","link":"https:\/\/e.kosmolat.eu\/lv\/product\/evoluderm-sejas-skrubis-ar-alveju-150-g\/","title":{"rendered":"EVOLUDERM Sejas skrubis ar alveju, 150 g"},"content":{"rendered":"<p>Sast\u0101v no 96 % dabiskas izcelsmes sast\u0101vda\u013c\u0101m, maigi att\u012bra \u0101du. Kombin\u0101cij\u0101 ar atsvaidzino&scaron;o alveju, t\u0101 att\u012bro&scaron;\u0101s apriko\u017eu kauli\u0146u da\u013ci\u0146as dabisk\u0101 veid\u0101 no\u0146em atmiru&scaron;\u0101s &scaron;\u016bnas, izl\u012bdzinot, nomierinot un att\u012brot \u0101du. \u0100das tonis k\u013c\u016bst vienm\u0113r\u012bgs, un tiek atjaunots t\u0101s dabiskais mirdzums.<\/p>\n<p><strong>Lieto&scaron;anas instrukcija:<\/strong> Uzkl\u0101jiet uz mitras sejas un veiciet maigas ap\u013cveida kust\u012bbas, izvairoties no acu zonas. R\u016bp\u012bgi noskalojiet ar siltu \u016bdeni. Lietojiet vienu vai divas reizes ned\u0113\u013c\u0101.<\/p>\n","protected":false},"excerpt":{"rendered":"<p>Sast\u0101v no 96 % dabiskas izcelsmes sast\u0101vda\u013c\u0101m, maigi att\u012bra \u0101du. Kombin\u0101cij\u0101 ar atsvaidzino&scaron;o alveju, t\u0101 att\u012bro&scaron;\u0101s apriko\u017eu kauli\u0146u da\u013ci\u0146as dabisk\u0101 veid\u0101 no\u0146em atmiru&scaron;\u0101s &scaron;\u016bnas, izl\u012bdzinot, nomierinot un att\u012brot \u0101du. \u0100das tonis k\u013c\u016bst vienm\u0113r\u012bgs, un tiek atjaunots t\u0101s dabiskais mirdzums. Lieto&scaron;anas instrukcija: Uzkl\u0101jiet uz mitras sejas un veiciet maigas ap\u013cveida kust\u012bbas, izvairoties no acu zonas. R\u016bp\u012bgi [&#8230;]\n","protected":false},"featured_media":0,"template":"","meta":[],"product_cat":[1598],"product_tag":[],"class_list":{"0":"post-107977","1":"product","2":"type-product","3":"status-publish","5":"product_brand-evoluderm","6":"product_cat-1598","8":"first","9":"instock","10":"taxable","11":"shipping-taxable","12":"product-type-simple"},"_links":{"self":[{"href":"https:\/\/e.kosmolat.eu\/lv\/wp-json\/wp\/v2\/product\/107977","targetHints":{"allow":["GET"]}}],"collection":[{"href":"https:\/\/e.kosmolat.eu\/lv\/wp-json\/wp\/v2\/product"}],"about":[{"href":"https:\/\/e.kosmolat.eu\/lv\/wp-json\/wp\/v2\/types\/product"}],"wp:attachment":[{"href":"https:\/\/e.kosmolat.eu\/lv\/wp-json\/wp\/v2\/media?parent=107977"}],"wp:term":[{"taxonomy":"product_cat","embeddable":true,"href":"https:\/\/e.kosmolat.eu\/lv\/wp-json\/wp\/v2\/product_cat?post=107977"},{"taxonomy":"product_tag","embeddable":true,"href":"https:\/\/e.kosmolat.eu\/lv\/wp-json\/wp\/v2\/product_tag?post=107977"}],"curies":[{"name":"wp","href":"https:\/\/api.w.org\/{rel}","templated":true}]}}