{"id":107973,"date":"2026-05-05T09:45:56","date_gmt":"2026-05-05T09:45:56","guid":{"rendered":"https:\/\/e.kosmolat.eu\/product\/evoluderm-skidrais-keratins-saus-un-blav-matiem-250-ml\/"},"modified":"2026-05-09T01:15:54","modified_gmt":"2026-05-09T01:15:54","slug":"evoluderm-skidrais-keratins-saus-un-blav-matiem-250-ml","status":"publish","type":"product","link":"https:\/\/e.kosmolat.eu\/lv\/product\/evoluderm-skidrais-keratins-saus-un-blav-matiem-250-ml\/","title":{"rendered":"EVOLUDERM \u0160\u0137idrais kerat\u012bns saus.un bl\u0101v.matiem, 250 ml"},"content":{"rendered":"<p>Formula uz kerat\u012bna b\u0101zes atjauno sp\u012bdumu, elast\u012bbu un maigumu. T\u0101s viegl\u0101 tekst\u016bra baro matus, tos nenoslogojot, un atvieglo \u0137emm\u0113&scaron;anu. Mati tiek atdz\u012bvin\u0101ti, baroti un ieg\u016bst maigu arom\u0101tu.<\/p>\n<p><strong>Lieto&scaron;ana:<\/strong> izsmidziniet uz sausiem vai mitriem matiem vis\u0101 to garum\u0101 un galos.<\/p>\n<p><strong>Piesardz\u012bbas pas\u0101kumi:<\/strong> nelietojiet acu tuvum\u0101. Ja produkts nok\u013c\u016bst ac\u012bs, nekav\u0113joties izskalojiet t\u0101s ar lielu daudzumu t\u012bra \u016bdens.<\/p>\n<p><strong>Dermatolo\u0123iski test\u0113ts.<\/strong><\/p>\n","protected":false},"excerpt":{"rendered":"<p>Formula uz kerat\u012bna b\u0101zes atjauno sp\u012bdumu, elast\u012bbu un maigumu. T\u0101s viegl\u0101 tekst\u016bra baro matus, tos nenoslogojot, un atvieglo \u0137emm\u0113&scaron;anu. Mati tiek atdz\u012bvin\u0101ti, baroti un ieg\u016bst maigu arom\u0101tu. Lieto&scaron;ana: izsmidziniet uz sausiem vai mitriem matiem vis\u0101 to garum\u0101 un galos. Piesardz\u012bbas pas\u0101kumi: nelietojiet acu tuvum\u0101. Ja produkts nok\u013c\u016bst ac\u012bs, nekav\u0113joties izskalojiet t\u0101s ar lielu daudzumu t\u012bra [&#8230;]\n","protected":false},"featured_media":0,"template":"","meta":[],"product_cat":[1346],"product_tag":[],"class_list":{"0":"post-107973","1":"product","2":"type-product","3":"status-publish","5":"product_brand-evoluderm","6":"product_cat-1346","8":"first","9":"instock","10":"taxable","11":"shipping-taxable","12":"product-type-simple"},"_links":{"self":[{"href":"https:\/\/e.kosmolat.eu\/lv\/wp-json\/wp\/v2\/product\/107973","targetHints":{"allow":["GET"]}}],"collection":[{"href":"https:\/\/e.kosmolat.eu\/lv\/wp-json\/wp\/v2\/product"}],"about":[{"href":"https:\/\/e.kosmolat.eu\/lv\/wp-json\/wp\/v2\/types\/product"}],"wp:attachment":[{"href":"https:\/\/e.kosmolat.eu\/lv\/wp-json\/wp\/v2\/media?parent=107973"}],"wp:term":[{"taxonomy":"product_cat","embeddable":true,"href":"https:\/\/e.kosmolat.eu\/lv\/wp-json\/wp\/v2\/product_cat?post=107973"},{"taxonomy":"product_tag","embeddable":true,"href":"https:\/\/e.kosmolat.eu\/lv\/wp-json\/wp\/v2\/product_tag?post=107973"}],"curies":[{"name":"wp","href":"https:\/\/api.w.org\/{rel}","templated":true}]}}