{"id":107947,"date":"2026-04-30T04:26:04","date_gmt":"2026-04-30T04:26:04","guid":{"rendered":"https:\/\/e.kosmolat.eu\/product\/me-too-kids-dusas-putas-magic-unicorn-300-ml\/"},"modified":"2026-05-15T04:29:27","modified_gmt":"2026-05-15T04:29:27","slug":"me-too-kids-dusas-putas-magic-unicorn-300-ml","status":"publish","type":"product","link":"https:\/\/e.kosmolat.eu\/lv\/product\/me-too-kids-dusas-putas-magic-unicorn-300-ml\/","title":{"rendered":"ME TOO Kids Du\u0161as putas Magic Unicorn, 300 ml"},"content":{"rendered":"<p>Maigs, ta\u010du efekt\u012bvs att\u012bro&scaron;s l\u012bdzeklis, kas \u0101dai pie&scaron;\u0137ir svaiguma, t\u012br\u012bbas un pat\u012bkamu mitruma saj\u016btu. T\u0101 maig\u0101, kr\u0113mveida putas no\u0146em net\u012brumus, nesausinot \u0101du, un pal\u012bdz saglab\u0101t t\u0101s dabisko l\u012bdzsvaru. L\u012bdzeklis ir ide\u0101li piem\u0113rots ikdienas lieto&scaron;anai, sniedz atsvaidzino&scaron;u saj\u016btu un p\u0113c katras mazg\u0101&scaron;anas atst\u0101j vieglu, pat\u012bkamu arom\u0101tu.<\/p>\n<p><strong>Lieto&scaron;ana:<\/strong> Uzkl\u0101jiet nelielu daudzumu uz mitras \u0101das, maigi iemas\u0113jiet, l\u012bdz veidojas maigas putas, p\u0113c tam r\u016bp\u012bgi noskalojiet ar \u016bdeni.<\/p>\n","protected":false},"excerpt":{"rendered":"<p>Maigs, ta\u010du efekt\u012bvs att\u012bro&scaron;s l\u012bdzeklis, kas \u0101dai pie&scaron;\u0137ir svaiguma, t\u012br\u012bbas un pat\u012bkamu mitruma saj\u016btu. T\u0101 maig\u0101, kr\u0113mveida putas no\u0146em net\u012brumus, nesausinot \u0101du, un pal\u012bdz saglab\u0101t t\u0101s dabisko l\u012bdzsvaru. L\u012bdzeklis ir ide\u0101li piem\u0113rots ikdienas lieto&scaron;anai, sniedz atsvaidzino&scaron;u saj\u016btu un p\u0113c katras mazg\u0101&scaron;anas atst\u0101j vieglu, pat\u012bkamu arom\u0101tu. Lieto&scaron;ana: Uzkl\u0101jiet nelielu daudzumu uz mitras \u0101das, maigi iemas\u0113jiet, l\u012bdz [&#8230;]\n","protected":false},"featured_media":109107,"template":"","meta":[],"product_cat":[1797],"product_tag":[],"class_list":{"0":"post-107947","1":"product","2":"type-product","3":"status-publish","4":"has-post-thumbnail","6":"product_brand-vento_cz","7":"product_cat-dusas-zelejas-ziepes-putas","9":"first","10":"instock","11":"taxable","12":"shipping-taxable","13":"product-type-simple"},"_links":{"self":[{"href":"https:\/\/e.kosmolat.eu\/lv\/wp-json\/wp\/v2\/product\/107947","targetHints":{"allow":["GET"]}}],"collection":[{"href":"https:\/\/e.kosmolat.eu\/lv\/wp-json\/wp\/v2\/product"}],"about":[{"href":"https:\/\/e.kosmolat.eu\/lv\/wp-json\/wp\/v2\/types\/product"}],"wp:featuredmedia":[{"embeddable":true,"href":"https:\/\/e.kosmolat.eu\/lv\/wp-json\/wp\/v2\/media\/109107"}],"wp:attachment":[{"href":"https:\/\/e.kosmolat.eu\/lv\/wp-json\/wp\/v2\/media?parent=107947"}],"wp:term":[{"taxonomy":"product_cat","embeddable":true,"href":"https:\/\/e.kosmolat.eu\/lv\/wp-json\/wp\/v2\/product_cat?post=107947"},{"taxonomy":"product_tag","embeddable":true,"href":"https:\/\/e.kosmolat.eu\/lv\/wp-json\/wp\/v2\/product_tag?post=107947"}],"curies":[{"name":"wp","href":"https:\/\/api.w.org\/{rel}","templated":true}]}}