{"id":107931,"date":"2026-04-29T14:05:51","date_gmt":"2026-04-29T14:05:51","guid":{"rendered":"https:\/\/e.kosmolat.eu\/product\/dr-house-jasmine-zelejveida-gaisa-atsvaidzinatajs-150-g\/"},"modified":"2026-05-07T20:01:26","modified_gmt":"2026-05-07T20:01:26","slug":"dr-house-jasmine-zelejveida-gaisa-atsvaidzinatajs-150-g","status":"publish","type":"product","link":"https:\/\/e.kosmolat.eu\/lv\/product\/dr-house-jasmine-zelejveida-gaisa-atsvaidzinatajs-150-g\/","title":{"rendered":"Dr. House Jasmine \u017eelejveida gaisa atsvaidzin\u0101t\u0101js, 150 g"},"content":{"rendered":"<p>Atsvaidzino&scaron;s arom\u0101ts, kas jebkuru telpu p\u0101rv\u0113r&scaron; par t\u012bru un m\u0101j\u012bgu vidi. T\u0101 s\u0101kuma notis ir vieglas un gais\u012bgas ziedu smar\u017eas, kuras maigi l\u012bdzsvaro maigs saldums, un nosl\u0113gum\u0101 izpau\u017eas siltums un mierin\u0101jums. Izstr\u0101d\u0101ts, lai neitraliz\u0113tu nev\u0113lamas smakas, vienlaikus atst\u0101jot smalku un ilgsto&scaron;u arom\u0101tu, tas ir ide\u0101ls risin\u0101jums, lai ik dienu rad\u012btu pat\u012bkamu un viesm\u012bl\u012bgu vidi.<\/p>\n<p><strong>EUH208<\/strong> Satur: linalools, heksilcinnam\u0101ls, 2-(4-terc-butilbenzil)propionaldeh\u012bds. Var izrais\u012bt aler\u0123isku reakciju.&nbsp;&nbsp;&nbsp;&nbsp;&nbsp;<\/p>\n<p>Dro&scaron;\u012bbas pras\u012bbu apz\u012bm\u0113jumi:<\/p>\n<p>P101 Medic\u012bniska padoma nepiecie&scaron;am\u012bbas gad\u012bjum\u0101 attiec\u012bg\u0101 inform\u0101cija ir nor\u0101d\u012bta uz iepakojuma vai eti\u0137etes.&nbsp;&nbsp;<\/p>\n<p>P102 Sarg\u0101t no b\u0113rniem.&nbsp;&nbsp;&nbsp;&nbsp;&nbsp;&nbsp;&nbsp;<\/p>\n<p>P103 Pirms izmanto&scaron;anas izlas\u012bt eti\u0137eti.<\/p>\n","protected":false},"excerpt":{"rendered":"<p>Atsvaidzino&scaron;s arom\u0101ts, kas jebkuru telpu p\u0101rv\u0113r&scaron; par t\u012bru un m\u0101j\u012bgu vidi. T\u0101 s\u0101kuma notis ir vieglas un gais\u012bgas ziedu smar\u017eas, kuras maigi l\u012bdzsvaro maigs saldums, un nosl\u0113gum\u0101 izpau\u017eas siltums un mierin\u0101jums. Izstr\u0101d\u0101ts, lai neitraliz\u0113tu nev\u0113lamas smakas, vienlaikus atst\u0101jot smalku un ilgsto&scaron;u arom\u0101tu, tas ir ide\u0101ls risin\u0101jums, lai ik dienu rad\u012btu pat\u012bkamu un viesm\u012bl\u012bgu vidi. EUH208 [&#8230;]\n","protected":false},"featured_media":0,"template":"","meta":[],"product_cat":[1522],"product_tag":[],"class_list":{"0":"post-107931","1":"product","2":"type-product","3":"status-publish","5":"product_brand-vento_cz","6":"product_cat-gaisa-atsvaidzinataji-majas-aromati","8":"first","9":"instock","10":"taxable","11":"shipping-taxable","12":"product-type-simple"},"_links":{"self":[{"href":"https:\/\/e.kosmolat.eu\/lv\/wp-json\/wp\/v2\/product\/107931","targetHints":{"allow":["GET"]}}],"collection":[{"href":"https:\/\/e.kosmolat.eu\/lv\/wp-json\/wp\/v2\/product"}],"about":[{"href":"https:\/\/e.kosmolat.eu\/lv\/wp-json\/wp\/v2\/types\/product"}],"wp:attachment":[{"href":"https:\/\/e.kosmolat.eu\/lv\/wp-json\/wp\/v2\/media?parent=107931"}],"wp:term":[{"taxonomy":"product_cat","embeddable":true,"href":"https:\/\/e.kosmolat.eu\/lv\/wp-json\/wp\/v2\/product_cat?post=107931"},{"taxonomy":"product_tag","embeddable":true,"href":"https:\/\/e.kosmolat.eu\/lv\/wp-json\/wp\/v2\/product_tag?post=107931"}],"curies":[{"name":"wp","href":"https:\/\/api.w.org\/{rel}","templated":true}]}}