{"id":107909,"date":"2026-04-29T07:15:46","date_gmt":"2026-04-29T07:15:46","guid":{"rendered":"https:\/\/e.kosmolat.eu\/product\/vexes-w331-edp-parfimerijas-udens-sievietem-t-is-her-20-ml\/"},"modified":"2026-05-15T09:32:57","modified_gmt":"2026-05-15T09:32:57","slug":"vexes-w331-edp-parfimerijas-udens-sievietem-t-is-her-20-ml","status":"publish","type":"product","link":"https:\/\/e.kosmolat.eu\/lv\/product\/vexes-w331-edp-parfimerijas-udens-sievietem-t-is-her-20-ml\/","title":{"rendered":"VEXES W331 EDP Parfim\u0113rijas \u016bdens sieviet\u0113m T.IS HER, 20 ml"},"content":{"rendered":"<p><strong>Arom\u0101ts:&nbsp;<\/strong>Orient\u0101l\u0101 vani\u013ca.<\/p>\n<p><strong>Piesardz\u012bbas pas\u0101kumi:&nbsp;<\/strong>Tikai \u0101r\u012bgai lieto&scaron;anai. Nesmidzin\u0101t ac\u012bs un uz kairin\u0101tas \u0101das. Saskares gad\u012bjum\u0101 r\u016bp\u012bgi izskalot ar lielu daudzumu \u016bdens.<\/p>\n<p><strong><img loading=\"lazy\" decoding=\"async\" height=\"63\" src=\"file:\/\/\/C:\/Users\/masha\/AppData\/Local\/Temp\/23\/msohtmlclip1\/01\/clip_image002.jpg\" width=\"63\" \/><\/strong><strong>&nbsp;GHS02 Br\u012bdin\u0101jums<\/strong><\/p>\n<p><strong>H223<\/strong>&nbsp;Uzliesmojo&scaron;s aerosols.<\/p>\n<p>P102 Sarg\u0101t no b\u0113rniem.<\/p>\n<p>P210 Sarg\u0101t no karstuma, karst\u0101m virsm\u0101m, dzirkstel\u0113m, atkl\u0101tas uguns un citiem aizdeg&scaron;an\u0101s avotiem. Nesm\u0113\u0137\u0113t.<\/p>\n<p>P211 Neizsmidzin\u0101t uz atkl\u0101tas uguns vai citiem aizdeg&scaron;an\u0101s avotiem.<\/p>\n<p>P410+P412 Aizsarg\u0101t no saules gaismas. Nepak\u013caut temperat\u016brai, kas p\u0101rsniedz 50 o C\/122 o F.<\/p>\n","protected":false},"excerpt":{"rendered":"<p>Arom\u0101ts:&nbsp;Orient\u0101l\u0101 vani\u013ca. Piesardz\u012bbas pas\u0101kumi:&nbsp;Tikai \u0101r\u012bgai lieto&scaron;anai. Nesmidzin\u0101t ac\u012bs un uz kairin\u0101tas \u0101das. Saskares gad\u012bjum\u0101 r\u016bp\u012bgi izskalot ar lielu daudzumu \u016bdens. &nbsp;GHS02 Br\u012bdin\u0101jums H223&nbsp;Uzliesmojo&scaron;s aerosols. P102 Sarg\u0101t no b\u0113rniem. P210 Sarg\u0101t no karstuma, karst\u0101m virsm\u0101m, dzirkstel\u0113m, atkl\u0101tas uguns un citiem aizdeg&scaron;an\u0101s avotiem. Nesm\u0113\u0137\u0113t. P211 Neizsmidzin\u0101t uz atkl\u0101tas uguns vai citiem aizdeg&scaron;an\u0101s avotiem. P410+P412 Aizsarg\u0101t no saules [&#8230;]\n","protected":false},"featured_media":109143,"template":"","meta":[],"product_cat":[1447],"product_tag":[],"class_list":{"0":"post-107909","1":"product","2":"type-product","3":"status-publish","4":"has-post-thumbnail","6":"product_brand-vexes_fon_tr","7":"product_cat-kvepalai-ir-tualetinis-vanduo-moterims","9":"first","10":"instock","11":"taxable","12":"shipping-taxable","13":"product-type-simple"},"_links":{"self":[{"href":"https:\/\/e.kosmolat.eu\/lv\/wp-json\/wp\/v2\/product\/107909","targetHints":{"allow":["GET"]}}],"collection":[{"href":"https:\/\/e.kosmolat.eu\/lv\/wp-json\/wp\/v2\/product"}],"about":[{"href":"https:\/\/e.kosmolat.eu\/lv\/wp-json\/wp\/v2\/types\/product"}],"wp:featuredmedia":[{"embeddable":true,"href":"https:\/\/e.kosmolat.eu\/lv\/wp-json\/wp\/v2\/media\/109143"}],"wp:attachment":[{"href":"https:\/\/e.kosmolat.eu\/lv\/wp-json\/wp\/v2\/media?parent=107909"}],"wp:term":[{"taxonomy":"product_cat","embeddable":true,"href":"https:\/\/e.kosmolat.eu\/lv\/wp-json\/wp\/v2\/product_cat?post=107909"},{"taxonomy":"product_tag","embeddable":true,"href":"https:\/\/e.kosmolat.eu\/lv\/wp-json\/wp\/v2\/product_tag?post=107909"}],"curies":[{"name":"wp","href":"https:\/\/api.w.org\/{rel}","templated":true}]}}