{"id":107893,"date":"2026-04-29T04:35:54","date_gmt":"2026-04-29T04:35:54","guid":{"rendered":"https:\/\/e.kosmolat.eu\/product\/lv-skropstu-tusa-xxl-superapj-maksl-skropstu-efekts-9-g-2\/"},"modified":"2026-04-29T04:36:04","modified_gmt":"2026-04-29T04:36:04","slug":"lv-skropstu-tusa-xxl-superapj-maksl-skropstu-efekts-9-g-2","status":"publish","type":"product","link":"https:\/\/e.kosmolat.eu\/lv\/product\/lv-skropstu-tusa-xxl-superapj-maksl-skropstu-efekts-9-g-2\/","title":{"rendered":"LV Skropstu tu\u0161a XXL, Superapj.-M\u0101ksl. skropstu efekts, 9 g"},"content":{"rendered":"<p>Padariet savas skropstas izteiksm\u012bg\u0101kas ar tu\u0161u, kas nodro\u0161ina ide\u0101lu apjoma, izteiksm\u012bguma un kop\u0161anas l\u012bdzsvaru. \u0160\u012b modern\u0101, uz \u016bdens b\u0101zes veidota formula katru skropstu ap\u0146em ar vieglu, elast\u012bgu pl\u0113v\u012bti, radot intensit\u0101ti, ko var pak\u0101peniski palielin\u0101t, neizveidojot sabiez\u0113jumus vai skaidi\u0146as. Vienlaikus kopjo\u0161\u0101s sast\u0101vda\u013cas, piem\u0113ram, argana e\u013c\u013ca, r\u012bcine\u013c\u013ca un pantenols, pal\u012bdz barot un stiprin\u0101t skropstas, padarot t\u0101s m\u012bkstas un vesel\u012bgas \u2014 ne trauslas.<\/p>\n<p>Gluda, kr\u0113mveida tekst\u016bra viegli uzkl\u0101jas, atdalot un p\u0101rkl\u0101jot katru skropstu, radot piln\u012bgu, izpl\u016bdu\u0161u efektu ar dabisku fini\u0161u. Bag\u0101tin\u0101ta ar mitrino\u0161\u0101m viel\u0101m, t\u0101 nodro\u0161ina skropst\u0101m komfortu un maigu saj\u016btu uz tausti visu dienu.<\/p>\n","protected":false},"excerpt":{"rendered":"<p>Padariet savas skropstas izteiksm\u012bg\u0101kas ar tu\u0161u, kas nodro\u0161ina ide\u0101lu apjoma, izteiksm\u012bguma un kop\u0161anas l\u012bdzsvaru. \u0160\u012b modern\u0101, uz \u016bdens b\u0101zes veidota formula katru skropstu ap\u0146em ar vieglu, elast\u012bgu pl\u0113v\u012bti, radot intensit\u0101ti, ko var pak\u0101peniski palielin\u0101t, neizveidojot sabiez\u0113jumus vai skaidi\u0146as. Vienlaikus kopjo\u0161\u0101s sast\u0101vda\u013cas, piem\u0113ram, argana e\u013c\u013ca, r\u012bcine\u013c\u013ca un pantenols, pal\u012bdz barot un stiprin\u0101t skropstas, padarot t\u0101s m\u012bkstas [&#8230;]\n","protected":false},"featured_media":0,"template":"","meta":[],"product_cat":[1380],"product_tag":[],"class_list":{"0":"post-107893","1":"product","2":"type-product","3":"status-publish","5":"product_brand-private-label","6":"product_cat-tusas","8":"first","9":"instock","10":"sale","11":"taxable","12":"shipping-taxable","13":"product-type-simple"},"_links":{"self":[{"href":"https:\/\/e.kosmolat.eu\/lv\/wp-json\/wp\/v2\/product\/107893","targetHints":{"allow":["GET"]}}],"collection":[{"href":"https:\/\/e.kosmolat.eu\/lv\/wp-json\/wp\/v2\/product"}],"about":[{"href":"https:\/\/e.kosmolat.eu\/lv\/wp-json\/wp\/v2\/types\/product"}],"wp:attachment":[{"href":"https:\/\/e.kosmolat.eu\/lv\/wp-json\/wp\/v2\/media?parent=107893"}],"wp:term":[{"taxonomy":"product_cat","embeddable":true,"href":"https:\/\/e.kosmolat.eu\/lv\/wp-json\/wp\/v2\/product_cat?post=107893"},{"taxonomy":"product_tag","embeddable":true,"href":"https:\/\/e.kosmolat.eu\/lv\/wp-json\/wp\/v2\/product_tag?post=107893"}],"curies":[{"name":"wp","href":"https:\/\/api.w.org\/{rel}","templated":true}]}}