{"id":107881,"date":"2026-04-28T12:50:34","date_gmt":"2026-04-28T12:50:34","guid":{"rendered":"https:\/\/e.kosmolat.eu\/product\/dermomed-my-moment-smarzu-kompozicija-velai-250-ml\/"},"modified":"2026-04-28T12:55:43","modified_gmt":"2026-04-28T12:55:43","slug":"dermomed-my-moment-smarzu-kompozicija-velai-250-ml","status":"publish","type":"product","link":"https:\/\/e.kosmolat.eu\/lv\/product\/dermomed-my-moment-smarzu-kompozicija-velai-250-ml\/","title":{"rendered":"DERMOMED My Moment Smar\u017eu kompoz\u012bcija ve\u013cai, 250 ml"},"content":{"rendered":"","protected":false},"excerpt":{"rendered":"","protected":false},"featured_media":0,"template":"","meta":[],"product_cat":[1712],"product_tag":[],"class_list":{"0":"post-107881","1":"product","2":"type-product","3":"status-publish","5":"product_brand-italchimica-it","6":"product_cat-audiniu-minkstikliai","8":"first","9":"instock","10":"taxable","11":"shipping-taxable","12":"product-type-simple"},"_links":{"self":[{"href":"https:\/\/e.kosmolat.eu\/lv\/wp-json\/wp\/v2\/product\/107881","targetHints":{"allow":["GET"]}}],"collection":[{"href":"https:\/\/e.kosmolat.eu\/lv\/wp-json\/wp\/v2\/product"}],"about":[{"href":"https:\/\/e.kosmolat.eu\/lv\/wp-json\/wp\/v2\/types\/product"}],"wp:attachment":[{"href":"https:\/\/e.kosmolat.eu\/lv\/wp-json\/wp\/v2\/media?parent=107881"}],"wp:term":[{"taxonomy":"product_cat","embeddable":true,"href":"https:\/\/e.kosmolat.eu\/lv\/wp-json\/wp\/v2\/product_cat?post=107881"},{"taxonomy":"product_tag","embeddable":true,"href":"https:\/\/e.kosmolat.eu\/lv\/wp-json\/wp\/v2\/product_tag?post=107881"}],"curies":[{"name":"wp","href":"https:\/\/api.w.org\/{rel}","templated":true}]}}