{"id":107877,"date":"2026-04-28T12:05:38","date_gmt":"2026-04-28T12:05:38","guid":{"rendered":"https:\/\/e.kosmolat.eu\/product\/dermomed-3-in-1-men-dusas-zeleja-250-ml\/"},"modified":"2026-04-28T12:25:44","modified_gmt":"2026-04-28T12:25:44","slug":"dermomed-3-in-1-men-dusas-zeleja-250-ml","status":"publish","type":"product","link":"https:\/\/e.kosmolat.eu\/lv\/product\/dermomed-3-in-1-men-dusas-zeleja-250-ml\/","title":{"rendered":"DERMOMED 3 in 1 Men du\u0161as \u017eeleja, 250 ml"},"content":{"rendered":"<p>Dermomed du\u0161as \u017eeleja ir ide\u0101li piem\u0113rota ikdienas lieto\u0161anai un satur att\u012bro\u0161as vielas, kas r\u016bp\u0113jas par \u0101du. T\u0101 nodro\u0161ina unik\u0101lu att\u012br\u012b\u0161anas pieredzi, jo ir piem\u0113rota \u0137ermenim, sejai un matiem.<br \/>\nLieto\u0161ana: Uzkl\u0101jiet nelielu daudzumu uz mitras \u0101das. R\u016bp\u012bgi noskalojiet. Izvairieties no saskares ar ac\u012bm. Tikai \u0101r\u0113jai lieto\u0161anai.<\/p>\n","protected":false},"excerpt":{"rendered":"<p>Dermomed du\u0161as \u017eeleja ir ide\u0101li piem\u0113rota ikdienas lieto\u0161anai un satur att\u012bro\u0161as vielas, kas r\u016bp\u0113jas par \u0101du. T\u0101 nodro\u0161ina unik\u0101lu att\u012br\u012b\u0161anas pieredzi, jo ir piem\u0113rota \u0137ermenim, sejai un matiem. Lieto\u0161ana: Uzkl\u0101jiet nelielu daudzumu uz mitras \u0101das. R\u016bp\u012bgi noskalojiet. Izvairieties no saskares ar ac\u012bm. Tikai \u0101r\u0113jai lieto\u0161anai.<\/p>\n","protected":false},"featured_media":0,"template":"","meta":[],"product_cat":[1686],"product_tag":[],"class_list":{"0":"post-107877","1":"product","2":"type-product","3":"status-publish","5":"product_brand-italchimica-it","6":"product_cat-matu-kopsanai","8":"first","9":"instock","10":"taxable","11":"shipping-taxable","12":"product-type-simple"},"_links":{"self":[{"href":"https:\/\/e.kosmolat.eu\/lv\/wp-json\/wp\/v2\/product\/107877","targetHints":{"allow":["GET"]}}],"collection":[{"href":"https:\/\/e.kosmolat.eu\/lv\/wp-json\/wp\/v2\/product"}],"about":[{"href":"https:\/\/e.kosmolat.eu\/lv\/wp-json\/wp\/v2\/types\/product"}],"wp:attachment":[{"href":"https:\/\/e.kosmolat.eu\/lv\/wp-json\/wp\/v2\/media?parent=107877"}],"wp:term":[{"taxonomy":"product_cat","embeddable":true,"href":"https:\/\/e.kosmolat.eu\/lv\/wp-json\/wp\/v2\/product_cat?post=107877"},{"taxonomy":"product_tag","embeddable":true,"href":"https:\/\/e.kosmolat.eu\/lv\/wp-json\/wp\/v2\/product_tag?post=107877"}],"curies":[{"name":"wp","href":"https:\/\/api.w.org\/{rel}","templated":true}]}}