{"id":107868,"date":"2026-04-28T09:00:50","date_gmt":"2026-04-28T09:00:50","guid":{"rendered":"https:\/\/e.kosmolat.eu\/product\/revers-oh-my-brow-dark-brown-uzacu-gels-konsilers-7-ml\/"},"modified":"2026-04-28T09:01:01","modified_gmt":"2026-04-28T09:01:01","slug":"revers-oh-my-brow-dark-brown-uzacu-gels-konsilers-7-ml","status":"publish","type":"product","link":"https:\/\/e.kosmolat.eu\/lv\/product\/revers-oh-my-brow-dark-brown-uzacu-gels-konsilers-7-ml\/","title":{"rendered":"Revers Oh! My Brow Dark Brown Uzacu g\u0113ls-konsilers, 7 ml"},"content":{"rendered":"<p>G\u0113ls-konsilers uzac\u012bm, kas apvieno kop\u0161anu un veido\u0161anu. Uzlabot\u0101 formula nostiprina, baro un padara mati\u0146us bl\u012bv\u0101kus, aizpilda tuk\u0161umus, pie\u0161\u0137ir uzac\u012bm tum\u0161\u0101ku toni un vizu\u0101li padara t\u0101s biez\u0101kas, radot vienm\u0113r\u012bgu, bl\u012bvu un izteiksm\u012bgu izskatu. G\u0113la tekst\u016bra \u0101tri no\u017e\u016bst, nel\u012bp un nodro\u0161ina ilgsto\u0161u fiks\u0101ciju visai dienai.<\/p>\n","protected":false},"excerpt":{"rendered":"<p>G\u0113ls-konsilers uzac\u012bm, kas apvieno kop\u0161anu un veido\u0161anu. Uzlabot\u0101 formula nostiprina, baro un padara mati\u0146us bl\u012bv\u0101kus, aizpilda tuk\u0161umus, pie\u0161\u0137ir uzac\u012bm tum\u0161\u0101ku toni un vizu\u0101li padara t\u0101s biez\u0101kas, radot vienm\u0113r\u012bgu, bl\u012bvu un izteiksm\u012bgu izskatu. G\u0113la tekst\u016bra \u0101tri no\u017e\u016bst, nel\u012bp un nodro\u0161ina ilgsto\u0161u fiks\u0101ciju visai dienai.<\/p>\n","protected":false},"featured_media":0,"template":"","meta":[],"product_cat":[1506],"product_tag":[],"class_list":{"0":"post-107868","1":"product","2":"type-product","3":"status-publish","5":"product_brand-revers-cosmetics_pl","6":"product_cat-uzacim","8":"first","9":"instock","10":"taxable","11":"shipping-taxable","12":"product-type-simple"},"_links":{"self":[{"href":"https:\/\/e.kosmolat.eu\/lv\/wp-json\/wp\/v2\/product\/107868","targetHints":{"allow":["GET"]}}],"collection":[{"href":"https:\/\/e.kosmolat.eu\/lv\/wp-json\/wp\/v2\/product"}],"about":[{"href":"https:\/\/e.kosmolat.eu\/lv\/wp-json\/wp\/v2\/types\/product"}],"wp:attachment":[{"href":"https:\/\/e.kosmolat.eu\/lv\/wp-json\/wp\/v2\/media?parent=107868"}],"wp:term":[{"taxonomy":"product_cat","embeddable":true,"href":"https:\/\/e.kosmolat.eu\/lv\/wp-json\/wp\/v2\/product_cat?post=107868"},{"taxonomy":"product_tag","embeddable":true,"href":"https:\/\/e.kosmolat.eu\/lv\/wp-json\/wp\/v2\/product_tag?post=107868"}],"curies":[{"name":"wp","href":"https:\/\/api.w.org\/{rel}","templated":true}]}}