{"id":107860,"date":"2026-04-28T06:00:34","date_gmt":"2026-04-28T06:00:34","guid":{"rendered":"https:\/\/e.kosmolat.eu\/product\/helia-d-skin-selection-atri-mitrinoss-roku-krems-100-ml\/"},"modified":"2026-04-28T06:41:06","modified_gmt":"2026-04-28T06:41:06","slug":"helia-d-skin-selection-atri-mitrinoss-roku-krems-100-ml","status":"publish","type":"product","link":"https:\/\/e.kosmolat.eu\/lv\/product\/helia-d-skin-selection-atri-mitrinoss-roku-krems-100-ml\/","title":{"rendered":"Helia-D Skin Selection \u0101tri mitrino\u0161s roku kr\u0113ms, 100 ml"},"content":{"rendered":"<p>\u0100tri absorbejo\u0161s roku kr\u0113ms ikdienas lieto\u0161anai norm\u0101lai \u0101dai. Tas nodro\u0161ina \u0101das elast\u012bbu un mitrin\u0101\u0161anu, pateicoties augstam glicer\u012bna saturam, hialuronsk\u0101bei, gur\u0137enes s\u0113klu e\u013c\u013cai un ur\u012bnvielai. Veg\u0101ns sast\u0101vs.<br \/>\nLieto\u0161ana: uzkl\u0101jiet uz rok\u0101m p\u0113c nepiecie\u0161am\u012bbas un iemas\u0113jiet.<\/p>\n","protected":false},"excerpt":{"rendered":"<p>\u0100tri absorbejo\u0161s roku kr\u0113ms ikdienas lieto\u0161anai norm\u0101lai \u0101dai. Tas nodro\u0161ina \u0101das elast\u012bbu un mitrin\u0101\u0161anu, pateicoties augstam glicer\u012bna saturam, hialuronsk\u0101bei, gur\u0137enes s\u0113klu e\u013c\u013cai un ur\u012bnvielai. Veg\u0101ns sast\u0101vs. Lieto\u0161ana: uzkl\u0101jiet uz rok\u0101m p\u0113c nepiecie\u0161am\u012bbas un iemas\u0113jiet.<\/p>\n","protected":false},"featured_media":0,"template":"","meta":[],"product_cat":[1249,1302],"product_tag":[],"class_list":{"0":"post-107860","1":"product","2":"type-product","3":"status-publish","5":"product_brand-heliad_hu","6":"product_cat-new","7":"product_cat-roku-kopsanas-kosmetika","9":"first","10":"instock","11":"taxable","12":"shipping-taxable","13":"product-type-simple"},"_links":{"self":[{"href":"https:\/\/e.kosmolat.eu\/lv\/wp-json\/wp\/v2\/product\/107860","targetHints":{"allow":["GET"]}}],"collection":[{"href":"https:\/\/e.kosmolat.eu\/lv\/wp-json\/wp\/v2\/product"}],"about":[{"href":"https:\/\/e.kosmolat.eu\/lv\/wp-json\/wp\/v2\/types\/product"}],"wp:attachment":[{"href":"https:\/\/e.kosmolat.eu\/lv\/wp-json\/wp\/v2\/media?parent=107860"}],"wp:term":[{"taxonomy":"product_cat","embeddable":true,"href":"https:\/\/e.kosmolat.eu\/lv\/wp-json\/wp\/v2\/product_cat?post=107860"},{"taxonomy":"product_tag","embeddable":true,"href":"https:\/\/e.kosmolat.eu\/lv\/wp-json\/wp\/v2\/product_tag?post=107860"}],"curies":[{"name":"wp","href":"https:\/\/api.w.org\/{rel}","templated":true}]}}