{"id":107856,"date":"2026-04-28T05:05:54","date_gmt":"2026-04-28T05:05:54","guid":{"rendered":"https:\/\/e.kosmolat.eu\/product\/tom-ford-v-627-oud-wood\/"},"modified":"2026-04-28T05:30:58","modified_gmt":"2026-04-28T05:30:58","slug":"vexes-u617-edp-parfimerijas-udens-unisex-oud-wood-20-ml","status":"publish","type":"product","link":"https:\/\/e.kosmolat.eu\/lv\/product\/vexes-u617-edp-parfimerijas-udens-unisex-oud-wood-20-ml\/","title":{"rendered":"VEXES U617 EDP Parfim\u0113rijas \u016bdens Unisex OUD WOOD, 20 ml"},"content":{"rendered":"<p><strong>Arom\u0101ts:&nbsp;<\/strong>Arom\u0101tiskie augi.<\/p>\n<p><strong>Piesardz\u012bbas pas\u0101kumi:&nbsp;<\/strong>Tikai \u0101r\u012bgai lieto&scaron;anai. Nesmidzin\u0101t ac\u012bs un uz kairin\u0101tas \u0101das. Saskares gad\u012bjum\u0101 r\u016bp\u012bgi izskalot ar lielu daudzumu \u016bdens.<\/p>\n<p><strong><img loading=\"lazy\" decoding=\"async\" height=\"63\" src=\"file:\/\/\/C:\/Users\/masha\/AppData\/Local\/Temp\/19\/msohtmlclip1\/01\/clip_image002.jpg\" width=\"63\" \/><\/strong><strong>&nbsp;GHS02 Br\u012bdin\u0101jums<\/strong><\/p>\n<p><strong>H223<\/strong>&nbsp;Uzliesmojo&scaron;s aerosols.<\/p>\n<p>P102 Sarg\u0101t no b\u0113rniem.<\/p>\n<p>P210 Sarg\u0101t no karstuma, karst\u0101m virsm\u0101m, dzirkstel\u0113m, atkl\u0101tas uguns un citiem aizdeg&scaron;an\u0101s avotiem. Nesm\u0113\u0137\u0113t.<\/p>\n<p>P211 Neizsmidzin\u0101t uz atkl\u0101tas uguns vai citiem aizdeg&scaron;an\u0101s avotiem.<\/p>\n<p>P410+P412 Aizsarg\u0101t no saules gaismas. Nepak\u013caut temperat\u016brai, kas p\u0101rsniedz 50 o C\/122 o F.<\/p>\n","protected":false},"excerpt":{"rendered":"<p>Arom\u0101ts:&nbsp;Arom\u0101tiskie augi. Piesardz\u012bbas pas\u0101kumi:&nbsp;Tikai \u0101r\u012bgai lieto&scaron;anai. Nesmidzin\u0101t ac\u012bs un uz kairin\u0101tas \u0101das. Saskares gad\u012bjum\u0101 r\u016bp\u012bgi izskalot ar lielu daudzumu \u016bdens. &nbsp;GHS02 Br\u012bdin\u0101jums H223&nbsp;Uzliesmojo&scaron;s aerosols. P102 Sarg\u0101t no b\u0113rniem. P210 Sarg\u0101t no karstuma, karst\u0101m virsm\u0101m, dzirkstel\u0113m, atkl\u0101tas uguns un citiem aizdeg&scaron;an\u0101s avotiem. Nesm\u0113\u0137\u0113t. P211 Neizsmidzin\u0101t uz atkl\u0101tas uguns vai citiem aizdeg&scaron;an\u0101s avotiem. P410+P412 Aizsarg\u0101t no saules [&#8230;]\n","protected":false},"featured_media":0,"template":"","meta":[],"product_cat":[1436],"product_tag":[],"class_list":{"0":"post-107856","1":"product","2":"type-product","3":"status-publish","5":"product_brand-vexes_fon_tr","6":"product_cat-viriesu-smarzas-un-tualetes-udeni","8":"first","9":"instock","10":"taxable","11":"shipping-taxable","12":"product-type-simple"},"_links":{"self":[{"href":"https:\/\/e.kosmolat.eu\/lv\/wp-json\/wp\/v2\/product\/107856","targetHints":{"allow":["GET"]}}],"collection":[{"href":"https:\/\/e.kosmolat.eu\/lv\/wp-json\/wp\/v2\/product"}],"about":[{"href":"https:\/\/e.kosmolat.eu\/lv\/wp-json\/wp\/v2\/types\/product"}],"wp:attachment":[{"href":"https:\/\/e.kosmolat.eu\/lv\/wp-json\/wp\/v2\/media?parent=107856"}],"wp:term":[{"taxonomy":"product_cat","embeddable":true,"href":"https:\/\/e.kosmolat.eu\/lv\/wp-json\/wp\/v2\/product_cat?post=107856"},{"taxonomy":"product_tag","embeddable":true,"href":"https:\/\/e.kosmolat.eu\/lv\/wp-json\/wp\/v2\/product_tag?post=107856"}],"curies":[{"name":"wp","href":"https:\/\/api.w.org\/{rel}","templated":true}]}}