{"id":107816,"date":"2026-04-23T05:49:18","date_gmt":"2026-04-23T05:49:18","guid":{"rendered":"https:\/\/e.kosmolat.eu\/product\/c-organic-mimi-roku-sviestkrems-dzila-atjaunos-50-ml\/"},"modified":"2026-04-23T05:49:31","modified_gmt":"2026-04-23T05:49:31","slug":"c-organic-mimi-roku-sviestkrems-dzila-atjaunos-50-ml","status":"publish","type":"product","link":"https:\/\/e.kosmolat.eu\/lv\/product\/c-organic-mimi-roku-sviestkrems-dzila-atjaunos-50-ml\/","title":{"rendered":"C Organic Mimi Roku sviestkr\u0113ms Dzi\u013c\u0101 atjauno\u0161., 50 ml"},"content":{"rendered":"<p>Ar organisko kokosriekstu e\u013c\u013cu un \u0161\u012b sviestu. Atjaunojo\u0161s roku kr\u0113ms-sviests intens\u012bvi baro, mitrina, m\u012bkstina un padara roku \u0101du gludu un z\u012bdainu.<\/p>\n<p>Lieto\u0161ana: uzkl\u0101t uz t\u012bras roku \u0101das un iemas\u0113t, l\u012bdz piln\u012bb\u0101 uzs\u016bcas. Tikai \u0101r\u012bgai lieto\u0161anai.<\/p>\n","protected":false},"excerpt":{"rendered":"<p>Ar organisko kokosriekstu e\u013c\u013cu un \u0161\u012b sviestu. Atjaunojo\u0161s roku kr\u0113ms-sviests intens\u012bvi baro, mitrina, m\u012bkstina un padara roku \u0101du gludu un z\u012bdainu. Lieto\u0161ana: uzkl\u0101t uz t\u012bras roku \u0101das un iemas\u0113t, l\u012bdz piln\u012bb\u0101 uzs\u016bcas. Tikai \u0101r\u012bgai lieto\u0161anai.<\/p>\n","protected":false},"featured_media":107820,"template":"","meta":[],"product_cat":[1302],"product_tag":[],"class_list":{"0":"post-107816","1":"product","2":"type-product","3":"status-publish","4":"has-post-thumbnail","6":"product_brand-ecolab_cs","7":"product_cat-roku-kopsanas-kosmetika","9":"first","10":"instock","11":"taxable","12":"shipping-taxable","13":"product-type-simple"},"_links":{"self":[{"href":"https:\/\/e.kosmolat.eu\/lv\/wp-json\/wp\/v2\/product\/107816","targetHints":{"allow":["GET"]}}],"collection":[{"href":"https:\/\/e.kosmolat.eu\/lv\/wp-json\/wp\/v2\/product"}],"about":[{"href":"https:\/\/e.kosmolat.eu\/lv\/wp-json\/wp\/v2\/types\/product"}],"wp:featuredmedia":[{"embeddable":true,"href":"https:\/\/e.kosmolat.eu\/lv\/wp-json\/wp\/v2\/media\/107820"}],"wp:attachment":[{"href":"https:\/\/e.kosmolat.eu\/lv\/wp-json\/wp\/v2\/media?parent=107816"}],"wp:term":[{"taxonomy":"product_cat","embeddable":true,"href":"https:\/\/e.kosmolat.eu\/lv\/wp-json\/wp\/v2\/product_cat?post=107816"},{"taxonomy":"product_tag","embeddable":true,"href":"https:\/\/e.kosmolat.eu\/lv\/wp-json\/wp\/v2\/product_tag?post=107816"}],"curies":[{"name":"wp","href":"https:\/\/api.w.org\/{rel}","templated":true}]}}