{"id":107804,"date":"2026-04-22T11:59:12","date_gmt":"2026-04-22T11:59:12","guid":{"rendered":"https:\/\/e.kosmolat.eu\/product\/r-o-c-s-zobu-pasta-sensitive-94-g\/"},"modified":"2026-04-28T11:11:19","modified_gmt":"2026-04-28T11:11:19","slug":"r-o-c-s-zobu-pasta-sensitive-94-g","status":"publish","type":"product","link":"https:\/\/e.kosmolat.eu\/lv\/product\/r-o-c-s-zobu-pasta-sensitive-94-g\/","title":{"rendered":"R.O.C.S. Zobu pasta Sensitive, 94 g"},"content":{"rendered":"<p>\u0100tri nomierina jut\u012bgus zobus, atsvaidzina elpu, remineraliz\u0113 emalju saskar\u0113 ar plomb\u0101m un boj\u0101t\u0101m emaljas viet\u0101m. K\u0101lija nitr\u0101ts \u0101tri nov\u0113r\u0161 s\u0101pju saj\u016btu. Ksil\u012bts aizsarg\u0101 pret kariesu un kav\u0113 kariog\u0113no bakt\u0113riju vairo\u0161anos.<br \/>\nDer\u012bguma termi\u0146\u0161: 3 gadi.<\/p>\n","protected":false},"excerpt":{"rendered":"<p>\u0100tri nomierina jut\u012bgus zobus, atsvaidzina elpu, remineraliz\u0113 emalju saskar\u0113 ar plomb\u0101m un boj\u0101t\u0101m emaljas viet\u0101m. K\u0101lija nitr\u0101ts \u0101tri nov\u0113r\u0161 s\u0101pju saj\u016btu. Ksil\u012bts aizsarg\u0101 pret kariesu un kav\u0113 kariog\u0113no bakt\u0113riju vairo\u0161anos. Der\u012bguma termi\u0146\u0161: 3 gadi.<\/p>\n","protected":false},"featured_media":0,"template":"","meta":[],"product_cat":[1249,1306],"product_tag":[],"class_list":{"0":"post-107804","1":"product","2":"type-product","3":"status-publish","5":"product_brand-rocs","6":"product_cat-new","7":"product_cat-zobu-pastas-un-zelejas","9":"first","10":"instock","11":"taxable","12":"shipping-taxable","13":"product-type-simple"},"_links":{"self":[{"href":"https:\/\/e.kosmolat.eu\/lv\/wp-json\/wp\/v2\/product\/107804","targetHints":{"allow":["GET"]}}],"collection":[{"href":"https:\/\/e.kosmolat.eu\/lv\/wp-json\/wp\/v2\/product"}],"about":[{"href":"https:\/\/e.kosmolat.eu\/lv\/wp-json\/wp\/v2\/types\/product"}],"wp:attachment":[{"href":"https:\/\/e.kosmolat.eu\/lv\/wp-json\/wp\/v2\/media?parent=107804"}],"wp:term":[{"taxonomy":"product_cat","embeddable":true,"href":"https:\/\/e.kosmolat.eu\/lv\/wp-json\/wp\/v2\/product_cat?post=107804"},{"taxonomy":"product_tag","embeddable":true,"href":"https:\/\/e.kosmolat.eu\/lv\/wp-json\/wp\/v2\/product_tag?post=107804"}],"curies":[{"name":"wp","href":"https:\/\/api.w.org\/{rel}","templated":true}]}}