{"id":107800,"date":"2026-04-22T11:58:55","date_gmt":"2026-04-22T11:58:55","guid":{"rendered":"https:\/\/e.kosmolat.eu\/product\/r-o-c-s-zobu-pasta-whitening-94-g\/"},"modified":"2026-04-28T11:11:08","modified_gmt":"2026-04-28T11:11:08","slug":"r-o-c-s-zobu-pasta-whitening-94-g","status":"publish","type":"product","link":"https:\/\/e.kosmolat.eu\/lv\/product\/r-o-c-s-zobu-pasta-whitening-94-g\/","title":{"rendered":"R.O.C.S. Zobu pasta Whitening, 94 g"},"content":{"rendered":"<p>Zobu pasta atjauno zobu dabisko baltumu un mirdzumu, nodro\u0161ina augstas kvalit\u0101tes t\u012br\u012b\u0161anu, pul\u0113 un r\u016bp\u0113jas par emalju. Satur miner\u0101lvielu kompleksu (Mg, Ca, Na, Si, P) un ksilitolu (2%). \u0160is remineraliz\u0113jo\u0161ais komplekss pal\u012bdz atjaunot emalju un veicina zobu plombu saglab\u0101\u0161anu.<br \/>\nDer\u012bguma termi\u0146\u0161: 3 gadi.<\/p>\n","protected":false},"excerpt":{"rendered":"<p>Zobu pasta atjauno zobu dabisko baltumu un mirdzumu, nodro\u0161ina augstas kvalit\u0101tes t\u012br\u012b\u0161anu, pul\u0113 un r\u016bp\u0113jas par emalju. Satur miner\u0101lvielu kompleksu (Mg, Ca, Na, Si, P) un ksilitolu (2%). \u0160is remineraliz\u0113jo\u0161ais komplekss pal\u012bdz atjaunot emalju un veicina zobu plombu saglab\u0101\u0161anu. Der\u012bguma termi\u0146\u0161: 3 gadi.<\/p>\n","protected":false},"featured_media":0,"template":"","meta":[],"product_cat":[1249,1306],"product_tag":[],"class_list":{"0":"post-107800","1":"product","2":"type-product","3":"status-publish","5":"product_brand-rocs","6":"product_cat-new","7":"product_cat-zobu-pastas-un-zelejas","9":"first","10":"instock","11":"taxable","12":"shipping-taxable","13":"product-type-simple"},"_links":{"self":[{"href":"https:\/\/e.kosmolat.eu\/lv\/wp-json\/wp\/v2\/product\/107800","targetHints":{"allow":["GET"]}}],"collection":[{"href":"https:\/\/e.kosmolat.eu\/lv\/wp-json\/wp\/v2\/product"}],"about":[{"href":"https:\/\/e.kosmolat.eu\/lv\/wp-json\/wp\/v2\/types\/product"}],"wp:attachment":[{"href":"https:\/\/e.kosmolat.eu\/lv\/wp-json\/wp\/v2\/media?parent=107800"}],"wp:term":[{"taxonomy":"product_cat","embeddable":true,"href":"https:\/\/e.kosmolat.eu\/lv\/wp-json\/wp\/v2\/product_cat?post=107800"},{"taxonomy":"product_tag","embeddable":true,"href":"https:\/\/e.kosmolat.eu\/lv\/wp-json\/wp\/v2\/product_tag?post=107800"}],"curies":[{"name":"wp","href":"https:\/\/api.w.org\/{rel}","templated":true}]}}