{"id":107792,"date":"2026-04-22T10:06:21","date_gmt":"2026-04-22T10:06:21","guid":{"rendered":"https:\/\/e.kosmolat.eu\/product\/bradoline-alex-viriesu-dusas-zeleja-ikd-lietos-jutigai-adai-xxl-500-ml\/"},"modified":"2026-04-22T10:06:34","modified_gmt":"2026-04-22T10:06:34","slug":"bradoline-alex-viriesu-dusas-zeleja-ikd-lietos-jutigai-adai-xxl-500-ml","status":"publish","type":"product","link":"https:\/\/e.kosmolat.eu\/lv\/product\/bradoline-alex-viriesu-dusas-zeleja-ikd-lietos-jutigai-adai-xxl-500-ml\/","title":{"rendered":"Bradoline Alex V\u012brie\u0161u d\u016b\u0161as \u017eeleja ikd. lieto\u0161. jut\u012bgai \u0101dai XXL, 500 ml"},"content":{"rendered":"<p>Delik\u0101ta formula piem\u0113rota pat jut\u012bgai \u0101dai. Augu sast\u0101vda\u013cas pie\u0161\u0137ir svaiguma saj\u016btu un nomierina \u0101du.<\/p>\n","protected":false},"excerpt":{"rendered":"<p>Delik\u0101ta formula piem\u0113rota pat jut\u012bgai \u0101dai. Augu sast\u0101vda\u013cas pie\u0161\u0137ir svaiguma saj\u016btu un nomierina \u0101du.<\/p>\n","protected":false},"featured_media":107796,"template":"","meta":[],"product_cat":[1999],"product_tag":[],"class_list":{"0":"post-107792","1":"product","2":"type-product","3":"status-publish","4":"has-post-thumbnail","6":"product_brand-florin_hu","7":"product_cat-bez-kategorijas","9":"first","10":"instock","11":"taxable","12":"shipping-taxable","13":"product-type-simple"},"_links":{"self":[{"href":"https:\/\/e.kosmolat.eu\/lv\/wp-json\/wp\/v2\/product\/107792","targetHints":{"allow":["GET"]}}],"collection":[{"href":"https:\/\/e.kosmolat.eu\/lv\/wp-json\/wp\/v2\/product"}],"about":[{"href":"https:\/\/e.kosmolat.eu\/lv\/wp-json\/wp\/v2\/types\/product"}],"wp:featuredmedia":[{"embeddable":true,"href":"https:\/\/e.kosmolat.eu\/lv\/wp-json\/wp\/v2\/media\/107796"}],"wp:attachment":[{"href":"https:\/\/e.kosmolat.eu\/lv\/wp-json\/wp\/v2\/media?parent=107792"}],"wp:term":[{"taxonomy":"product_cat","embeddable":true,"href":"https:\/\/e.kosmolat.eu\/lv\/wp-json\/wp\/v2\/product_cat?post=107792"},{"taxonomy":"product_tag","embeddable":true,"href":"https:\/\/e.kosmolat.eu\/lv\/wp-json\/wp\/v2\/product_tag?post=107792"}],"curies":[{"name":"wp","href":"https:\/\/api.w.org\/{rel}","templated":true}]}}