{"id":107766,"date":"2026-04-22T06:12:14","date_gmt":"2026-04-22T06:12:14","guid":{"rendered":"https:\/\/e.kosmolat.eu\/product\/ecl-all-in-one-samp-visiem-matu-tip-600-ml\/"},"modified":"2026-04-23T05:49:15","modified_gmt":"2026-04-23T05:49:15","slug":"ecl-all-in-one-samp-visiem-matu-tip-600-ml","status":"publish","type":"product","link":"https:\/\/e.kosmolat.eu\/lv\/product\/ecl-all-in-one-samp-visiem-matu-tip-600-ml\/","title":{"rendered":"ECL All-in-one \u0160amp. visiem matu tip., 600 ml"},"content":{"rendered":"<p>Daudzfunkcion\u0101ls l\u012bdzeklis, kas izstr\u0101d\u0101ts efekt\u012bvai matu un galvas \u0101das att\u012br\u012b\u0161anai un kop\u0161anai. Satur dab\u012bgas akt\u012bv\u0101s sast\u0101vda\u013cas, kas maigi att\u012bra, baro, atjauno, stiprina un aizsarg\u0101 matus, saglab\u0101jot to dabisko skaistumu. Regul\u0101ra \u0161amp\u016bna lieto\u0161ana nodro\u0161ina ilgsto\u0161u t\u012br\u012bbas un svaiguma saj\u016btu, padarot matus m\u012bkstus, sp\u012bd\u012bgus un z\u012bdainus.<\/p>\n<p>Sast\u0101vda\u013cas, kas aizsarg\u0101 \u0101du pret negat\u012bvo apk\u0101rt\u0113j\u0101s vides ietekmi: Br\u016bna\u013c\u0123u ekstrakts, ferment\u0113ta rauga filtr\u0101ts, vitam\u012bni B3, E un F.<\/p>\n<p>Akt\u012bv\u0101s sast\u0101vda\u013cas:<br \/>\n\u2022 Kerat\u012bns atjauno matu strukt\u016bru, uzlabo to iztur\u012bbu un elast\u012bbu.<br \/>\n\u2022 Biot\u012bns stiprina matus, pal\u012bdz nov\u0113rst to izkri\u0161anu un l\u016b\u0161anu, k\u0101 ar\u012b samazina galu \u0161\u0137el\u0161anos.<br \/>\n\u2022 Bambusa ekstrakts pie\u0161\u0137ir matiem sp\u012bdumu un vesel\u012bgu mirdzumu, atvieglojot to \u0137emm\u0113\u0161anu un veido\u0161anu.<br \/>\n\u2022 V\u012bnogu kauli\u0146u e\u013c\u013ca intens\u012bvi baro un m\u012bkstina matus, pasarg\u0101jot tos no apk\u0101rt\u0113j\u0101s vides nelabv\u0113l\u012bg\u0101s ietekmes.<br \/>\n\u2022 Prebiotika pal\u012bdz uztur\u0113t mikrobioma l\u012bdzsvaru, veicinot galvas \u0101das mitrin\u0101\u0161anu un aizsardz\u012bbu.<\/p>\n<p>Lieto\u0161ana: Uzkl\u0101jiet \u0161amp\u016bnu uz mitriem matiem, saputojiet un noskalojiet ar siltu \u016bdeni. Ja nepiecie\u0161ams, atk\u0101rtojiet proced\u016bru. Piem\u0113rots ikdienas lieto\u0161anai. Tikai \u0101r\u012bgai lieto\u0161anai. Lai sasniegtu maksim\u0101lu efektu, lietojiet kop\u0101 ar matu kondicionieri ALL-IN-ONE.<\/p>\n","protected":false},"excerpt":{"rendered":"<p>Daudzfunkcion\u0101ls l\u012bdzeklis, kas izstr\u0101d\u0101ts efekt\u012bvai matu un galvas \u0101das att\u012br\u012b\u0161anai un kop\u0161anai. Satur dab\u012bgas akt\u012bv\u0101s sast\u0101vda\u013cas, kas maigi att\u012bra, baro, atjauno, stiprina un aizsarg\u0101 matus, saglab\u0101jot to dabisko skaistumu. Regul\u0101ra \u0161amp\u016bna lieto\u0161ana nodro\u0161ina ilgsto\u0161u t\u012br\u012bbas un svaiguma saj\u016btu, padarot matus m\u012bkstus, sp\u012bd\u012bgus un z\u012bdainus. Sast\u0101vda\u013cas, kas aizsarg\u0101 \u0101du pret negat\u012bvo apk\u0101rt\u0113j\u0101s vides ietekmi: Br\u016bna\u013c\u0123u ekstrakts, [&#8230;]\n","protected":false},"featured_media":107770,"template":"","meta":[],"product_cat":[1248],"product_tag":[],"class_list":{"0":"post-107766","1":"product","2":"type-product","3":"status-publish","4":"has-post-thumbnail","6":"product_brand-ecolab_cs","7":"product_cat-sampuni","9":"first","10":"instock","11":"taxable","12":"shipping-taxable","13":"product-type-simple"},"_links":{"self":[{"href":"https:\/\/e.kosmolat.eu\/lv\/wp-json\/wp\/v2\/product\/107766","targetHints":{"allow":["GET"]}}],"collection":[{"href":"https:\/\/e.kosmolat.eu\/lv\/wp-json\/wp\/v2\/product"}],"about":[{"href":"https:\/\/e.kosmolat.eu\/lv\/wp-json\/wp\/v2\/types\/product"}],"wp:featuredmedia":[{"embeddable":true,"href":"https:\/\/e.kosmolat.eu\/lv\/wp-json\/wp\/v2\/media\/107770"}],"wp:attachment":[{"href":"https:\/\/e.kosmolat.eu\/lv\/wp-json\/wp\/v2\/media?parent=107766"}],"wp:term":[{"taxonomy":"product_cat","embeddable":true,"href":"https:\/\/e.kosmolat.eu\/lv\/wp-json\/wp\/v2\/product_cat?post=107766"},{"taxonomy":"product_tag","embeddable":true,"href":"https:\/\/e.kosmolat.eu\/lv\/wp-json\/wp\/v2\/product_tag?post=107766"}],"curies":[{"name":"wp","href":"https:\/\/api.w.org\/{rel}","templated":true}]}}