{"id":107750,"date":"2026-04-21T11:50:50","date_gmt":"2026-04-21T11:50:50","guid":{"rendered":"https:\/\/e.kosmolat.eu\/product\/lollis-soft-over-cover-03-kompaktais-puderis-12-g\/"},"modified":"2026-04-21T13:07:36","modified_gmt":"2026-04-21T13:07:36","slug":"lollis-soft-over-cover-03-kompaktais-puderis-12-g","status":"publish","type":"product","link":"https:\/\/e.kosmolat.eu\/lv\/product\/lollis-soft-over-cover-03-kompaktais-puderis-12-g\/","title":{"rendered":"LOLLIS Soft Over Cover 03 Kompaktais p\u016bderis, 12 g"},"content":{"rendered":"<p>Speci\u0101li izstr\u0101d\u0101t\u0101 samtaina formula nodro\u0161ina nevainojamu rezult\u0101tu. \u0160is grezns p\u016bderis nodro\u0161ina nevainojamu p\u0101rkl\u0101jumu, pie\u0161\u0137irot \u0101dai maigu un z\u012bdaini gludu izskatu. Tas ir viegls, ta\u010du notur\u012bgs, un saglab\u0101jas nevainojams visu dienu \u2014 nav nepiecie\u0161ams to atjaunot. Ide\u0101li piem\u0113rots, lai no r\u012bta l\u012bdz vakaram izceltu elegantu izskatu.<\/p>\n","protected":false},"excerpt":{"rendered":"<p>Speci\u0101li izstr\u0101d\u0101t\u0101 samtaina formula nodro\u0161ina nevainojamu rezult\u0101tu. \u0160is grezns p\u016bderis nodro\u0161ina nevainojamu p\u0101rkl\u0101jumu, pie\u0161\u0137irot \u0101dai maigu un z\u012bdaini gludu izskatu. Tas ir viegls, ta\u010du notur\u012bgs, un saglab\u0101jas nevainojams visu dienu \u2014 nav nepiecie\u0161ams to atjaunot. Ide\u0101li piem\u0113rots, lai no r\u012bta l\u012bdz vakaram izceltu elegantu izskatu.<\/p>\n","protected":false},"featured_media":0,"template":"","meta":[],"product_cat":[1910],"product_tag":[],"class_list":{"0":"post-107750","1":"product","2":"type-product","3":"status-publish","5":"product_brand-lollis_tr-merker","6":"product_cat-new-lt","8":"first","9":"instock","10":"taxable","11":"shipping-taxable","12":"product-type-simple"},"_links":{"self":[{"href":"https:\/\/e.kosmolat.eu\/lv\/wp-json\/wp\/v2\/product\/107750","targetHints":{"allow":["GET"]}}],"collection":[{"href":"https:\/\/e.kosmolat.eu\/lv\/wp-json\/wp\/v2\/product"}],"about":[{"href":"https:\/\/e.kosmolat.eu\/lv\/wp-json\/wp\/v2\/types\/product"}],"wp:attachment":[{"href":"https:\/\/e.kosmolat.eu\/lv\/wp-json\/wp\/v2\/media?parent=107750"}],"wp:term":[{"taxonomy":"product_cat","embeddable":true,"href":"https:\/\/e.kosmolat.eu\/lv\/wp-json\/wp\/v2\/product_cat?post=107750"},{"taxonomy":"product_tag","embeddable":true,"href":"https:\/\/e.kosmolat.eu\/lv\/wp-json\/wp\/v2\/product_tag?post=107750"}],"curies":[{"name":"wp","href":"https:\/\/api.w.org\/{rel}","templated":true}]}}