{"id":107738,"date":"2026-04-21T11:37:45","date_gmt":"2026-04-21T11:37:45","guid":{"rendered":"https:\/\/e.kosmolat.eu\/product\/lollis-03-tender-blush-vaigu-sartums-6-5-g\/"},"modified":"2026-04-21T13:09:43","modified_gmt":"2026-04-21T13:09:43","slug":"lollis-03-tender-blush-vaigu-sartums-6-5-g","status":"publish","type":"product","link":"https:\/\/e.kosmolat.eu\/lv\/product\/lollis-03-tender-blush-vaigu-sartums-6-5-g\/","title":{"rendered":"LOLLIS 03 Tender Blush Vaigu s\u0101rtums, 6.5 g"},"content":{"rendered":"<p>Pateicoties viegli uzkl\u0101jamajai formulai, tas nodro\u0161ina dabisku, mirdzo\u0161u efektu, vienlaikus pal\u012bdzot pa\u0101trin\u0101t grima uzkl\u0101\u0161anu. T\u0101 ultraviegla tekst\u016bra nevainojami sapl\u016bst ar \u0101du, pie\u0161\u0137irot vaigiem svaigu un dz\u012bv\u012bgu izskatu. M\u012bkst\u0101, kr\u0113mveida konsistence ide\u0101li piel\u0101gojas \u0101dai, nodro\u0161inot gludu un viegli uzkl\u0101jamu rezult\u0101tu.<\/p>\n","protected":false},"excerpt":{"rendered":"<p>Pateicoties viegli uzkl\u0101jamajai formulai, tas nodro\u0161ina dabisku, mirdzo\u0161u efektu, vienlaikus pal\u012bdzot pa\u0101trin\u0101t grima uzkl\u0101\u0161anu. T\u0101 ultraviegla tekst\u016bra nevainojami sapl\u016bst ar \u0101du, pie\u0161\u0137irot vaigiem svaigu un dz\u012bv\u012bgu izskatu. M\u012bkst\u0101, kr\u0113mveida konsistence ide\u0101li piel\u0101gojas \u0101dai, nodro\u0161inot gludu un viegli uzkl\u0101jamu rezult\u0101tu.<\/p>\n","protected":false},"featured_media":0,"template":"","meta":[],"product_cat":[1910],"product_tag":[],"class_list":{"0":"post-107738","1":"product","2":"type-product","3":"status-publish","5":"product_brand-lollis_tr-merker","6":"product_cat-new-lt","8":"first","9":"instock","10":"taxable","11":"shipping-taxable","12":"product-type-simple"},"_links":{"self":[{"href":"https:\/\/e.kosmolat.eu\/lv\/wp-json\/wp\/v2\/product\/107738","targetHints":{"allow":["GET"]}}],"collection":[{"href":"https:\/\/e.kosmolat.eu\/lv\/wp-json\/wp\/v2\/product"}],"about":[{"href":"https:\/\/e.kosmolat.eu\/lv\/wp-json\/wp\/v2\/types\/product"}],"wp:attachment":[{"href":"https:\/\/e.kosmolat.eu\/lv\/wp-json\/wp\/v2\/media?parent=107738"}],"wp:term":[{"taxonomy":"product_cat","embeddable":true,"href":"https:\/\/e.kosmolat.eu\/lv\/wp-json\/wp\/v2\/product_cat?post=107738"},{"taxonomy":"product_tag","embeddable":true,"href":"https:\/\/e.kosmolat.eu\/lv\/wp-json\/wp\/v2\/product_tag?post=107738"}],"curies":[{"name":"wp","href":"https:\/\/api.w.org\/{rel}","templated":true}]}}