{"id":107730,"date":"2026-04-21T11:20:34","date_gmt":"2026-04-21T11:20:34","guid":{"rendered":"https:\/\/e.kosmolat.eu\/product\/lollis-02-gold-aura-izgaismotajs-6-5-g\/"},"modified":"2026-04-21T13:10:11","modified_gmt":"2026-04-21T13:10:11","slug":"lollis-02-gold-aura-izgaismotajs-6-5-g","status":"publish","type":"product","link":"https:\/\/e.kosmolat.eu\/lv\/product\/lollis-02-gold-aura-izgaismotajs-6-5-g\/","title":{"rendered":"LOLLIS 02 Gold Aura Izgaismot\u0101js, 6.5 g"},"content":{"rendered":"<p>Izgaismot\u0101js viegli uzkl\u0101jas pateicoties vieglajai tekst\u016brai, nodro\u0161inot vienm\u0113r\u012bgu un l\u012bdzenu uzkl\u0101\u0161anu. Izstr\u0101d\u0101ts \u0113rtaj\u0101 stikla form\u0101, to ir viegli \u0146emt l\u012bdzi un tas ir ide\u0101li piem\u0113rots lieto\u0161anai ce\u013cojumos. Tas uzlabo sejas toni, pie\u0161\u0137irot tam dabisku mirdzumu un svaigu starojumu, ar vienu \u0101tru piesk\u0101rienu izgaismojot v\u0113lam\u0101s zonas. Tas ir ide\u0101li piem\u0113rots sejas kont\u016bru izcel\u0161anai un izgaismo\u0161anai, un t\u0101 novatorisk\u0101 formula nodro\u0161ina ilgnotur\u012bgu, mirdzo\u0161u rezult\u0101tu.<\/p>\n","protected":false},"excerpt":{"rendered":"<p>Izgaismot\u0101js viegli uzkl\u0101jas pateicoties vieglajai tekst\u016brai, nodro\u0161inot vienm\u0113r\u012bgu un l\u012bdzenu uzkl\u0101\u0161anu. Izstr\u0101d\u0101ts \u0113rtaj\u0101 stikla form\u0101, to ir viegli \u0146emt l\u012bdzi un tas ir ide\u0101li piem\u0113rots lieto\u0161anai ce\u013cojumos. Tas uzlabo sejas toni, pie\u0161\u0137irot tam dabisku mirdzumu un svaigu starojumu, ar vienu \u0101tru piesk\u0101rienu izgaismojot v\u0113lam\u0101s zonas. Tas ir ide\u0101li piem\u0113rots sejas kont\u016bru izcel\u0161anai un izgaismo\u0161anai, un [&#8230;]\n","protected":false},"featured_media":0,"template":"","meta":[],"product_cat":[1910],"product_tag":[],"class_list":{"0":"post-107730","1":"product","2":"type-product","3":"status-publish","5":"product_brand-lollis_tr-merker","6":"product_cat-new-lt","8":"first","9":"instock","10":"taxable","11":"shipping-taxable","12":"product-type-simple"},"_links":{"self":[{"href":"https:\/\/e.kosmolat.eu\/lv\/wp-json\/wp\/v2\/product\/107730","targetHints":{"allow":["GET"]}}],"collection":[{"href":"https:\/\/e.kosmolat.eu\/lv\/wp-json\/wp\/v2\/product"}],"about":[{"href":"https:\/\/e.kosmolat.eu\/lv\/wp-json\/wp\/v2\/types\/product"}],"wp:attachment":[{"href":"https:\/\/e.kosmolat.eu\/lv\/wp-json\/wp\/v2\/media?parent=107730"}],"wp:term":[{"taxonomy":"product_cat","embeddable":true,"href":"https:\/\/e.kosmolat.eu\/lv\/wp-json\/wp\/v2\/product_cat?post=107730"},{"taxonomy":"product_tag","embeddable":true,"href":"https:\/\/e.kosmolat.eu\/lv\/wp-json\/wp\/v2\/product_tag?post=107730"}],"curies":[{"name":"wp","href":"https:\/\/api.w.org\/{rel}","templated":true}]}}