{"id":107722,"date":"2026-04-21T11:08:39","date_gmt":"2026-04-21T11:08:39","guid":{"rendered":"https:\/\/e.kosmolat.eu\/product\/lollis-terracotta-puderis-sartums-03-12-g\/"},"modified":"2026-04-22T07:53:34","modified_gmt":"2026-04-22T07:53:34","slug":"lollis-terracotta-puderis-sartums-03-12-g","status":"publish","type":"product","link":"https:\/\/e.kosmolat.eu\/lv\/product\/lollis-terracotta-puderis-sartums-03-12-g\/","title":{"rendered":"LOLLIS Terracotta p\u016bderis &#038; s\u0101rtums 03, 12 g"},"content":{"rendered":"<p>\u012apa\u0161\u0101 formula, bag\u0101tin\u0101ta ar vitam\u012bniem un miner\u0101lviel\u0101m, pal\u012bdz \u0101dai ieg\u016bt vesel\u012bgu, svaigu un atsvaidzin\u0101tu izskatu. Unik\u0101lie to\u0146i nevainojami sapl\u016bst ar \u0101du, nodro\u0161inot izteiksm\u012bgu pigment\u0101ciju un ilgsto\u0161u efektu.<\/p>\n","protected":false},"excerpt":{"rendered":"<p>\u012apa\u0161\u0101 formula, bag\u0101tin\u0101ta ar vitam\u012bniem un miner\u0101lviel\u0101m, pal\u012bdz \u0101dai ieg\u016bt vesel\u012bgu, svaigu un atsvaidzin\u0101tu izskatu. Unik\u0101lie to\u0146i nevainojami sapl\u016bst ar \u0101du, nodro\u0161inot izteiksm\u012bgu pigment\u0101ciju un ilgsto\u0161u efektu.<\/p>\n","protected":false},"featured_media":0,"template":"","meta":[],"product_cat":[1910,1487],"product_tag":[],"class_list":{"0":"post-107722","1":"product","2":"type-product","3":"status-publish","5":"product_brand-lollis_tr-merker","6":"product_cat-new-lt","7":"product_cat-pudros","9":"first","10":"instock","11":"taxable","12":"shipping-taxable","13":"product-type-simple"},"_links":{"self":[{"href":"https:\/\/e.kosmolat.eu\/lv\/wp-json\/wp\/v2\/product\/107722","targetHints":{"allow":["GET"]}}],"collection":[{"href":"https:\/\/e.kosmolat.eu\/lv\/wp-json\/wp\/v2\/product"}],"about":[{"href":"https:\/\/e.kosmolat.eu\/lv\/wp-json\/wp\/v2\/types\/product"}],"wp:attachment":[{"href":"https:\/\/e.kosmolat.eu\/lv\/wp-json\/wp\/v2\/media?parent=107722"}],"wp:term":[{"taxonomy":"product_cat","embeddable":true,"href":"https:\/\/e.kosmolat.eu\/lv\/wp-json\/wp\/v2\/product_cat?post=107722"},{"taxonomy":"product_tag","embeddable":true,"href":"https:\/\/e.kosmolat.eu\/lv\/wp-json\/wp\/v2\/product_tag?post=107722"}],"curies":[{"name":"wp","href":"https:\/\/api.w.org\/{rel}","templated":true}]}}