{"id":107718,"date":"2026-04-21T10:53:37","date_gmt":"2026-04-21T10:53:37","guid":{"rendered":"https:\/\/e.kosmolat.eu\/product\/lollis-caurspidigs-puderis-7-g\/"},"modified":"2026-04-21T13:06:59","modified_gmt":"2026-04-21T13:06:59","slug":"lollis-caurspidigs-puderis-7-g","status":"publish","type":"product","link":"https:\/\/e.kosmolat.eu\/lv\/product\/lollis-caurspidigs-puderis-7-g\/","title":{"rendered":"LOLLIS Caursp\u012bd\u012bgs p\u016bderis, 7 g"},"content":{"rendered":"<p>Pateicoties \u012bpa\u0161ajai formulai, tas pal\u012bdz nov\u0113rst nev\u0113lamu sp\u012bdumu un saglab\u0101 sejas \u0101das l\u012bdzsvaru visas dienas garum\u0101. Tas efekt\u012bvi fiks\u0113 grimu, pagarinot t\u0101 notur\u012bbu un nodro\u0161inot svaigu, ilgsto\u0161u izskatu. Nosl\u0113pjot nepiln\u012bbas un izl\u012bdzinot nevienm\u0113r\u012bgo tekst\u016bru, tas pie\u0161\u0137ir \u0101dai maigu, samtainu fini\u0161u. Tiek kontrol\u0113ts liekais sp\u012bdums, radot izsmalcin\u0101tu mat\u0113tu efektu, savuk\u0101rt viegl\u0101, elpojo\u0161\u0101 tekst\u016bra nodro\u0161ina, ka grims \u0113rti turas uz sejas.<\/p>\n","protected":false},"excerpt":{"rendered":"<p>Pateicoties \u012bpa\u0161ajai formulai, tas pal\u012bdz nov\u0113rst nev\u0113lamu sp\u012bdumu un saglab\u0101 sejas \u0101das l\u012bdzsvaru visas dienas garum\u0101. Tas efekt\u012bvi fiks\u0113 grimu, pagarinot t\u0101 notur\u012bbu un nodro\u0161inot svaigu, ilgsto\u0161u izskatu. Nosl\u0113pjot nepiln\u012bbas un izl\u012bdzinot nevienm\u0113r\u012bgo tekst\u016bru, tas pie\u0161\u0137ir \u0101dai maigu, samtainu fini\u0161u. Tiek kontrol\u0113ts liekais sp\u012bdums, radot izsmalcin\u0101tu mat\u0113tu efektu, savuk\u0101rt viegl\u0101, elpojo\u0161\u0101 tekst\u016bra nodro\u0161ina, ka grims [&#8230;]\n","protected":false},"featured_media":0,"template":"","meta":[],"product_cat":[1910],"product_tag":[],"class_list":{"0":"post-107718","1":"product","2":"type-product","3":"status-publish","5":"product_brand-lollis_tr-merker","6":"product_cat-new-lt","8":"first","9":"instock","10":"taxable","11":"shipping-taxable","12":"product-type-simple"},"_links":{"self":[{"href":"https:\/\/e.kosmolat.eu\/lv\/wp-json\/wp\/v2\/product\/107718","targetHints":{"allow":["GET"]}}],"collection":[{"href":"https:\/\/e.kosmolat.eu\/lv\/wp-json\/wp\/v2\/product"}],"about":[{"href":"https:\/\/e.kosmolat.eu\/lv\/wp-json\/wp\/v2\/types\/product"}],"wp:attachment":[{"href":"https:\/\/e.kosmolat.eu\/lv\/wp-json\/wp\/v2\/media?parent=107718"}],"wp:term":[{"taxonomy":"product_cat","embeddable":true,"href":"https:\/\/e.kosmolat.eu\/lv\/wp-json\/wp\/v2\/product_cat?post=107718"},{"taxonomy":"product_tag","embeddable":true,"href":"https:\/\/e.kosmolat.eu\/lv\/wp-json\/wp\/v2\/product_tag?post=107718"}],"curies":[{"name":"wp","href":"https:\/\/api.w.org\/{rel}","templated":true}]}}