{"id":107714,"date":"2026-04-21T10:47:10","date_gmt":"2026-04-21T10:47:10","guid":{"rendered":"https:\/\/e.kosmolat.eu\/product\/lollis-lip-care-lpu-balzams-chery-4-g\/"},"modified":"2026-04-21T13:10:26","modified_gmt":"2026-04-21T13:10:26","slug":"lollis-lip-care-lupu-balzams-cherry-4-g","status":"publish","type":"product","link":"https:\/\/e.kosmolat.eu\/lv\/product\/lollis-lip-care-lupu-balzams-cherry-4-g\/","title":{"rendered":"LOLLIS Lip Care L\u016bpu balzams Cherry, 4 g"},"content":{"rendered":"<p>Dab\u012bgi sp\u012bd\u012bgas, maigas un koptas l\u016bpas, pateicoties fekt\u012bvai formulai, kas bag\u0101tin\u0101ta ar \u0161\u012b sviestu un E vitam\u012bnu. \u0160is l\u016bpu kop\u0161anas l\u012bdzeklis pal\u012bdz uztur\u0113t mitrumu, vienlaikus uzlabojot dabisko, vesel\u012bgo izskatu.<br \/>\nBr\u012bdin\u0101jums: Neatst\u0101jiet tie\u0161\u0101 saules gaism\u0101. Aizsarg\u0101jiet no karstuma un mitruma. Tikai \u0101r\u0113jai lieto\u0161anai. Glab\u0101jiet b\u0113rniem l\u012bdz 3 gadu vecumam nepieejam\u0101 viet\u0101.<\/p>\n","protected":false},"excerpt":{"rendered":"<p>Dab\u012bgi sp\u012bd\u012bgas, maigas un koptas l\u016bpas, pateicoties fekt\u012bvai formulai, kas bag\u0101tin\u0101ta ar \u0161\u012b sviestu un E vitam\u012bnu. \u0160is l\u016bpu kop\u0161anas l\u012bdzeklis pal\u012bdz uztur\u0113t mitrumu, vienlaikus uzlabojot dabisko, vesel\u012bgo izskatu. Br\u012bdin\u0101jums: Neatst\u0101jiet tie\u0161\u0101 saules gaism\u0101. Aizsarg\u0101jiet no karstuma un mitruma. Tikai \u0101r\u0113jai lieto\u0161anai. Glab\u0101jiet b\u0113rniem l\u012bdz 3 gadu vecumam nepieejam\u0101 viet\u0101.<\/p>\n","protected":false},"featured_media":0,"template":"","meta":[],"product_cat":[1911],"product_tag":[],"class_list":{"0":"post-107714","1":"product","2":"type-product","3":"status-publish","5":"product_brand-lollis_tr-merker","6":"product_cat-new-ru","8":"first","9":"instock","10":"taxable","11":"shipping-taxable","12":"product-type-simple"},"_links":{"self":[{"href":"https:\/\/e.kosmolat.eu\/lv\/wp-json\/wp\/v2\/product\/107714","targetHints":{"allow":["GET"]}}],"collection":[{"href":"https:\/\/e.kosmolat.eu\/lv\/wp-json\/wp\/v2\/product"}],"about":[{"href":"https:\/\/e.kosmolat.eu\/lv\/wp-json\/wp\/v2\/types\/product"}],"wp:attachment":[{"href":"https:\/\/e.kosmolat.eu\/lv\/wp-json\/wp\/v2\/media?parent=107714"}],"wp:term":[{"taxonomy":"product_cat","embeddable":true,"href":"https:\/\/e.kosmolat.eu\/lv\/wp-json\/wp\/v2\/product_cat?post=107714"},{"taxonomy":"product_tag","embeddable":true,"href":"https:\/\/e.kosmolat.eu\/lv\/wp-json\/wp\/v2\/product_tag?post=107714"}],"curies":[{"name":"wp","href":"https:\/\/api.w.org\/{rel}","templated":true}]}}