{"id":107710,"date":"2026-04-21T10:40:38","date_gmt":"2026-04-21T10:40:38","guid":{"rendered":"https:\/\/e.kosmolat.eu\/product\/lollis-bb-03-puderis-12-g\/"},"modified":"2026-04-21T13:08:38","modified_gmt":"2026-04-21T13:08:38","slug":"lollis-bb-03-puderis-12-g","status":"publish","type":"product","link":"https:\/\/e.kosmolat.eu\/lv\/product\/lollis-bb-03-puderis-12-g\/","title":{"rendered":"LOLLIS BB 03 p\u016bderis, 12 g"},"content":{"rendered":"<p>Pateicoties z\u012bdainai, p\u016bderveida tekst\u016brai un inovat\u012bvai formulai, tas harmoniski sapl\u016bst ar \u0101du, vienlaikus pal\u012bdzot vizu\u0101li samazin\u0101t poru un smalko l\u012bniju redzam\u012bbu. Fiks\u0113jot grimu, tas regul\u0113 lieko taukain\u012bbu un izl\u012bdzina \u0101das tekst\u016bru, nodro\u0161inot izsmalcin\u0101tu rezult\u0101tu. Rezult\u0101ts ir nevainojams izskats, kas saglab\u0101 svaigumu un notur\u012bbu visas dienas garum\u0101.<\/p>\n","protected":false},"excerpt":{"rendered":"<p>Pateicoties z\u012bdainai, p\u016bderveida tekst\u016brai un inovat\u012bvai formulai, tas harmoniski sapl\u016bst ar \u0101du, vienlaikus pal\u012bdzot vizu\u0101li samazin\u0101t poru un smalko l\u012bniju redzam\u012bbu. Fiks\u0113jot grimu, tas regul\u0113 lieko taukain\u012bbu un izl\u012bdzina \u0101das tekst\u016bru, nodro\u0161inot izsmalcin\u0101tu rezult\u0101tu. Rezult\u0101ts ir nevainojams izskats, kas saglab\u0101 svaigumu un notur\u012bbu visas dienas garum\u0101.<\/p>\n","protected":false},"featured_media":0,"template":"","meta":[],"product_cat":[1911],"product_tag":[],"class_list":{"0":"post-107710","1":"product","2":"type-product","3":"status-publish","5":"product_brand-lollis_tr-merker","6":"product_cat-new-ru","8":"first","9":"instock","10":"taxable","11":"shipping-taxable","12":"product-type-simple"},"_links":{"self":[{"href":"https:\/\/e.kosmolat.eu\/lv\/wp-json\/wp\/v2\/product\/107710","targetHints":{"allow":["GET"]}}],"collection":[{"href":"https:\/\/e.kosmolat.eu\/lv\/wp-json\/wp\/v2\/product"}],"about":[{"href":"https:\/\/e.kosmolat.eu\/lv\/wp-json\/wp\/v2\/types\/product"}],"wp:attachment":[{"href":"https:\/\/e.kosmolat.eu\/lv\/wp-json\/wp\/v2\/media?parent=107710"}],"wp:term":[{"taxonomy":"product_cat","embeddable":true,"href":"https:\/\/e.kosmolat.eu\/lv\/wp-json\/wp\/v2\/product_cat?post=107710"},{"taxonomy":"product_tag","embeddable":true,"href":"https:\/\/e.kosmolat.eu\/lv\/wp-json\/wp\/v2\/product_tag?post=107710"}],"curies":[{"name":"wp","href":"https:\/\/api.w.org\/{rel}","templated":true}]}}