{"id":107690,"date":"2026-04-21T09:42:09","date_gmt":"2026-04-21T09:42:09","guid":{"rendered":"https:\/\/e.kosmolat.eu\/product\/lollis-01-matejoss-puderis-9-g\/"},"modified":"2026-04-21T13:07:58","modified_gmt":"2026-04-21T13:07:58","slug":"lollis-01-matejoss-puderis-9-g","status":"publish","type":"product","link":"https:\/\/e.kosmolat.eu\/lv\/product\/lollis-01-matejoss-puderis-9-g\/","title":{"rendered":"LOLLIS 01 Mat\u0113jo\u0161s p\u016bderis, 9 g"},"content":{"rendered":"<p>Mat\u0113jo\u0161ais p\u016bderis nodro\u0161ina augstu p\u0101rkl\u0101jumu, vienlaikus radot dabisku mat\u0113tu efektu. T\u0101 mitrino\u0161\u0101 formula pal\u012bdz saglab\u0101t svaigu, gludu un nevainojamu izskatu visas dienas garum\u0101, nodro\u0161inot, ka grims paliek \u0113rts un labi sabalans\u0113ts.<\/p>\n","protected":false},"excerpt":{"rendered":"<p>Mat\u0113jo\u0161ais p\u016bderis nodro\u0161ina augstu p\u0101rkl\u0101jumu, vienlaikus radot dabisku mat\u0113tu efektu. T\u0101 mitrino\u0161\u0101 formula pal\u012bdz saglab\u0101t svaigu, gludu un nevainojamu izskatu visas dienas garum\u0101, nodro\u0161inot, ka grims paliek \u0113rts un labi sabalans\u0113ts.<\/p>\n","protected":false},"featured_media":0,"template":"","meta":[],"product_cat":[1911],"product_tag":[],"class_list":{"0":"post-107690","1":"product","2":"type-product","3":"status-publish","5":"product_brand-lollis_tr-merker","6":"product_cat-new-ru","8":"first","9":"instock","10":"taxable","11":"shipping-taxable","12":"product-type-simple"},"_links":{"self":[{"href":"https:\/\/e.kosmolat.eu\/lv\/wp-json\/wp\/v2\/product\/107690","targetHints":{"allow":["GET"]}}],"collection":[{"href":"https:\/\/e.kosmolat.eu\/lv\/wp-json\/wp\/v2\/product"}],"about":[{"href":"https:\/\/e.kosmolat.eu\/lv\/wp-json\/wp\/v2\/types\/product"}],"wp:attachment":[{"href":"https:\/\/e.kosmolat.eu\/lv\/wp-json\/wp\/v2\/media?parent=107690"}],"wp:term":[{"taxonomy":"product_cat","embeddable":true,"href":"https:\/\/e.kosmolat.eu\/lv\/wp-json\/wp\/v2\/product_cat?post=107690"},{"taxonomy":"product_tag","embeddable":true,"href":"https:\/\/e.kosmolat.eu\/lv\/wp-json\/wp\/v2\/product_tag?post=107690"}],"curies":[{"name":"wp","href":"https:\/\/api.w.org\/{rel}","templated":true}]}}