{"id":107686,"date":"2026-04-21T09:41:53","date_gmt":"2026-04-21T09:41:53","guid":{"rendered":"https:\/\/e.kosmolat.eu\/product\/lollis-soft-glow-kremveida-sartums-16-g\/"},"modified":"2026-04-22T07:53:47","modified_gmt":"2026-04-22T07:53:47","slug":"lollis-soft-glow-kremveida-sartums-16-g","status":"publish","type":"product","link":"https:\/\/e.kosmolat.eu\/lv\/product\/lollis-soft-glow-kremveida-sartums-16-g\/","title":{"rendered":"LOLLIS Soft &#038; Glow kr\u0113mveida s\u0101rtums, 16 g"},"content":{"rendered":"<p>Pateicoties vieglai, gludai un kr\u0113m\u012bgai tekst\u016brai, tas nevainojami sapl\u016bst ar \u0101du, radot dabisku un atsvaidzino\u0161u izskatu. Samtain\u0101 formula \u013cauj to viegli uzkl\u0101t ar pirkstiem, otu vai s\u016bkli. R\u016bp\u012bgi atlas\u012btie to\u0146i lieliski saska\u0146ojas ar grimu, pal\u012bdzot pan\u0101kt svaigu, starojo\u0161u izskatu, kas izce\u013c dabisko skaistumu.<\/p>\n","protected":false},"excerpt":{"rendered":"<p>Pateicoties vieglai, gludai un kr\u0113m\u012bgai tekst\u016brai, tas nevainojami sapl\u016bst ar \u0101du, radot dabisku un atsvaidzino\u0161u izskatu. Samtain\u0101 formula \u013cauj to viegli uzkl\u0101t ar pirkstiem, otu vai s\u016bkli. R\u016bp\u012bgi atlas\u012btie to\u0146i lieliski saska\u0146ojas ar grimu, pal\u012bdzot pan\u0101kt svaigu, starojo\u0161u izskatu, kas izce\u013c dabisko skaistumu.<\/p>\n","protected":false},"featured_media":0,"template":"","meta":[],"product_cat":[1910,1497],"product_tag":[],"class_list":{"0":"post-107686","1":"product","2":"type-product","3":"status-publish","5":"product_brand-lollis_tr-merker","6":"product_cat-new-lt","7":"product_cat-skaistalai","9":"first","10":"instock","11":"taxable","12":"shipping-taxable","13":"product-type-simple"},"_links":{"self":[{"href":"https:\/\/e.kosmolat.eu\/lv\/wp-json\/wp\/v2\/product\/107686","targetHints":{"allow":["GET"]}}],"collection":[{"href":"https:\/\/e.kosmolat.eu\/lv\/wp-json\/wp\/v2\/product"}],"about":[{"href":"https:\/\/e.kosmolat.eu\/lv\/wp-json\/wp\/v2\/types\/product"}],"wp:attachment":[{"href":"https:\/\/e.kosmolat.eu\/lv\/wp-json\/wp\/v2\/media?parent=107686"}],"wp:term":[{"taxonomy":"product_cat","embeddable":true,"href":"https:\/\/e.kosmolat.eu\/lv\/wp-json\/wp\/v2\/product_cat?post=107686"},{"taxonomy":"product_tag","embeddable":true,"href":"https:\/\/e.kosmolat.eu\/lv\/wp-json\/wp\/v2\/product_tag?post=107686"}],"curies":[{"name":"wp","href":"https:\/\/api.w.org\/{rel}","templated":true}]}}