{"id":107682,"date":"2026-04-21T09:18:45","date_gmt":"2026-04-21T09:18:45","guid":{"rendered":"https:\/\/e.kosmolat.eu\/product\/duo-cheeks-creamy-palette\/"},"modified":"2026-04-21T13:09:11","modified_gmt":"2026-04-21T13:09:11","slug":"lollis-duo-cheeks-sartums-un-izgaismotajs-16-g","status":"publish","type":"product","link":"https:\/\/e.kosmolat.eu\/lv\/product\/lollis-duo-cheeks-sartums-un-izgaismotajs-16-g\/","title":{"rendered":"LOLLIS Duo Cheeks S\u0101rtums un izgaismot\u0101js, 16 g"},"content":{"rendered":"<p>Viegl\u0101 \u010detru to\u0146u palete satur divus kr\u0113mveida s\u0101rtumus un divus mirdzo\u0161us izgaismot\u0101jus, kas izce\u013c vaigu l\u012bnijas ar siltiem to\u0146iem un starojo\u0161u mirdzumu. Palete ir rad\u012bta, lai papildin\u0101tu gan ikdienas, gan svin\u012bgos t\u0113lus, un t\u0101 viegli piel\u0101gojas jebkuram \u0101das tonim. T\u0101s kr\u0113mveida tekst\u016bra un inovat\u012bv\u0101 formula viegli uzkl\u0101jas uz \u0101das, nodro\u0161inot dz\u012bv\u012bgu, svaigu un ilgnotur\u012bgu izskatu visas dienas garum\u0101.<\/p>\n","protected":false},"excerpt":{"rendered":"<p>Viegl\u0101 \u010detru to\u0146u palete satur divus kr\u0113mveida s\u0101rtumus un divus mirdzo\u0161us izgaismot\u0101jus, kas izce\u013c vaigu l\u012bnijas ar siltiem to\u0146iem un starojo\u0161u mirdzumu. Palete ir rad\u012bta, lai papildin\u0101tu gan ikdienas, gan svin\u012bgos t\u0113lus, un t\u0101 viegli piel\u0101gojas jebkuram \u0101das tonim. T\u0101s kr\u0113mveida tekst\u016bra un inovat\u012bv\u0101 formula viegli uzkl\u0101jas uz \u0101das, nodro\u0161inot dz\u012bv\u012bgu, svaigu un ilgnotur\u012bgu izskatu [&#8230;]\n","protected":false},"featured_media":0,"template":"","meta":[],"product_cat":[1910],"product_tag":[],"class_list":{"0":"post-107682","1":"product","2":"type-product","3":"status-publish","5":"product_brand-lollis_tr-merker","6":"product_cat-new-lt","8":"first","9":"instock","10":"taxable","11":"shipping-taxable","12":"product-type-simple"},"_links":{"self":[{"href":"https:\/\/e.kosmolat.eu\/lv\/wp-json\/wp\/v2\/product\/107682","targetHints":{"allow":["GET"]}}],"collection":[{"href":"https:\/\/e.kosmolat.eu\/lv\/wp-json\/wp\/v2\/product"}],"about":[{"href":"https:\/\/e.kosmolat.eu\/lv\/wp-json\/wp\/v2\/types\/product"}],"wp:attachment":[{"href":"https:\/\/e.kosmolat.eu\/lv\/wp-json\/wp\/v2\/media?parent=107682"}],"wp:term":[{"taxonomy":"product_cat","embeddable":true,"href":"https:\/\/e.kosmolat.eu\/lv\/wp-json\/wp\/v2\/product_cat?post=107682"},{"taxonomy":"product_tag","embeddable":true,"href":"https:\/\/e.kosmolat.eu\/lv\/wp-json\/wp\/v2\/product_tag?post=107682"}],"curies":[{"name":"wp","href":"https:\/\/api.w.org\/{rel}","templated":true}]}}