{"id":107661,"date":"2026-04-20T12:25:15","date_gmt":"2026-04-20T12:25:15","guid":{"rendered":"https:\/\/e.kosmolat.eu\/product\/esfolio-roku-krems-ar-gliemezu-ekstr-100-g\/"},"modified":"2026-04-20T13:09:18","modified_gmt":"2026-04-20T13:09:18","slug":"esfolio-roku-krems-ar-gliemezu-ekstr-100-g","status":"publish","type":"product","link":"https:\/\/e.kosmolat.eu\/lv\/product\/esfolio-roku-krems-ar-gliemezu-ekstr-100-g\/","title":{"rendered":"Esfolio Roku kr\u0113ms ar glieme\u017eu ekstr., 100 g"},"content":{"rendered":"<p>Glieme\u017eu sekr\u0113cijas filtr\u0101ta un augu ekstraktu \u012bpa&scaron;i intens\u012bv\u0101 mitrino&scaron;\u0101 iedarb\u012bba pal\u012bdz nov\u0113rst mitruma zudumu, padarot rokas elast\u012bgas, maigas un vesel\u012bgas.<\/p>\n<p><strong>Lieto&scaron;ana:<\/strong><\/p>\n<p>P\u0113c roku mazg\u0101&scaron;anas uzkl\u0101jiet pietiekamu kr\u0113ma daudzumu, vienm\u0113r\u012bgi izl\u012bdzinot pa \u0101du, l\u012bdz tas piln\u012bb\u0101 ies\u016bcas.<\/p>\n<p><strong>Piesardz\u012bbas pas\u0101kumi:<\/strong><\/p>\n<p>1. Ja lieto&scaron;anas laik\u0101 rodas blakuspar\u0101d\u012bbas, piem\u0113ram, izsitumi, piet\u016bkums, nieze vai citi diskomforta simptomi, nekav\u0113joties p\u0101rtrauciet lieto&scaron;anu un konsult\u0113jieties ar dermatologu.<\/p>\n<p>2. Nelietojiet uz atv\u0113rt\u0101m br\u016bc\u0113m, neaizsarg\u0101tas \u0101das, r\u0113t\u0101m vai ekz\u0113mas skartaj\u0101m viet\u0101m.<\/p>\n<p>3. Uzglab\u0101&scaron;ana:<\/p>\n<p>o Glab\u0101jiet b\u0113rniem nepieejam\u0101 viet\u0101.<\/p>\n<p>o Izvairieties no tie&scaron;as saules gaismas.<\/p>\n","protected":false},"excerpt":{"rendered":"<p>Glieme\u017eu sekr\u0113cijas filtr\u0101ta un augu ekstraktu \u012bpa&scaron;i intens\u012bv\u0101 mitrino&scaron;\u0101 iedarb\u012bba pal\u012bdz nov\u0113rst mitruma zudumu, padarot rokas elast\u012bgas, maigas un vesel\u012bgas. Lieto&scaron;ana: P\u0113c roku mazg\u0101&scaron;anas uzkl\u0101jiet pietiekamu kr\u0113ma daudzumu, vienm\u0113r\u012bgi izl\u012bdzinot pa \u0101du, l\u012bdz tas piln\u012bb\u0101 ies\u016bcas. Piesardz\u012bbas pas\u0101kumi: 1. Ja lieto&scaron;anas laik\u0101 rodas blakuspar\u0101d\u012bbas, piem\u0113ram, izsitumi, piet\u016bkums, nieze vai citi diskomforta simptomi, nekav\u0113joties p\u0101rtrauciet lieto&scaron;anu [&#8230;]\n","protected":false},"featured_media":0,"template":"","meta":[],"product_cat":[1304],"product_tag":[],"class_list":{"0":"post-107661","1":"product","2":"type-product","3":"status-publish","5":"product_brand-replay_kr","6":"product_cat-ranku-prieziuros-kosmetika","8":"first","9":"instock","10":"taxable","11":"shipping-taxable","12":"product-type-simple"},"_links":{"self":[{"href":"https:\/\/e.kosmolat.eu\/lv\/wp-json\/wp\/v2\/product\/107661","targetHints":{"allow":["GET"]}}],"collection":[{"href":"https:\/\/e.kosmolat.eu\/lv\/wp-json\/wp\/v2\/product"}],"about":[{"href":"https:\/\/e.kosmolat.eu\/lv\/wp-json\/wp\/v2\/types\/product"}],"wp:attachment":[{"href":"https:\/\/e.kosmolat.eu\/lv\/wp-json\/wp\/v2\/media?parent=107661"}],"wp:term":[{"taxonomy":"product_cat","embeddable":true,"href":"https:\/\/e.kosmolat.eu\/lv\/wp-json\/wp\/v2\/product_cat?post=107661"},{"taxonomy":"product_tag","embeddable":true,"href":"https:\/\/e.kosmolat.eu\/lv\/wp-json\/wp\/v2\/product_tag?post=107661"}],"curies":[{"name":"wp","href":"https:\/\/api.w.org\/{rel}","templated":true}]}}