{"id":107657,"date":"2026-04-20T12:24:56","date_gmt":"2026-04-20T12:24:56","guid":{"rendered":"https:\/\/e.kosmolat.eu\/product\/esfolio-pure-skin-moisture-milk-hand-cream-esfolio-pure-skin-%d0%bas%d0%b5%d0%bc-ae%d1%8f-s%d1%83%d0%ba-%d0%bc%d0%bee%d0%be%d1%87%d0%bdc%d0%b9-%d0%b7%d0%b2%d0%bee%d0%bee%d1%83z%d1%87c%d0%b9-10\/"},"modified":"2026-04-20T13:12:54","modified_gmt":"2026-04-20T13:12:54","slug":"esfolio-pure-skin-moisture-milk-hand-cream-esfolio-pure-skin-%d0%bas%d0%b5%d0%bc-ae%d1%8f-s%d1%83%d0%ba-%d0%bc%d0%bee%d0%be%d1%87%d0%bdc%d0%b9-%d0%b7%d0%b2%d0%bee%d0%bee%d1%83z%d1%87c%d0%b9-10","status":"publish","type":"product","link":"https:\/\/e.kosmolat.eu\/lv\/product\/esfolio-pure-skin-moisture-milk-hand-cream-esfolio-pure-skin-%d0%bas%d0%b5%d0%bc-ae%d1%8f-s%d1%83%d0%ba-%d0%bc%d0%bee%d0%be%d1%87%d0%bdc%d0%b9-%d0%b7%d0%b2%d0%bee%d0%bee%d1%83z%d1%87c%d0%b9-10\/","title":{"rendered":"Esfolio Pure Skin Moisture Milk Hand Cream \/Esfolio Pure Skin \u041a\u0161\u0435\u043c \u00e4\u0117\u044f \u0161\u0443\u043a &#8220;\u041c\u043e\u0117\u043e\u0447\u043d\u010d\u0439&#8221; \u0437\u0432\u043e\u0117\u043e\u0119\u0443\u017e\u0447\u010d\u0439 10"},"content":{"rendered":"<p>\u0100du piepilda bag\u0101t\u012bgs piena arom\u0101ts. Uzturviel\u0101m bag\u0101tais piena prote\u012bnu ekstrakts \u0101tri ies\u016bcas \u0101d\u0101, pal\u012bdzot tai saglab\u0101t mitrumu un veidojot aizsargsl\u0101ni. Tas padara rokas maigas, gludas un labi mitrin\u0101tas, vienlaikus samazinot mitruma zudumu.<\/p>\n<p><strong>Lieto&scaron;ana:<\/strong><\/p>\n<p>P\u0113c roku mazg\u0101&scaron;anas uzkl\u0101jiet pietiekamu kr\u0113ma daudzumu, vienm\u0113r\u012bgi izl\u012bdzinot pa \u0101du, l\u012bdz tas piln\u012bb\u0101 ies\u016bcas.<\/p>\n<p><strong>Piesardz\u012bbas pas\u0101kumi:<\/strong><\/p>\n<p>1. Ja lieto&scaron;anas laik\u0101 rodas blakuspar\u0101d\u012bbas, piem\u0113ram, izsitumi, piet\u016bkums, nieze vai citi diskomforta simptomi, nekav\u0113joties p\u0101rtrauciet lieto&scaron;anu un konsult\u0113jieties ar dermatologu.<\/p>\n<p>2. Nelietojiet uz atv\u0113rt\u0101m br\u016bc\u0113m, neaizsarg\u0101tas \u0101das, r\u0113t\u0101m vai ekz\u0113mas skartaj\u0101m viet\u0101m.<\/p>\n<p>3. Uzglab\u0101&scaron;ana:<\/p>\n<p>o Glab\u0101jiet b\u0113rniem nepieejam\u0101 viet\u0101.<\/p>\n<p>o Izvairieties no tie&scaron;as saules gaismas.<\/p>\n","protected":false},"excerpt":{"rendered":"<p>\u0100du piepilda bag\u0101t\u012bgs piena arom\u0101ts. Uzturviel\u0101m bag\u0101tais piena prote\u012bnu ekstrakts \u0101tri ies\u016bcas \u0101d\u0101, pal\u012bdzot tai saglab\u0101t mitrumu un veidojot aizsargsl\u0101ni. Tas padara rokas maigas, gludas un labi mitrin\u0101tas, vienlaikus samazinot mitruma zudumu. Lieto&scaron;ana: P\u0113c roku mazg\u0101&scaron;anas uzkl\u0101jiet pietiekamu kr\u0113ma daudzumu, vienm\u0113r\u012bgi izl\u012bdzinot pa \u0101du, l\u012bdz tas piln\u012bb\u0101 ies\u016bcas. Piesardz\u012bbas pas\u0101kumi: 1. Ja lieto&scaron;anas laik\u0101 rodas [&#8230;]\n","protected":false},"featured_media":0,"template":"","meta":[],"product_cat":[1302],"product_tag":[],"class_list":{"0":"post-107657","1":"product","2":"type-product","3":"status-publish","5":"product_brand-replay_kr","6":"product_cat-roku-kopsanas-kosmetika","8":"first","9":"instock","10":"taxable","11":"shipping-taxable","12":"product-type-simple"},"_links":{"self":[{"href":"https:\/\/e.kosmolat.eu\/lv\/wp-json\/wp\/v2\/product\/107657","targetHints":{"allow":["GET"]}}],"collection":[{"href":"https:\/\/e.kosmolat.eu\/lv\/wp-json\/wp\/v2\/product"}],"about":[{"href":"https:\/\/e.kosmolat.eu\/lv\/wp-json\/wp\/v2\/types\/product"}],"wp:attachment":[{"href":"https:\/\/e.kosmolat.eu\/lv\/wp-json\/wp\/v2\/media?parent=107657"}],"wp:term":[{"taxonomy":"product_cat","embeddable":true,"href":"https:\/\/e.kosmolat.eu\/lv\/wp-json\/wp\/v2\/product_cat?post=107657"},{"taxonomy":"product_tag","embeddable":true,"href":"https:\/\/e.kosmolat.eu\/lv\/wp-json\/wp\/v2\/product_tag?post=107657"}],"curies":[{"name":"wp","href":"https:\/\/api.w.org\/{rel}","templated":true}]}}