{"id":107649,"date":"2026-04-20T12:12:46","date_gmt":"2026-04-20T12:12:46","guid":{"rendered":"https:\/\/e.kosmolat.eu\/product\/esfolio-milk-mazgasanas-putas-150-g\/"},"modified":"2026-04-23T07:27:10","modified_gmt":"2026-04-23T07:27:10","slug":"esfolio-milk-mazgasanas-putas-150-g","status":"publish","type":"product","link":"https:\/\/e.kosmolat.eu\/lv\/product\/esfolio-milk-mazgasanas-putas-150-g\/","title":{"rendered":"Esfolio Milk Mazg\u0101\u0161anas putas, 150 g"},"content":{"rendered":"<p>Esfolio piena mazg\u0101&scaron;anas putas satur piena prote\u012bnu ekstraktu, kas pal\u012bdz kopt raupju \u0101du un uzlabot t\u0101s tekst\u016bru, k\u0101 ar\u012b saglab\u0101t \u0101das mitrumu un elast\u012bbu.<\/p>\n<p><strong>Lieto&scaron;ana:<\/strong> Uzkl\u0101jiet atbilsto&scaron;u daudzumu, lai izveidotu putas. Viegli iemas\u0113jiet vis\u0101 sej\u0101, p\u0113c tam r\u016bp\u012bgi noskalojiet ar remdenu \u016bdeni.<\/p>\n<p><strong>Piesardz\u012bbas pas\u0101kumi:<\/strong><\/p>\n<p>1. Ja, lietojot produktu, rodas blakuspar\u0101d\u012bbas, piem\u0113ram, izsitumi, piet\u016bkums, nieze vai citas nepat\u012bkamas saj\u016btas, nekav\u0113joties p\u0101rtrauciet lieto&scaron;anu un konsult\u0113jieties ar dermatologu.<\/p>\n<p>2. Nelietojiet uz atv\u0113rt\u0101m vai atkl\u0101t\u0101m br\u016bc\u0113m, r\u0113t\u0101m vai ekz\u0113mas skartaj\u0101m viet\u0101m.<\/p>\n<p>3. Uzglab\u0101&scaron;ana:<\/p>\n<p>o Glab\u0101jiet b\u0113rniem nepieejam\u0101 viet\u0101.<\/p>\n<p>o Sarg\u0101jiet no tie&scaron;as saules gaismas.<\/p>\n","protected":false},"excerpt":{"rendered":"<p>Esfolio piena mazg\u0101&scaron;anas putas satur piena prote\u012bnu ekstraktu, kas pal\u012bdz kopt raupju \u0101du un uzlabot t\u0101s tekst\u016bru, k\u0101 ar\u012b saglab\u0101t \u0101das mitrumu un elast\u012bbu. Lieto&scaron;ana: Uzkl\u0101jiet atbilsto&scaron;u daudzumu, lai izveidotu putas. Viegli iemas\u0113jiet vis\u0101 sej\u0101, p\u0113c tam r\u016bp\u012bgi noskalojiet ar remdenu \u016bdeni. Piesardz\u012bbas pas\u0101kumi: 1. Ja, lietojot produktu, rodas blakuspar\u0101d\u012bbas, piem\u0113ram, izsitumi, piet\u016bkums, nieze vai [&#8230;]\n","protected":false},"featured_media":0,"template":"","meta":[],"product_cat":[1999],"product_tag":[],"class_list":{"0":"post-107649","1":"product","2":"type-product","3":"status-publish","5":"product_brand-replay_kr","6":"product_cat-bez-kategorijas","8":"first","9":"instock","10":"taxable","11":"shipping-taxable","12":"product-type-simple"},"_links":{"self":[{"href":"https:\/\/e.kosmolat.eu\/lv\/wp-json\/wp\/v2\/product\/107649","targetHints":{"allow":["GET"]}}],"collection":[{"href":"https:\/\/e.kosmolat.eu\/lv\/wp-json\/wp\/v2\/product"}],"about":[{"href":"https:\/\/e.kosmolat.eu\/lv\/wp-json\/wp\/v2\/types\/product"}],"wp:attachment":[{"href":"https:\/\/e.kosmolat.eu\/lv\/wp-json\/wp\/v2\/media?parent=107649"}],"wp:term":[{"taxonomy":"product_cat","embeddable":true,"href":"https:\/\/e.kosmolat.eu\/lv\/wp-json\/wp\/v2\/product_cat?post=107649"},{"taxonomy":"product_tag","embeddable":true,"href":"https:\/\/e.kosmolat.eu\/lv\/wp-json\/wp\/v2\/product_tag?post=107649"}],"curies":[{"name":"wp","href":"https:\/\/api.w.org\/{rel}","templated":true}]}}