{"id":107619,"date":"2026-04-20T07:17:58","date_gmt":"2026-04-20T07:17:58","guid":{"rendered":"https:\/\/e.kosmolat.eu\/product\/bradoline-sana-apavu-sprejs-smaku-neitraliz-150-ml\/"},"modified":"2026-04-23T06:42:02","modified_gmt":"2026-04-23T06:42:02","slug":"bradoline-sana-apavu-sprejs-smaku-neitraliz-150-ml","status":"publish","type":"product","link":"https:\/\/e.kosmolat.eu\/lv\/product\/bradoline-sana-apavu-sprejs-smaku-neitraliz-150-ml\/","title":{"rendered":"Bradoline Sana Apavu sprejs smaku neitraliz., 150 ml"},"content":{"rendered":"<p>L\u012bdzeklis atsvaidzina, pie&scaron;\u0137ir pat\u012bkamu arom\u0101tu un pal\u012bdz saglab\u0101t apavus svaigus. Pirms lieto&scaron;anas k\u0101rt\u012bgi sakrat\u012bt! Izsmidzin\u0101t apavu iek&scaron;pus\u0113. Apavus uzvilkt tikai p\u0113c piln\u012bgas no\u017e\u016b&scaron;anas. P\u0101rtraukt lieto&scaron;anu niezes vai citu simptomu gad\u012bjum\u0101!<\/p>\n<p>&nbsp;<\/p>\n<p><img decoding=\"async\" alt=\"\" src=\"data:image\/png;base64,iVBORw0KGgoAAAANSUhEUgAAAD4AAAA+CAYAAAEExpjSAAAAAXNSR0IArs4c6QAAAARnQU1BAACxjwv8YQUAAAAJcEhZcwAAFxEAABcRAcom8z8AAA4LSURBVFhHvVl5bFRVFx+UGlwQ0rgESAFFEc0nfILaskYRKf5NIBhDNCLRhM0QYrQRxA2iBGj4ZKmllG6UEhIWGw2BkKqJJQokRtFAAolgjEBhBqW8KbS93\/n93r133rx5M\/NmaPklL2+775579nPPiyg\/Ojv1hYukAdGJo92L69fds8AOiE4cw3NNTQ3P6sYNnjjAvDx27JiKRCKJQR0dMsAzXZ8+fXgeOXIkz7HpEzQJzyCD6LRinhOLvJEYFJtWoq98XGBh0dIJ+sZF8oAAJA8QIUUnaFloJAZ4JBid8KS+MgO63JeQAQ7ASDUSnTKWF++884565plnVEVFBe8Bp6bSncGMrqqqUhs2bOC1U1vFs12DVZQgXl+tr7yLFEQnjVGO5yWQNMAPzBqd\/JTVbBACJwAlw7kB5edRl0HyEmE2Hnl2yjXEtnr1av1Ej+mI6zs9gf\/DDtiZlvnFixd5vuOOO\/RbFxQa7REQc\/NKEbjtttvUV199xevy8nJVUFDAayD2QrFy6rbxOlkGwqOZaN26dTzWrl3Lc3V1tdhwiajI\/dAgUIhcEQSpERPjNxT9CJ7AQNTn7ND+lwYZJ3CqNumrYKT9GMuNvjje+m0QAj\/mh9qfnQYRmkg7CCkfOzVb7YdXr17lOd5UFzhB0sdOdQWXavD888\/rK5lgZ+oE9mOneotQTHwIS3vooYcY+f79918+80\/Aj0lRop3Bu+++a022uLhYHTp0SL\/RLEx1J4g42ysYJg1uiH5bWlr44ejRo+0kXpgVRCAcp84NHwYYXFRUpI4fP64GDBjA+40bN+q3SnV3SgAVB+OUNHyP\/d59993qyJEjvI7FYqqwsJDXQDfips4Edj0xEZZTn1jBTz\/9pNra2lR9fb1+kqBokMRM7MUJEgG30jWNh5mDkdrnxsmSEEB4Tm2lvtPweZtByscAJojLCggGjtQPgcCPAbIgavQv1Yu0HwOYIBMyfpwJ9DyRA7TU7YmyuSBn4oiHhig06DTg\/r+0tVwXEZq4s71SE5VwEVBsxBtr+B5u0x0Pt4isxJHWwRljlCdfAa+\/\/rq+SoB+i0VgfBZJpCXucirihNF4UnB3d7dqbm7m9dSpU5nvAMdxeDbgIsTEGcLSSCKFOOMiiYoh+fL+33\/\/zTMCzTfffGMjVllZmXruuedUa2sr33vhLmI006CsUD91YYkzpmqifvEaIJODGLjFeejQoWrQoEF2EZWVUnnJOQhGErAZYxORa5vKEzoVkabDww8\/zFjdr18\/lr0g0tTUxHdmMThWrVqlzp07x+dBcBplEVKWxV4o0ZxLEYOQBEPxx3aD06dPWwI4gPb2dp6BOXPm2He\/\/fabfuqBqBBSBfcIvkCyjK5LyBYJQBLe\/GDw559\/MrkgQ\/mxcOFCEv7111\/1Ew3UUiAawFiwgrBKvYi454OdO3eqlStXqg8++EB9\/PHHvP7www\/VJ598oj766CNeb968mWNhrC4j4DRYmsHEDUTHcDV3Ap0lsgF5S6Ifxeur0f3ITFwDXPj1lQKJemZMPE1l6Uco4gbdkAS4giQk8hEkKuINwakfORE36O7qctUhuy0EkGylcDrkRZyQmOBUJsqpfJAf5xA1xS8uacSfB3InjvINhCVK0X+hayl38kFuBmcsGhyjwoPuERkny70kpFwRnrixdFq1x5VkF4win89zXEAo4shCluOAsEt3mz7Rfb8t\/AKyEzcRS\/b1fsJm30OICqJYACUQzgYyE5cyKCqpj0HFR\/i6cPvee+\/pOw0xRjc7igRCGGF64qJjJgYEEdmU+oE+gymhkkAJGBvIvIBg4qJjm5GkNPbi6NGj8jquLly4wBS6bZv7HrWdhaiKNpBlAanEr3dojiVBBIRNpNWZM2eqU6dOkfiQIUP4\/JVXXuHZAhIoneRKbpubZv1IJg6rlkKPK\/aJGjrukgkXLFjAggK53FQueN6\/f3890gNIoFRLoCp1AQni4FjKXHLcWKsfJuORRx5Rb731liWK4\/bbb1ePPfYYF4Qa76+\/\/tKjNSgBWQC8xScBEsc2h5ULVrhjO18EAcTuv\/9+S3jevHn2esqUKeqJJ55QDQ0NerQHRgK+OBBxOdY6li1PEEw1+sADD1hiOFDTjR07NunZvn37ODYFIgFrhHoBEWzwkJedhvQcHz58WK1fv54tZEPE6Liurs4+M51k2Ec6mGR07Yu1KuLUfMkbiAUNh3QwBHBs2rRJ3XfffXy+e\/du9fbbb6t7772XHZ8777yTz4OAhgezoagYIZk6RwsBPs1tb5pVP\/7445b4ihUraFwAfB4w74YPH857P5w6lwYJS00IWGtHTU0JiP7Rq\/Fj\/\/79nPzll19WW7ZsUdeuXdNvFHvRn3\/+Od\/v2rVLP03Azg3m9KKBJD\/nIKxO9OLdmRosXbqUBE6cOKGfuEBrD8+nTZumnySAnADCRtReJBEHUOC7g2WTH2ADMCZwjjCLkArCixYtUj\/\/\/LMekQB1zB1qsDpTiANcgNaP2SZDt++\/\/75avnw5dys4sHPBLuXTTz+lHeDdpUuX3PGUoux6PTr2I5A4wN4LJIA2h3wMjj\/77DN209C3Nr1r77FmzRp1VTad2FhQx77Ggh9piQPYBLgqSO8FfpAwPIeE07sukJE4gB8mrhumGowfKCqpY8nnmTg2yEocwN7LFWN6CRhDxRh\/OyUdQhEH2GLH5Oit+BZggxRdNLOovQhNHDA+i42hWYDbKjMchycM5EQcsEYoemVekDxNHYc0SC9yJg4g58OwkA3JsaTLfJAXcQDb4jDulAl5E88boh7YDiSG+OFs\/zIvld0sbh3jkqPIsMQq2iuaGjgQ\/iWCc4MjFd2tQu8zTg1L7IOGwTByJZxUch6jhq7q+RwWgD5Hnv8tckGvMd4t2kN6Y8tKM4awCGaTTFv81JF6nVtbjMMBC6jeIpuJ3rOAnmccGpa0SkYk7DK9SkHKn+SZgpEUrHGJmvR9RE5xAWxkuLnoBQvoMcaRzBCooi88azUHJqjhXKKvCABpI1bauxZw04yjXmHhJP5JLSG5SgDjzj7Dxmvv3r38yZsWnV3K2VkrsQEC8FhAdUWPCCB\/xlEbSyCiaSIwQTMIWqLhbMXb5cuXuZEfP368On\/+vH6aBmItcQiAvRWhgVghNdzNZoHcGdcaZlqCFqANmLRoONPW2ou2tjY1ffp07usmT56c2kIJAmJAY60bLBE7KACxAAggDwsIz7gEGPhZbGqxZtjVcBwMZ9Hwjh072MJpbGzkvb+Lgo5ah178wYMH1ffff8\/rQEAA+Cmpu2tYC+sA9JpzCILZGUdaAsNoFdGkhRiiNFpG4odhgL9tYHDMmDE085aWFnXXXXdZxtFE27jR\/VGyePFiNWzYMLYWM0JoQwBuGpQ1IbZAAOjyhbCA9IxTwxWMqNQw8\/B4zXDwr2UD7KHRG0EjDl2DV1991TI5adIk9eijj9p7c0A4X3\/9tbrnnnsoFPwXB5IauUFADGgSAcwwMQBBUAvA95\/ci1TGZdFx8ZuED4NhMWkwnMNuBM0BMAQzfu211+yvbnP07ds36Xe390AD+ZdffmHkHzVqlGptbdWzZoCsDTHAzQJP0goQBOOsA1ItIME4orQwbDUMhuHD6HR7K62QqK6uJnNBjOGAOf\/4449s4XifQ0BDhw5NauuiuxYasIBdDVIHJLKALYR0mxCI0KQtwzJo8lM0Gza6c9AwTBKmjVYQOu7\/\/POPmjFjRhJT3uPNN9+0Zrxs2bLAMTjQ6zxz5gzHYd7Q6JIg2FSvYi9NcZusyARwAQrAURHnyy\/cFAEtY7ekq62gnmc2XLlyRZWUlNBPZ82apd544w12\/cEAnqEBj+uioiL1+++\/66+Uam5utmb\/9NNPs1uM6+LiYvp9eXm5qq2tze7vPnQL89wIodbw7gQr\/qdNHVtGFCNmywgzR47EH\/+QudkAfllQUMCFe48HH3yQpo226JIlS9QPP\/ygv1Dq22+\/VZs3u788qqqqUr7HfVADOS1QPsvuz\/JDcxeGZdNk+EkKbvi1gi4WU4TxcwhAtpVhG0vofM+dO9cuGn4+btw4+jT+ihw4cECPTMXWrVvVwIEDObawsNDOga66aednAkpZMsxqUtYPDcOChSf88PYiOJ1BYugfQmLcYbmpDE2vbKkMaG9vV\/Pnz7cLHzx4sPruu+\/4rlO+D\/JVPIcpO5KCZs+encQ0mugZId9ibWQYGsaaoTDhAbwEIZhxA24xtcl4LUCkGqaZiny+Z88e\/tfE3x\/U53AF\/PH1++vJkyc5DsyOGDFClZWVqbNnz+q3weAGyWvSVJBmOEsmysy4ASSKRi4JuFUSJSouEMYCvIC2UZ56tQ4hQKvQehBSgho1rC2SDGM9YpGMSeHWE45xA1iASJhR0mcBXgkjlZWWllpzvZkD\/n72jz\/ciTV9q2GsAS7oox8GuTFuIFLF5gSbFEqbEoeJSdQMGQRzAnwfaclqWA69QcrV4gzyY9xApIw\/PW4WgAbkoAAq5V3+e2UL9u3Q5BCG9fysJhFkc9SwHzfHuAGqJNGIjarGAmCC+VgAsgpcihqGRblZhX07odUT6BnGNZAr8avNVoLIowg6sIAQW0XuF1BHmDYWNIwNkmjYn4dvFj3KuAWiLgQABrTGXBdIEwOgYZs1YDGuSbNRmacPZ0PvMK6B3nq8YbswYX4aeCwA6UyOYA2jb9cLQdKDXmXcAhYgEZguAAvAbmnqszpoCcPj\/0MfdjuzvaNhP24N4xpoRrJn7o0Bco1nYRuVPYVbyrgXMHG0tmTvqJ\/cSij1fz8Grtdd8Jr3AAAAAElFTkSuQmCC\" \/><strong>GHS02 Draudi<br \/>\nH222<\/strong> \u012apa&scaron;i viegli uzliesmojo&scaron;s aerosols.<br \/>\n<strong>H229 <\/strong>Tvertne zem spiediena: karstum\u0101 var eksplod\u0113t.<br \/>\n<img decoding=\"async\" alt=\"\" src=\"data:image\/png;base64,iVBORw0KGgoAAAANSUhEUgAAAEgAAABKCAYAAAFvIiLaAAAAAXNSR0IArs4c6QAAAARnQU1BAACxjwv8YQUAAAAJcEhZcwAAFxEAABcRAcom8z8AABmWSURBVGhD1VsJfFTV9Q6gFASEQEJCFpaELWwBIktQ1rKICLK4gFhFECoCVi0utIqIWwG11YJCQVHr3gIqUDdQVrHQSkGTWZJM9n2ZLDNJJpnJ9z\/nvPdmSWaSSQj4+3\/5vcx7991337nnnnvud+69LwD14LDXqmcuNMiUsfoe6AaHq1cKPDKl3bNIfuvq6qAb1FPOGc5MqXMmy2\/7zh2Rm5uLOgegj1FKDKBzJE+9Ti4YMcOHqmeEOkA3vDcC6hwO6NQnGMkmk3qmoOjN7a7X6Qb3kt9OPbrJLyN38xPy68xEJcMwJMJ5nvXA3XLO8Kid3VEHQ2w\/pN06W01R4JHJFxpkctiq1TMXPDLpBoci\/4U\/qlcuODMlDgoRTTOyH18jvxokk3FUtFwwQiIVnWXe71Y7w\/gh6qmCwJ5B6hlgul2pZUDp\/g\/lRMMbu3aqZyRj\/2ARQV5X+Porksi4Nri7\/OoGhjpldApe8KdN6pnSqMptBR4qyPndChjGDyUzYdtwwSOTLzSZKTEqELoBoeqVb\/gsSNc\/CJkrbhf5uZJ5T62HfpBict7QoCA9VT510Uynhtq2a4eAdm1QUVFBhdYh+6GV0A8Ok3vukIL4EeP4GJhmjOdLD1zV8VcIDHF1QA3p1EH1w\/o4NR5Q8t4e6Eb0JXP01LCG+QsXUFv2UK88wRIaYqNQvPMVVSKqRvGHbylWIVlc2PH6Dlw\/aaJ6pYDzJEQHI\/\/PzykXBA8dOajHFbz0AvRDGupAg25QKLLXP+DUoQbvrUaZcjc8SK2kNDs\/woVn3Lu4QQEavBekgh\/KWH0XTHMm+SxAQ6MFORx2FH\/yFuxNFMLwXRA9a\/7oXRjHDEYed7ImyvKpo7J\/7YdhqOITE8njF762Rc59oUFBDrKn8kMHYCTbqqutUVNJ2VRY8RuvkGDe7c2jIJbecvwIDGSx3sDuvfj9N9UrT3gUZD17Siy1zmaT671v70W7azogfuINcs0vYk9Vdni\/XLtDCuIMlef\/Q7YSCXul1dnUz77wPHr1iUS\/gQPkmiEj1JBwVJw84lHJAH6oypAIw4go2K0VarKCb44cRXjf3li+coWaoqLGRjoLhfXfp0gI5aUBtqx0GTVrC3KltdxRUlxMEkVg9+7dngZJp44qKz0XhqqE\/0lSADdx9sMr5cIbeNDIKyhQrzxRuG0T6SxEzkVHXHLO+vu9NuzcOXPUMxdYuoLXtlL1XB4zQK2iDPG5Tz+uXLihY7cuKCwsVK8I5CGK\/74LBrVDa\/Bofnbyuc8pwz7jwoULiIjqi8f\/sEFNAdnRHpKELL6ePj0KYrCDz3txk+TjKpSUlEg6n5v3fejTVzUoiMFjfNGuV51vrSNCVPHFpzAM527TkJIxvBbE4MLM\/\/i7nFu+\/ZJ0GEbGaKcrzypp8FkQI5Es2PzOTup7ND7X00l9NFoQczx9dE8yvko1wTcaL6gZaHFBWlXZrSSEdSYC9pRcOyi9KTU0hmYLxOMxv6543\/vQRQcJl8u46xbo4waQOoNQsGWzmq9lQvktENeau3T5F59RRwoR08xacw\/RYZd55j27gew+nPxBTxT97a8ieHPFalogKpELrfjqEHXCEBiHRSLtNwulz9A\/JY8KzQflPPmQDDm6gb1Q8s4uNdU\/+BSIbYFhOXUMeooHjKP6wbRghvQ1uxuPysnJwaHDh3Hxp4uwWKyUQppUmyv7kVXUPyNgHEJ99rOPJU3z777gUyDr6ePQkTb0w\/sgdf406Wr1jXXJ0jvRuUcgIvr1Ed\/XtsPV0BsM6l0FLEDG2nvJkYTJSFd2eJ+S7sPwGwhU9fMFGMYMJIrZGyk3TyYXpoy33vCP\/fvQ9up2MuoFh\/fC1JnTYatumJ\/fzWwi\/b7FJFQE9EMjYT31rXrXEzR8KJJWpyYhecIwGEkjxqlxqCnMa0K5NCpcvIig8BCE9emNrj17YOMmJUrxVXtuSR5R05bcAgO5Wn1sNKou\/lfuac8EWM6cQNKk0dCPoKaZOxU1+TRkE1xW0jgmT52CXr0j0C0kCCdOnlRTfUN7saOsFBnLboOR3QXZaMWJI5IewLdLv\/6caHMvUWfmao4H\/XduDz3yMDoHdcc1XbvA7mXSoD60cvNefFLsSjegJ8wUI2gQG5IuTGDuyqOWbkAvZD+xTtL8QWVVld+OsHDXX5DQrzv0xPcKd7wkae5Pehi1Jljx3tepjcn4iGbkblwvaeotDyQkJODaoECE9o7ENYHXYtMzz6h3XHDU8ZBMZX60V4ZsFqRgq5JPcy3u8NrttWyFf90mBegHhSF\/i3eDfea5zQgLC8OY+LEoMZvVVIaSz\/zJe9CTRrh5cjf+XtIbiuGCTz8kUJ8s3PasUGpdDDGc119utECSWH7Kvz5IzJmanzSduXa5pPmDxgVSoQVWeRsfRSINoDxelfx9j6RpGtN+y788SMQnkoSJROa9FOATFfPWNL7gl0AMfqFWcM7vV5Nzi4CBbKKUiCTDcuKoMDDuqel3zZe0+s3rD\/wWyAPynjpkPnC3hBs8cWAY1R+pt0xDHcUlLRFEQ8sEUsEdj8e4jJWLUVtcqDjTlssiaLFA0oT0a\/3pHCz\/PiHnTY3k\/qBFArEw\/OpaSzmSpsUhKW4gbLnZktYcA\/aG5gvEmuGjohymWROEnhhGRpNQg2DLTFMztRzNEojrzgqwWyxIJmrCI7ZpejxMN91AQkUheWwMCZV+SQ3XPA2xMNVVSJ03BYYRfWVm2UJRPjME4\/ih0MWSUBNH0nWe+kDz4bdAEiTaqpG6cJaQN0NsX1iJujBYI7Y0E4zXDZD0ZOJTteZivymMO\/wSSPh8JRGrBTPlhUYSyHLyqHrX9VqbUUfcm9jmqCikTIxFbZ7CrZrjl\/wTiJop7c555ImZAYSh4swx9Ybni\/iqOtkgZM9IzZdy4\/WoLfI+feILjQrEvYln09KXzpVhgaeZLMe+kXve6qxpojo1WYRiO0uePQH20hJpcn\/gVSD2MuJPSJiM5XfILL5+YAjKvj6k5lBgtVpx\/vx5HDx8CNk55Ie4AipxqjLphczrOY67\/UbYrRa\/bMqHQASKv7LWLBMD1vftQcIclHsazKWlGH1dHAIo6mjXsQPatG+HDz\/+SL2rlFGZcF6amLWVdttsIfhNoYFAHK6g1o6MVUspLusDXf8Q4dz1cfbsv9E5sBt6R\/ejuKwvgiPCsJjiNCfUNrVeOEfkjPg6lcVC1VU3jO\/c4SGQZKPMTC8MNIrrokgzn\/9TuVevEJ5Z6xUZjnAKEnv1jUQ3CoM2P\/+8eleB9kzl2dNIpCBCN7Q3MpcTRyJG4AtOgaR9qf1z\/vCgkKvE\/sEwf\/qRVlGvGBgzWATiQLFD184UUnvamEAtoOKH4zDwRAQzyFVLxCS8QQTSGGHuM08o\/CYqCCUf7pW0xsCzxiGRESJQm19djdRUzyXI+qg4\/pUaboUhg8KtOgqb6g\/GMjnMyPvTUzKTqosORsHf\/iJpjbU1Y\/mq+6ipgqTJftWlE0pK3Em+d5T+61MYRKhIZD+8StL4Ldq7REN5L21GItlLInXt4p2vyo2mhGHs2LED7a\/thJ6RYRg8dAgsNOg2Bq3E0kP7ZD0nkQKHrMdWq6kKAnK3PEM9qScMo\/uj+M3XJdFfTnPq9Gm0adcWgb2CsWjx7RS5Nu3+ND9VdnAfksbFSOTKmqotU7QbkLF0vuJViT5UXvyPJPqLhMREEqgduvQIxKZnGwaJvsDVtZkMSOY5BXpvCk9u5GXLvQA7eePUJXMkiuDeZT1\/Vm7402QZGRnoHtKTHGN77H3nbTW1adgymBkMFPpimhUPe0WZeoeNmv4x+0tbNJM0pYQxVT+fl5uNCcX3+G\/L1q1YtGgRsmjoaAycl2HLzULShGHSKqZfj6XBN1+5o77K2e0d5WVImTNZlj4NMZGoTkqUDE2By6mqbrhw7w3MkYzXD5PyublqCnIk3b3aIpCmiVpzCUxzp1C79oOBuHI1kS73zO7gZwoKCjAufjw6d++Gt999R73TEFwGGy0TNx5CkiYMhS0nXblZD05PzY\/xg3YWiniMYQQJRW1cm5elenH+54kVq1aiY9cu1O3D0b5TR5jNpeodBSy0gx60U3SSPJUnxYiOXD+cDDrJW3ECN4EU8MtriOklTRktAvF8Iy+IeSvgrmV3o0tQIMKj+tKo3xbFxcpajTtEmF+PUSo4djBsSTr1jnc0EIhfzEdtTiaSJo0k5tcP+rj+qMnOkPsauPbp6RmIjR2BsPAwfOBGPRgO8jcO4kBpM+KJNfSGccwgVBsSlJuqiXhDA4EYSg8iTWVmIGn8EBgp7jJSz6hxG6sUu1MKLiVu5IQ8S38UEJjmTVXiNuLYVRd\/VDM0Dq8CaRBNUfNxz5DZ2SkjKYYvUMXwDp7Zq6upJjcyg2yGtEt2Yz33Q6PPuKNRgTTUZFPzkZvnwlNmxqOmqEh5QT3V8wx\/nY0CAqKshuHcKfrA8r0aEPgJvwTi11Yn68XI2U+Zbp4Ie5Gy9CnNy1rhc7KZjHsWStdmmmE99Z2SpxkrQ34JpNgFOUAySsNIehmRd9P8abCXK7YjQpHNZC67VaGrxKms36tBpGixtQUiaFuDKg0\/k5FGw0B0NO3WGXCUlcu0XcZ9twnH4VCp\/MgXktd\/MVzwWyCGGCz98kK7zCOSJrLXLkPu42uV6GRgT5Qf\/bJFgmholkDusP74AzVPuDJqk1tIjAqW\/R6XihYJpFgUCfXfM7IRQD+wF8yqMP6SO19osYYUY+WJ8XedO18uURZBiwW6XPhFBOIm5z7LCrUTRyrcsRUpN8Yj54l1sGW6UR4+aQWtXwqunIKoojJtoMJRXi7mlzRrPBL69RB2wjsBeT2v4KXnZKqSwfoRZbaGfbYAV0ZBbpWrrbKi5J8fECedAF3fbjL8GokCyhQqBUSG0QOhpygxiRhY\/tZNqMmqz8LUkyuEy6ogrozMCdI5zyWbSTEps0gxHCaTQnjnGFsMr3lVHDmMop1\/Fq6r4xmu2GjoB4QS5xmC\/FdedEaRV9qOWl1B3BWYS2tdwlFjg\/nwAVLMDTBQFzJIeBUpPD37gXthPXMSdW7zAczj83hKiKwqkQZutiqeukkixlrwygtwqEuoV6rbtZqCRFiiJiwyH7yExpMb6Ytmycwg7xNgrs+8LXPVncTdjstss\/Ksm29Sfzlsy9\/0GMUWRFAHhFDcGi00K2XGOBTteBm16l4HhuiJ\/10GhbWagrSuVFdVJdud0m+fDcNAqpgsBUfIVwK839ty5phrutNbhdQk7Y4t2Yi8TRtgpCBKN4jK41CTmHrKlDgU797uZPWMy2FRl6QgxcyVc7aG8i8\/R9qSuco+DV6DoK7Ei2mZdy9CxfGjTuuQimiHD3AeWXpSLlFl1CH36Udl17BEEOzDyBpNN01A0VvbUVuorIVx\/ktlh+5omYL4\/aoMrBjLyW+RsWwRdSMi+DwqscVQa\/PKUdl3Xzsr2RjstXbU1Li2S2tgRblbRiWFYNnrV9N7SFExpCiO\/YZGwLRwumwBdVgo+lHztgaapSAWVKyGDwrBLCe\/Q\/rKO53+xTCCwjSyGFHMV4ecu7IZ9YXOzs7GG7t2Yf6ihRgXH48RcaMRGzcKE26YgHnzb8EbO3ciN8fdz3iWUKn\/GVmPPiCWxPtbeC2RZyFTb5uNkn3vk6KU6UqRVf3fEvilIGlF9dxBw7WFIvWsB+8lzkIjDLWefjiZ+6BQpC6cCfOhfTKkN4aExASsWHkfOna6Bm3bX4WgsFD16IXAkGB0uLYzOnbtjPvXrUFqWsMFd9cEQR2s\/zuHrN+tUOaOeVcSKcpAcXP6nfNlWt5e7lpTqG+N\/sA\/BfE\/Goqrzv2A3N\/dR8N0b1kL4JkGPY0wppunovSzT1zfTjUhCG\/HWrNurewvvCawq6zY8HZ9PkL7RJCiQtAtOAgPrF0LU70PybyBm89y9ntk\/vYusSIe7bjbMZ\/KuHsBKr77QuaGJG9rKIiLcDo6Cg8qf\/pRNsYZrhtArUQWM4QccH9WzGSY939EPEYdrvnw4\/211D3\/9uYe9Inuh3Yd2svO0DBSEh8hEWEytTxq7Bjs3rPHc4qwHsQimFpoL6Vf3syQvuIOaTxejRDSGROBjJVLYT39rXME9deReyhIKqicysuqdBeRu2m9TJryhl+Ol\/gzpOSZ46mfv+dsFReL8R8HDx\/G8JGxaHN1O1FMeN8+siDZg6znqk4dsOC2RTh7TllqYTTV8nxfoxqgBrOeOkIDx0KZJZJtvNz9aPTLuv83sJ47JeuF\/sCpIGkN\/qXDlpqEvBeeEprP2ufPYBKjSTGTRqHozR2oLS1WnpH\/LcPp77\/H7HlzZccjdzXNgnjTapsOV+ORR9ejoMDto41mQJPLUVNNgwVRjzvmENkMFcIqpJVGvsx1K2QBrqk6BLibmi09RRZbjeMGy3csvGbE83IppJjC3a+ipsht300TLdoU0lJT8eTGJ9GnfxQ6de\/q9D9dewYhOLQntmzbhrIy18JZUxZUH5xde0JY\/deHkL74ZqVe7DupR7CryH7kt6hKcM3ii6G4vSvAQdzDlp2F\/Fe3wDh+CBL7BwnHYObLn+YW7noVtQXuJEx5+aWCOc\/+\/QcQN26srEDylmd2zoFkQZN+PRUHDhyAzY0mtBTKnLgisN1aLoNJGoc\/1O0Mo6Mp3iNSS04954k1qNJfVMIfdwXxlELS9SOQ2LsrOeFB0p2YreZtflw2mV9O\/O\/CBdw4ezYCAtogtHe4LPl3pWH+\/rVrkKDzbwHTX4hFqfV2VFpQ8vYbYgA8vW6MH4rEPoHQRQbKx5TV1JM0BNiLC1F+4hsifItphAoRbepHD4CRlJW1+m4lqFQdmjjB1jAfFUlJSbhn2TJ07NIZPcgPMffp3O1abH99Oyorm\/78yB+wvJrz5qNS\/xPynnmM\/GksDHH9ZXcCb7HhbX3mAx+gtoT8nhpEM5w+yGGtIPP7B1JvvVG+m+H9yMwp5Puadcs9+imjfl9tDrTnKiwVeOudtzE0dgRZUYAcI6+LwzdHj1xSQ4g6RD41gcDzSfkvb0bShBgZzfgjTj0PPNPHo\/idnbCbiyQfP+L+bhnFJFH+k6LKy1B24CP5UDoxhsggBZz8TSqv6uSwQ0u8IPkk9yVUQgMLU1RUBL1ej+TkZJTT+93nk1oCrov2NPvP\/NdehCF+GPRRPYVl80755GljUPzma6hVBx7OrynWHR7DvN1hd3Iae3ERSt7fi5RbplG3U6Jn\/vCJqXzehodgS1Y+9+HiXNS\/+SgoLMB+cshPPr0Rm59\/Dvs\/\/RRFxQqNaBakhi7FOCrMKNqzHcYpcbIxTBg2jWBJk2NRuH0LanJcU7mupxqiIZOmvKwsLSjlVYeSd\/comy2o2\/E6NJMvPfXdnKcfI2qQLI81F9XV1fj4k48xmoLUgKvaoUtwd3Qg\/8N7ISZOnYzPPv\/cz1FMBBZZ+agpM6Pwvd0wTh8rW+60ld7kicNRsOVp2FKM8pS\/5LahgnyA98\/w93wp1Gd5HsbILyZTNVw3EHnP\/5GogtIiLKT4NT4agRDFuTfLNr4eFKjypkdm0oGhwQhoE4DfE1EsKmrckngmkjeRMHjlueQ9ashZ8TKhZhjG0yHhMlWb\/+JTTotvLvxSEO8j0qrLez14pZA3pfAHwhJ+UCRviIsmkrkRtoxUNScri\/58KMpsNmPP3rcQM2KYOOer2l+NdnQEtA1A\/KQbsI+6GltZfShlamqhxig1o\/SDt2GawctHgcq0LvkZw7gY+X6pWv+zmpMV2nijeYPfFsRgX6OZZk1ONgr+\/CckjR8uc0C8TZpXK5InDEXhKy\/IfhUPuMmmCco\/6RnpOPDZAWzdthXbXn4ZX379FY1uvnYZ8nPKsw6rFaWffgIT+Uj+jFa+WqWDv2vJeXwtqnU\/Sb5LRbMUxBXTDg28HaVgy2ZSzAjFN42MQkL\/HtCPHYSCl59HbU6W5Kvf5+uX0xh474STjtgovvriM5jmTZYtn7JvmSyGNw7lPPxbVJ4\/J\/kY8g71vKVoloLcwRSeV0o1AWrz85D73JMS+UtQSKNe4pAwifyL9vxVtuExJL8fUrM+PJRIiuG1s7Q7Zgv75Z153J147jtjxWJYTh9noaRo9xXcS0WLFeQOEUo5JR+Uhvxn\/6As19CwyutaTA94wbDk3V2wM1P1A1ymlFtjQ\/nRL5Dxm\/lC8HQ8e8nL1NQIWbx8dOaETP\/KM62nFydaRUEMaWmttQnVyUbkbHiYKsKfIoZS1+OV1DCk3jRJ+BV\/PcEQRajP8a\/WlfhzEQtH4Evm0nP0PH8cwfPOpJiMuxbAeuqYElhyXnpGKcP1\/tZCqylIAwsq29\/Ua941m71hnShKeInwqF4U0kxH6f73ibnX2\/9JUb7l2FfyuYCBZwXpSBwaIbMM6UvmwXLmlJpTeRf9U47LhFZXkAbNGjTRbck65Dy6hka7vjBI6BIhc01pt9+Eii8PiqIq\/3MGmfcvlaUjJng8XPNiQDp1r4qT3ypdjo7Lp46GuGwKEqit66wQnVf+\/COyHlwuI54QTWLkKdcPh2n6OJl2McTxTvMoGaFSb52F8m8OOX0Mq4aLvJK4vAqqB82\/8EctvF8uc+294njZSviLQV5f46kH04IZKD24T2YCGeJjrqjduHBFFaRYgFtFSVEV3x9D+tJbkBjWGSnTxsL8z\/dlDxGDczr9zC+EK6wgBe7+iUlgTW62LADa0k0yMrkUI9l\/UfwiCvr\/A+D\/AJ+Z6gck355VAAAAAElFTkSuQmCC\" \/><strong>GHS07 Uzman\u012bbu<br \/>\nH319<\/strong> Izraisa nopietnu acu kairin\u0101jumu.<br \/>\n<strong>Br\u012bdin\u0101jums<br \/>\nH336<\/strong> Var izrais\u012bt miegain\u012bbu vai reibo\u0146us.&nbsp;&nbsp;&nbsp;&nbsp;&nbsp;&nbsp;&nbsp;&nbsp;&nbsp;&nbsp;&nbsp;&nbsp;&nbsp;&nbsp;&nbsp;&nbsp;&nbsp;&nbsp;&nbsp;&nbsp;&nbsp;&nbsp;&nbsp;&nbsp;&nbsp;&nbsp;&nbsp;&nbsp;&nbsp;&nbsp;&nbsp;&nbsp;&nbsp;&nbsp;&nbsp;<br \/>\nDro&scaron;\u012bbas pras\u012bbu apz\u012bm\u0113jumi:<br \/>\nP102 Sarg\u0101t no b\u0113rniem.<br \/>\nP210 Sarg\u0101t no karstuma, karst\u0101m virsm\u0101m, dzirkstel\u0113m, atkl\u0101tas uguns un citiem aizdeg&scaron;an\u0101s avotiem. Nesm\u0113\u0137\u0113t.<br \/>\nP211 Neizsmidzin\u0101t uz atkl\u0101tas uguns vai citiem aizdeg&scaron;an\u0101s avotiem.<br \/>\nP251 Nedurt vai nededzin\u0101t, ar\u012b p\u0113c izlieto&scaron;anas.&nbsp;&nbsp;&nbsp;&nbsp;&nbsp;&nbsp;&nbsp;&nbsp;&nbsp;&nbsp;&nbsp;&nbsp;&nbsp;&nbsp;&nbsp;&nbsp;&nbsp;&nbsp;&nbsp;&nbsp;&nbsp;&nbsp;&nbsp;&nbsp;&nbsp;&nbsp;&nbsp;&nbsp;&nbsp;&nbsp;&nbsp;&nbsp; &nbsp;&nbsp;&nbsp;&nbsp;&nbsp;&nbsp;&nbsp;&nbsp;<br \/>\nP261 Izvair\u012bties ieelpot smidzin\u0101jumu.&nbsp;&nbsp;&nbsp;&nbsp;&nbsp;&nbsp;&nbsp;&nbsp;&nbsp;&nbsp;&nbsp;&nbsp;&nbsp;&nbsp;&nbsp;&nbsp;&nbsp;&nbsp;&nbsp;&nbsp;&nbsp;&nbsp;&nbsp;&nbsp;&nbsp;&nbsp;&nbsp;&nbsp;<br \/>\nP271 Izmantot tikai \u0101r\u0101 vai labi v\u0113din\u0101m\u0101s telp\u0101s.<br \/>\nP280 Izmantot acu aizsargus.<br \/>\nP304+P340 IEELPO&Scaron;ANAS GAD\u012aJUM\u0100: nog\u0101d\u0101t cietu&scaron;o svaig\u0101 gais\u0101 un nodro&scaron;in\u0101t netrauc\u0113tu elpo&scaron;anu. &nbsp;&nbsp;&nbsp;&nbsp;&nbsp;&nbsp;&nbsp;&nbsp;&nbsp;&nbsp;&nbsp;&nbsp;&nbsp;&nbsp;&nbsp;&nbsp;&nbsp;&nbsp;&nbsp;&nbsp;&nbsp;&nbsp;&nbsp;&nbsp;&nbsp;&nbsp;<br \/>\nP305+P351+P338 SASKAR\u0112 AR AC\u012aM: Uzman\u012bgi izskalot ar \u016bdeni vair\u0101kas min\u016btes. Iz\u0146emt kontaktl\u0113cas, ja t\u0101s ir ievietotas un ja to var vienk\u0101r&scaron;i izdar\u012bt. Turpin\u0101t skalot.<br \/>\nP337+P313 Ja acu iekaisums nep\u0101riet: l\u016bdziet medi\u0137u pal\u012bdz\u012bbu.<br \/>\nP312 Sazinieties ar SAIND\u0112&Scaron;AN\u0100S INFORM\u0100CIJAS CENTRU\/\u0101rstu, ja jums ir slikta pa&scaron;saj\u016bta.<br \/>\nP403+P235 Glab\u0101t labi v\u0113din\u0101m\u0101s telp\u0101s. Tvertni tur\u0113t cie&scaron;i nosl\u0113gtu.<br \/>\nP405 Glab\u0101t sl\u0113gt\u0101 veid\u0101.&nbsp;&nbsp;&nbsp;&nbsp;<br \/>\nP410+P412 Aizsarg\u0101t no saules gaismas. Nepak\u013caut temperat\u016brai, kas p\u0101rsniedz 50 &deg;C \/ 122 &deg;F.<br \/>\nP501 Atbr\u012bvoties no satura\/tvertnes\/ iepakojuma saska\u0146\u0101 ar valsts noteikumiem.<\/p>\n","protected":false},"excerpt":{"rendered":"<p>L\u012bdzeklis atsvaidzina, pie&scaron;\u0137ir pat\u012bkamu arom\u0101tu un pal\u012bdz saglab\u0101t apavus svaigus. Pirms lieto&scaron;anas k\u0101rt\u012bgi sakrat\u012bt! Izsmidzin\u0101t apavu iek&scaron;pus\u0113. Apavus uzvilkt tikai p\u0113c piln\u012bgas no\u017e\u016b&scaron;anas. P\u0101rtraukt lieto&scaron;anu niezes vai citu simptomu gad\u012bjum\u0101! &nbsp; GHS02 Draudi H222 \u012apa&scaron;i viegli uzliesmojo&scaron;s aerosols. H229 Tvertne zem spiediena: karstum\u0101 var eksplod\u0113t. GHS07 Uzman\u012bbu H319 Izraisa nopietnu acu kairin\u0101jumu. Br\u012bdin\u0101jums H336 Var [&#8230;]\n","protected":false},"featured_media":107623,"template":"","meta":[],"product_cat":[1761],"product_tag":[],"class_list":{"0":"post-107619","1":"product","2":"type-product","3":"status-publish","4":"has-post-thumbnail","6":"product_brand-florin_hu","7":"product_cat-kaju-kopsanas-kosmetika","9":"first","10":"instock","11":"taxable","12":"shipping-taxable","13":"product-type-simple"},"_links":{"self":[{"href":"https:\/\/e.kosmolat.eu\/lv\/wp-json\/wp\/v2\/product\/107619","targetHints":{"allow":["GET"]}}],"collection":[{"href":"https:\/\/e.kosmolat.eu\/lv\/wp-json\/wp\/v2\/product"}],"about":[{"href":"https:\/\/e.kosmolat.eu\/lv\/wp-json\/wp\/v2\/types\/product"}],"wp:featuredmedia":[{"embeddable":true,"href":"https:\/\/e.kosmolat.eu\/lv\/wp-json\/wp\/v2\/media\/107623"}],"wp:attachment":[{"href":"https:\/\/e.kosmolat.eu\/lv\/wp-json\/wp\/v2\/media?parent=107619"}],"wp:term":[{"taxonomy":"product_cat","embeddable":true,"href":"https:\/\/e.kosmolat.eu\/lv\/wp-json\/wp\/v2\/product_cat?post=107619"},{"taxonomy":"product_tag","embeddable":true,"href":"https:\/\/e.kosmolat.eu\/lv\/wp-json\/wp\/v2\/product_tag?post=107619"}],"curies":[{"name":"wp","href":"https:\/\/api.w.org\/{rel}","templated":true}]}}