{"id":107599,"date":"2026-04-20T05:50:22","date_gmt":"2026-04-20T05:50:22","guid":{"rendered":"https:\/\/e.kosmolat.eu\/product\/ecl-all-in-one-eksfol-dusas-zeleja-400-ml\/"},"modified":"2026-04-20T05:50:38","modified_gmt":"2026-04-20T05:50:38","slug":"ecl-all-in-one-eksfol-dusas-zeleja-400-ml","status":"publish","type":"product","link":"https:\/\/e.kosmolat.eu\/lv\/product\/ecl-all-in-one-eksfol-dusas-zeleja-400-ml\/","title":{"rendered":"ECL All-in-one Eksfol. du\u0161as \u017eeleja, 400 ml"},"content":{"rendered":"<p>Daudzfunkcion\u0101ls l\u012bdzeklis, kas apvieno du\u0161as \u017eelejas un skrubja \u012bpa\u0161\u012bbas, maigi un efekt\u012bvi att\u012bra \u0101du. Pateicoties unik\u0101lajai formulai, kas bag\u0101tin\u0101ta ar dab\u012bg\u0101m sast\u0101vda\u013c\u0101m, tas saudz\u012bgi no\u0146em net\u012brumus un stimul\u0113 \u0101das atjauno\u0161anos, nesausinot to un atst\u0101jot \u0101du maigu un gludu. Smalkais arom\u0101ts rada svaiguma, t\u012br\u012bbas un komforta saj\u016btu.<\/p>\n<p>Sast\u0101vda\u013cas, kas aizsarg\u0101 \u0101du pret negat\u012bvo apk\u0101rt\u0113j\u0101s vides ietekmi: Br\u016bna\u013c\u0123u ekstrakts, ferment\u0113ta rauga filtr\u0101ts, vitam\u012bni B3, E un F.<\/p>\n<p>Akt\u012bv\u0101s sast\u0101vda\u013cas:<br \/>\n\u2022 Mango e\u013c\u013ca ar antioksidanta \u012bpa\u0161\u012bb\u0101m baro un mitrina \u0101du, veicinot t\u0101s atjauno\u0161anos.<br \/>\n\u2022 Kolag\u0113ns pal\u012bdz uztur\u0113t optim\u0101lu \u0101das mitruma l\u012bmeni, atjaunojot t\u0101s elast\u012bbu un gludumu.<br \/>\n\u2022 Bumbiera ekstrakts m\u012bkstina \u0101du, uzlabo t\u0101s toni un elast\u012bbu.<br \/>\n\u2022 Citrona ekstrakts veicina kolag\u0113na un elast\u012bna sint\u0113zi un izl\u012bdzina \u0101das toni.<\/p>\n<p>Lieto\u0161ana: Uzkl\u0101jiet du\u0161as \u017eeleju uz mitras \u0101das, s\u016bk\u013ca vai lufas, pamas\u0113jiet \u0137ermeni, l\u012bdz izveidojas putas, un noskalojiet ar siltu \u016bdeni.<\/p>\n","protected":false},"excerpt":{"rendered":"<p>Daudzfunkcion\u0101ls l\u012bdzeklis, kas apvieno du\u0161as \u017eelejas un skrubja \u012bpa\u0161\u012bbas, maigi un efekt\u012bvi att\u012bra \u0101du. Pateicoties unik\u0101lajai formulai, kas bag\u0101tin\u0101ta ar dab\u012bg\u0101m sast\u0101vda\u013c\u0101m, tas saudz\u012bgi no\u0146em net\u012brumus un stimul\u0113 \u0101das atjauno\u0161anos, nesausinot to un atst\u0101jot \u0101du maigu un gludu. Smalkais arom\u0101ts rada svaiguma, t\u012br\u012bbas un komforta saj\u016btu. Sast\u0101vda\u013cas, kas aizsarg\u0101 \u0101du pret negat\u012bvo apk\u0101rt\u0113j\u0101s vides ietekmi: [&#8230;]\n","protected":false},"featured_media":107603,"template":"","meta":[],"product_cat":[1357],"product_tag":[],"class_list":{"0":"post-107599","1":"product","2":"type-product","3":"status-publish","4":"has-post-thumbnail","6":"product_brand-ecolab_cs","7":"product_cat-skrubji-un-pilingi-kermenim","9":"first","10":"instock","11":"taxable","12":"shipping-taxable","13":"product-type-simple"},"_links":{"self":[{"href":"https:\/\/e.kosmolat.eu\/lv\/wp-json\/wp\/v2\/product\/107599","targetHints":{"allow":["GET"]}}],"collection":[{"href":"https:\/\/e.kosmolat.eu\/lv\/wp-json\/wp\/v2\/product"}],"about":[{"href":"https:\/\/e.kosmolat.eu\/lv\/wp-json\/wp\/v2\/types\/product"}],"wp:featuredmedia":[{"embeddable":true,"href":"https:\/\/e.kosmolat.eu\/lv\/wp-json\/wp\/v2\/media\/107603"}],"wp:attachment":[{"href":"https:\/\/e.kosmolat.eu\/lv\/wp-json\/wp\/v2\/media?parent=107599"}],"wp:term":[{"taxonomy":"product_cat","embeddable":true,"href":"https:\/\/e.kosmolat.eu\/lv\/wp-json\/wp\/v2\/product_cat?post=107599"},{"taxonomy":"product_tag","embeddable":true,"href":"https:\/\/e.kosmolat.eu\/lv\/wp-json\/wp\/v2\/product_tag?post=107599"}],"curies":[{"name":"wp","href":"https:\/\/api.w.org\/{rel}","templated":true}]}}