{"id":107585,"date":"2026-04-17T14:10:53","date_gmt":"2026-04-17T14:10:53","guid":{"rendered":"https:\/\/e.kosmolat.eu\/product\/med-b-shea-butter-rich-mitrinoss-roku-krems-70-ml\/"},"modified":"2026-04-20T08:30:01","modified_gmt":"2026-04-20T08:30:01","slug":"med-b-shea-butter-rich-mitrinoss-roku-krems-70-ml","status":"publish","type":"product","link":"https:\/\/e.kosmolat.eu\/lv\/product\/med-b-shea-butter-rich-mitrinoss-roku-krems-70-ml\/","title":{"rendered":"MED B Shea Butter Rich Mitrino\u0161s roku kr\u0113ms, 70 ml"},"content":{"rendered":"<p>MED B Shea Butter Rich roku kr\u0113ms ar \u0161\u012b sviestu intens\u012bvi baro un mitrina roku \u0101du, padarot to maigu, elast\u012bgu un samtainu. Kr\u0113ma akt\u012bv\u0101s vielas piem\u012bt br\u016b\u010du dz\u012b\u0161anas \u012bpa\u0161\u012bbas, t\u0101s ies\u016bcas visos \u0101das sl\u0101\u0146os un pies\u0101tina \u0161\u016bnas ar mitrumu, ide\u0101li izl\u012bdzinot \u0101das tekst\u016bru un toni. \u0160\u012b e\u013c\u013ca stimul\u0113 kolag\u0113na veido\u0161anos, iedarbina \u0161\u016bnu atjauno\u0161an\u0101s procesus, aizsarg\u0101 \u0101du no ultravioleto staru iedarb\u012bbas, pasarg\u0101 no dehidrat\u0101cijas, \u0101das iz\u017e\u016b\u0161anas un apsald\u0113\u0161an\u0101s.<\/p>\n<p>Lieto\u0161anas veids: uzkl\u0101jiet nepiecie\u0161amo daudzumu l\u012bdzek\u013ca p\u0113c katras roku mazg\u0101\u0161anas un tad, kad rodas sausuma saj\u016bta.<\/p>\n","protected":false},"excerpt":{"rendered":"<p>MED B Shea Butter Rich roku kr\u0113ms ar \u0161\u012b sviestu intens\u012bvi baro un mitrina roku \u0101du, padarot to maigu, elast\u012bgu un samtainu. Kr\u0113ma akt\u012bv\u0101s vielas piem\u012bt br\u016b\u010du dz\u012b\u0161anas \u012bpa\u0161\u012bbas, t\u0101s ies\u016bcas visos \u0101das sl\u0101\u0146os un pies\u0101tina \u0161\u016bnas ar mitrumu, ide\u0101li izl\u012bdzinot \u0101das tekst\u016bru un toni. \u0160\u012b e\u013c\u013ca stimul\u0113 kolag\u0113na veido\u0161anos, iedarbina \u0161\u016bnu atjauno\u0161an\u0101s procesus, aizsarg\u0101 [&#8230;]\n","protected":false},"featured_media":0,"template":"","meta":[],"product_cat":[1302],"product_tag":[],"class_list":{"0":"post-107585","1":"product","2":"type-product","3":"status-publish","5":"product_brand-replay_kr","6":"product_cat-roku-kopsanas-kosmetika","8":"first","9":"instock","10":"taxable","11":"shipping-taxable","12":"product-type-simple"},"_links":{"self":[{"href":"https:\/\/e.kosmolat.eu\/lv\/wp-json\/wp\/v2\/product\/107585","targetHints":{"allow":["GET"]}}],"collection":[{"href":"https:\/\/e.kosmolat.eu\/lv\/wp-json\/wp\/v2\/product"}],"about":[{"href":"https:\/\/e.kosmolat.eu\/lv\/wp-json\/wp\/v2\/types\/product"}],"wp:attachment":[{"href":"https:\/\/e.kosmolat.eu\/lv\/wp-json\/wp\/v2\/media?parent=107585"}],"wp:term":[{"taxonomy":"product_cat","embeddable":true,"href":"https:\/\/e.kosmolat.eu\/lv\/wp-json\/wp\/v2\/product_cat?post=107585"},{"taxonomy":"product_tag","embeddable":true,"href":"https:\/\/e.kosmolat.eu\/lv\/wp-json\/wp\/v2\/product_tag?post=107585"}],"curies":[{"name":"wp","href":"https:\/\/api.w.org\/{rel}","templated":true}]}}