{"id":107581,"date":"2026-04-17T14:10:35","date_gmt":"2026-04-17T14:10:35","guid":{"rendered":"https:\/\/e.kosmolat.eu\/product\/med-b-shea-butter-rich-mitrinoss-kaju-krems-70-ml\/"},"modified":"2026-04-17T14:19:58","modified_gmt":"2026-04-17T14:19:58","slug":"med-b-shea-butter-rich-mitrinoss-kaju-krems-70-ml","status":"publish","type":"product","link":"https:\/\/e.kosmolat.eu\/lv\/product\/med-b-shea-butter-rich-mitrinoss-kaju-krems-70-ml\/","title":{"rendered":"MED B Shea Butter Rich Mitrino\u0161s k\u0101ju kr\u0113ms, 70 ml"},"content":{"rendered":"","protected":false},"excerpt":{"rendered":"","protected":false},"featured_media":0,"template":"","meta":[],"product_cat":[1761],"product_tag":[],"class_list":{"0":"post-107581","1":"product","2":"type-product","3":"status-publish","5":"product_brand-replay_kr","6":"product_cat-kaju-kopsanas-kosmetika","8":"first","9":"instock","10":"taxable","11":"shipping-taxable","12":"product-type-simple"},"_links":{"self":[{"href":"https:\/\/e.kosmolat.eu\/lv\/wp-json\/wp\/v2\/product\/107581","targetHints":{"allow":["GET"]}}],"collection":[{"href":"https:\/\/e.kosmolat.eu\/lv\/wp-json\/wp\/v2\/product"}],"about":[{"href":"https:\/\/e.kosmolat.eu\/lv\/wp-json\/wp\/v2\/types\/product"}],"wp:attachment":[{"href":"https:\/\/e.kosmolat.eu\/lv\/wp-json\/wp\/v2\/media?parent=107581"}],"wp:term":[{"taxonomy":"product_cat","embeddable":true,"href":"https:\/\/e.kosmolat.eu\/lv\/wp-json\/wp\/v2\/product_cat?post=107581"},{"taxonomy":"product_tag","embeddable":true,"href":"https:\/\/e.kosmolat.eu\/lv\/wp-json\/wp\/v2\/product_tag?post=107581"}],"curies":[{"name":"wp","href":"https:\/\/api.w.org\/{rel}","templated":true}]}}