{"id":107560,"date":"2026-04-17T08:33:23","date_gmt":"2026-04-17T08:33:23","guid":{"rendered":"https:\/\/e.kosmolat.eu\/product\/shik-bernu-ziepes-ar-sunisu-ekstr-125-g\/"},"modified":"2026-04-24T05:48:21","modified_gmt":"2026-04-24T05:48:21","slug":"shik-bernu-ziepes-ar-sunisu-ekstr-125-g","status":"publish","type":"product","link":"https:\/\/e.kosmolat.eu\/lv\/product\/shik-bernu-ziepes-ar-sunisu-ekstr-125-g\/","title":{"rendered":"SHIK B\u0113rnu ziepes ar sun\u012b\u0161u ekstr., 125 g"},"content":{"rendered":"<p>Maig\u0101 formula ir \u012bpa\u0161i izstr\u0101d\u0101ta b\u0113rniem, atbilst visiem dro\u0161\u012bbas standartiem un ir dro\u0161a lieto\u0161anai visai \u0123imenei.<\/p>\n","protected":false},"excerpt":{"rendered":"<p>Maig\u0101 formula ir \u012bpa\u0161i izstr\u0101d\u0101ta b\u0113rniem, atbilst visiem dro\u0161\u012bbas standartiem un ir dro\u0161a lieto\u0161anai visai \u0123imenei.<\/p>\n","protected":false},"featured_media":0,"template":"","meta":[],"product_cat":[1607],"product_tag":[],"class_list":{"0":"post-107560","1":"product","2":"type-product","3":"status-publish","5":"product_brand-slobozanskij-milovar_ua","6":"product_cat-ziepes","8":"first","9":"instock","10":"taxable","11":"shipping-taxable","12":"product-type-simple"},"_links":{"self":[{"href":"https:\/\/e.kosmolat.eu\/lv\/wp-json\/wp\/v2\/product\/107560","targetHints":{"allow":["GET"]}}],"collection":[{"href":"https:\/\/e.kosmolat.eu\/lv\/wp-json\/wp\/v2\/product"}],"about":[{"href":"https:\/\/e.kosmolat.eu\/lv\/wp-json\/wp\/v2\/types\/product"}],"wp:attachment":[{"href":"https:\/\/e.kosmolat.eu\/lv\/wp-json\/wp\/v2\/media?parent=107560"}],"wp:term":[{"taxonomy":"product_cat","embeddable":true,"href":"https:\/\/e.kosmolat.eu\/lv\/wp-json\/wp\/v2\/product_cat?post=107560"},{"taxonomy":"product_tag","embeddable":true,"href":"https:\/\/e.kosmolat.eu\/lv\/wp-json\/wp\/v2\/product_tag?post=107560"}],"curies":[{"name":"wp","href":"https:\/\/api.w.org\/{rel}","templated":true}]}}