{"id":107546,"date":"2026-04-17T06:18:48","date_gmt":"2026-04-17T06:18:48","guid":{"rendered":"https:\/\/e.kosmolat.eu\/product\/eclu-eksfol-kermena-skrubis-420-g\/"},"modified":"2026-04-17T06:19:02","modified_gmt":"2026-04-17T06:19:02","slug":"eclu-eksfol-kermena-skrubis-420-g","status":"publish","type":"product","link":"https:\/\/e.kosmolat.eu\/lv\/product\/eclu-eksfol-kermena-skrubis-420-g\/","title":{"rendered":"ECLU Eksfol. \u0137erme\u0146a skrubis, 420 g"},"content":{"rendered":"<p>Efekt\u012bvi att\u012bra un maigi eksfoli\u0113 \u0101du, veicinot t\u0101s atjauno\u0161anos. Skrubis pal\u012bdz samazin\u0101t celul\u012bta paz\u012bmes un atjauno \u0101das gludumu, elast\u012bbu un tvirtumu.<\/p>\n<p>Akt\u012bv\u0101s sast\u0101vda\u013cas:<br \/>\n\u2022 Roz\u0101 Himalaju s\u0101ls eksfoli\u0113 un izl\u012bdzina \u0101das toni.<br \/>\n\u2022 Avokado e\u013c\u013ca baro un atjauno \u0101du, efekt\u012bvi nov\u0113r\u0161ot sausumu un lob\u012b\u0161anos.<br \/>\n\u2022 V\u012b\u0123u ekstrakts stimul\u0113 \u0101das \u0161\u016bnu atjauno\u0161anos, stiprina un toniz\u0113.<br \/>\n\u2022 Croton Lechleri sve\u0137u ekstraktam (p\u016b\u0137a asinis), moringas ekstraktam, B5, B6, C un E vitam\u012bniem piem\u012bt augsta antioksidanta aktivit\u0101te un tie uzlabo \u0101das barjeras funkcijas.<\/p>\n<p>Lieto\u0161ana: uzkl\u0101jiet uz mitras \u0101das, viegli iemas\u0113jiet un noskalojiet ar siltu \u016bdeni. Nelietojiet uz boj\u0101tas vai kairin\u0101tas \u0101das.<\/p>\n","protected":false},"excerpt":{"rendered":"<p>Efekt\u012bvi att\u012bra un maigi eksfoli\u0113 \u0101du, veicinot t\u0101s atjauno\u0161anos. Skrubis pal\u012bdz samazin\u0101t celul\u012bta paz\u012bmes un atjauno \u0101das gludumu, elast\u012bbu un tvirtumu. Akt\u012bv\u0101s sast\u0101vda\u013cas: \u2022 Roz\u0101 Himalaju s\u0101ls eksfoli\u0113 un izl\u012bdzina \u0101das toni. \u2022 Avokado e\u013c\u013ca baro un atjauno \u0101du, efekt\u012bvi nov\u0113r\u0161ot sausumu un lob\u012b\u0161anos. \u2022 V\u012b\u0123u ekstrakts stimul\u0113 \u0101das \u0161\u016bnu atjauno\u0161anos, stiprina un toniz\u0113. \u2022 [&#8230;]\n","protected":false},"featured_media":107550,"template":"","meta":[],"product_cat":[1999],"product_tag":[],"class_list":{"0":"post-107546","1":"product","2":"type-product","3":"status-publish","4":"has-post-thumbnail","6":"product_brand-ecolab_cs","7":"product_cat-bez-kategorijas","9":"first","10":"instock","11":"taxable","12":"shipping-taxable","13":"product-type-simple"},"_links":{"self":[{"href":"https:\/\/e.kosmolat.eu\/lv\/wp-json\/wp\/v2\/product\/107546","targetHints":{"allow":["GET"]}}],"collection":[{"href":"https:\/\/e.kosmolat.eu\/lv\/wp-json\/wp\/v2\/product"}],"about":[{"href":"https:\/\/e.kosmolat.eu\/lv\/wp-json\/wp\/v2\/types\/product"}],"wp:featuredmedia":[{"embeddable":true,"href":"https:\/\/e.kosmolat.eu\/lv\/wp-json\/wp\/v2\/media\/107550"}],"wp:attachment":[{"href":"https:\/\/e.kosmolat.eu\/lv\/wp-json\/wp\/v2\/media?parent=107546"}],"wp:term":[{"taxonomy":"product_cat","embeddable":true,"href":"https:\/\/e.kosmolat.eu\/lv\/wp-json\/wp\/v2\/product_cat?post=107546"},{"taxonomy":"product_tag","embeddable":true,"href":"https:\/\/e.kosmolat.eu\/lv\/wp-json\/wp\/v2\/product_tag?post=107546"}],"curies":[{"name":"wp","href":"https:\/\/api.w.org\/{rel}","templated":true}]}}