{"id":107528,"date":"2026-04-16T13:56:00","date_gmt":"2026-04-16T13:56:00","guid":{"rendered":"https:\/\/e.kosmolat.eu\/product\/shik-nectar-strawberry-macaroons-dusas-zeleja-400-g\/"},"modified":"2026-04-23T07:04:43","modified_gmt":"2026-04-23T07:04:43","slug":"shik-nectar-strawberry-macaroons-dusas-zeleja-400-g","status":"publish","type":"product","link":"https:\/\/e.kosmolat.eu\/lv\/product\/shik-nectar-strawberry-macaroons-dusas-zeleja-400-g\/","title":{"rendered":"Shik Nectar Strawberry macaroons Du\u0161as \u017eeleja, 400 g"},"content":{"rendered":"<li>Maigi att\u012bra<\/li>\n<li>M\u012bkstina un mitrina<\/li>\n<li>Padara \u0101du maigu<\/li>\n<li>Aizsarg\u0101 no apk\u0101rt\u0113j\u0101s vides kait\u012bg\u0101s ietekmes<\/li>\n<\/ul>\n<p>Ar zeme\u0146u ekstraktu, E vitam\u012bnu un pantenolu.<br \/>\nZeme\u0146u ekstrakts veicina \u0101das atjauno&scaron;anos un tam piem\u012bt pretiekaisuma \u012bpa&scaron;\u012bbas.<br \/>\nZeme\u0146u deserta arom\u0101ts rada siltuma un sv\u0113tku saj\u016btu.<\/p>\n<p><strong>Lieto&scaron;ana:<\/strong><br \/>\nUzkl\u0101t uz mitras \u0101das, saputot, noskalot ar \u016bdeni.<\/p>\n<p><strong>Piesardz\u012bba:<\/strong><br \/>\nJa iek\u013c\u016bst ac\u012bs, r\u016bp\u012bgi noskalot ar lielu \u016bdens daudzumu.<\/p>\n<p><strong>Uzglab\u0101&scaron;ana:<\/strong><br \/>\nNo 5&deg;C l\u012bdz 25&deg;C, sarg\u0101t no saules stariem.<\/p>\n","protected":false},"excerpt":{"rendered":"<p>Maigi att\u012bra M\u012bkstina un mitrina Padara \u0101du maigu Aizsarg\u0101 no apk\u0101rt\u0113j\u0101s vides kait\u012bg\u0101s ietekmes Ar zeme\u0146u ekstraktu, E vitam\u012bnu un pantenolu. Zeme\u0146u ekstrakts veicina \u0101das atjauno&scaron;anos un tam piem\u012bt pretiekaisuma \u012bpa&scaron;\u012bbas. Zeme\u0146u deserta arom\u0101ts rada siltuma un sv\u0113tku saj\u016btu. Lieto&scaron;ana: Uzkl\u0101t uz mitras \u0101das, saputot, noskalot ar \u016bdeni. Piesardz\u012bba: Ja iek\u013c\u016bst ac\u012bs, r\u016bp\u012bgi noskalot ar [&#8230;]\n","protected":false},"featured_media":0,"template":"","meta":[],"product_cat":[1999],"product_tag":[],"class_list":{"0":"post-107528","1":"product","2":"type-product","3":"status-publish","5":"product_brand-slobozanskij-milovar_ua","6":"product_cat-bez-kategorijas","8":"first","9":"instock","10":"taxable","11":"shipping-taxable","12":"product-type-simple"},"_links":{"self":[{"href":"https:\/\/e.kosmolat.eu\/lv\/wp-json\/wp\/v2\/product\/107528","targetHints":{"allow":["GET"]}}],"collection":[{"href":"https:\/\/e.kosmolat.eu\/lv\/wp-json\/wp\/v2\/product"}],"about":[{"href":"https:\/\/e.kosmolat.eu\/lv\/wp-json\/wp\/v2\/types\/product"}],"wp:attachment":[{"href":"https:\/\/e.kosmolat.eu\/lv\/wp-json\/wp\/v2\/media?parent=107528"}],"wp:term":[{"taxonomy":"product_cat","embeddable":true,"href":"https:\/\/e.kosmolat.eu\/lv\/wp-json\/wp\/v2\/product_cat?post=107528"},{"taxonomy":"product_tag","embeddable":true,"href":"https:\/\/e.kosmolat.eu\/lv\/wp-json\/wp\/v2\/product_tag?post=107528"}],"curies":[{"name":"wp","href":"https:\/\/api.w.org\/{rel}","templated":true}]}}