{"id":107524,"date":"2026-04-16T13:49:20","date_gmt":"2026-04-16T13:49:20","guid":{"rendered":"https:\/\/e.kosmolat.eu\/product\/ti-amo-crema-ziepes-ar-olivu-ekstraktu-125-g\/"},"modified":"2026-04-24T06:26:53","modified_gmt":"2026-04-24T06:26:53","slug":"ti-amo-crema-ziepes-ar-olivu-ekstraktu-125-g","status":"publish","type":"product","link":"https:\/\/e.kosmolat.eu\/lv\/product\/ti-amo-crema-ziepes-ar-olivu-ekstraktu-125-g\/","title":{"rendered":"Ti Amo Crema ziepes ar ol\u012bvu ekstraktu, 125 g"},"content":{"rendered":"<p>Produkta sast\u0101v\u0101 ir dab\u012bgi komponenti, kas labv\u0113l\u012bgi iedarbojas uz roku un \u0137erme\u0146a \u0101du. Tie efekt\u012bvi att\u012bra no da\u017e\u0101diem net\u012brumiem, mitrina un nesaboj\u0101 dabisko hidrolip\u012bdu l\u012bdzsvaru. Ol\u012bvu ekstrakts kosm\u0113tisk\u0101s ziepes sast\u0101v\u0101 baro \u0101du ar v\u0113rt\u012bg\u0101m viel\u0101m, m\u012bkstina un atjauno to. P\u0113c mazg\u0101\u0161an\u0101s sajut\u012bsiet vieglumu, svaigumu un maigu arom\u0101tu.<\/p>\n","protected":false},"excerpt":{"rendered":"<p>Produkta sast\u0101v\u0101 ir dab\u012bgi komponenti, kas labv\u0113l\u012bgi iedarbojas uz roku un \u0137erme\u0146a \u0101du. Tie efekt\u012bvi att\u012bra no da\u017e\u0101diem net\u012brumiem, mitrina un nesaboj\u0101 dabisko hidrolip\u012bdu l\u012bdzsvaru. Ol\u012bvu ekstrakts kosm\u0113tisk\u0101s ziepes sast\u0101v\u0101 baro \u0101du ar v\u0113rt\u012bg\u0101m viel\u0101m, m\u012bkstina un atjauno to. P\u0113c mazg\u0101\u0161an\u0101s sajut\u012bsiet vieglumu, svaigumu un maigu arom\u0101tu.<\/p>\n","protected":false},"featured_media":0,"template":"","meta":[],"product_cat":[1607],"product_tag":[],"class_list":{"0":"post-107524","1":"product","2":"type-product","3":"status-publish","5":"product_brand-fmt-ua","6":"product_cat-ziepes","8":"first","9":"instock","10":"taxable","11":"shipping-taxable","12":"product-type-simple"},"_links":{"self":[{"href":"https:\/\/e.kosmolat.eu\/lv\/wp-json\/wp\/v2\/product\/107524","targetHints":{"allow":["GET"]}}],"collection":[{"href":"https:\/\/e.kosmolat.eu\/lv\/wp-json\/wp\/v2\/product"}],"about":[{"href":"https:\/\/e.kosmolat.eu\/lv\/wp-json\/wp\/v2\/types\/product"}],"wp:attachment":[{"href":"https:\/\/e.kosmolat.eu\/lv\/wp-json\/wp\/v2\/media?parent=107524"}],"wp:term":[{"taxonomy":"product_cat","embeddable":true,"href":"https:\/\/e.kosmolat.eu\/lv\/wp-json\/wp\/v2\/product_cat?post=107524"},{"taxonomy":"product_tag","embeddable":true,"href":"https:\/\/e.kosmolat.eu\/lv\/wp-json\/wp\/v2\/product_tag?post=107524"}],"curies":[{"name":"wp","href":"https:\/\/api.w.org\/{rel}","templated":true}]}}