{"id":107512,"date":"2026-04-16T13:43:54","date_gmt":"2026-04-16T13:43:54","guid":{"rendered":"https:\/\/e.kosmolat.eu\/product\/dermaflora-dabigs-zimulv-dezod-zel-ar-msm-jut-adai-bez-smarz-50-ml\/"},"modified":"2026-04-16T13:44:08","modified_gmt":"2026-04-16T13:44:08","slug":"dermaflora-dabigs-zimulv-dezod-zel-ar-msm-jut-adai-bez-smarz-50-ml","status":"publish","type":"product","link":"https:\/\/e.kosmolat.eu\/lv\/product\/dermaflora-dabigs-zimulv-dezod-zel-ar-msm-jut-adai-bez-smarz-50-ml\/","title":{"rendered":"Dermaflora Dab\u012bgs z\u012bmu\u013cv. dezod.-\u017eel. ar MSM jut. \u0101dai, bez smar\u017e., 50 ml"},"content":{"rendered":"<p>0% alum\u012bnija, parab\u0113nu, smar\u017evielu un kr\u0101svielu. Piem\u0113rots cilv\u0113kiem ar jut\u012bbu pret smar\u017eviel\u0101m.<\/p>\n<p>Dezodorants ir bag\u0101tin\u0101ts ar dab\u012bg\u0101m sast\u0101vda\u013c\u0101m un satur MSM \u2014 dab\u012bgo \u00abskaistuma miner\u0101lu\u00bb. Akt\u012bv\u0101s sast\u0101vda\u013cas nodro\u0161ina aizsardz\u012bbu pret nepat\u012bkamu smaku visas dienas garum\u0101 bez kait\u012bg\u0101m viel\u0101m. MSM nomierina \u0101du, padara to maigu un veicina t\u0101s atjauno\u0161anos. Pateicoties saudz\u012bgajai akt\u012bvo sast\u0101vda\u013cu iedarb\u012bbai, l\u012bdzeklis nekairina \u0101du un neatst\u0101j traipus uz ap\u0123\u0113rba.<\/p>\n","protected":false},"excerpt":{"rendered":"<p>0% alum\u012bnija, parab\u0113nu, smar\u017evielu un kr\u0101svielu. Piem\u0113rots cilv\u0113kiem ar jut\u012bbu pret smar\u017eviel\u0101m. Dezodorants ir bag\u0101tin\u0101ts ar dab\u012bg\u0101m sast\u0101vda\u013c\u0101m un satur MSM \u2014 dab\u012bgo \u00abskaistuma miner\u0101lu\u00bb. Akt\u012bv\u0101s sast\u0101vda\u013cas nodro\u0161ina aizsardz\u012bbu pret nepat\u012bkamu smaku visas dienas garum\u0101 bez kait\u012bg\u0101m viel\u0101m. MSM nomierina \u0101du, padara to maigu un veicina t\u0101s atjauno\u0161anos. Pateicoties saudz\u012bgajai akt\u012bvo sast\u0101vda\u013cu iedarb\u012bbai, l\u012bdzeklis nekairina [&#8230;]\n","protected":false},"featured_media":107516,"template":"","meta":[],"product_cat":[1628],"product_tag":[],"class_list":{"0":"post-107512","1":"product","2":"type-product","3":"status-publish","4":"has-post-thumbnail","6":"product_brand-florin_hu","7":"product_cat-dezodoranti","9":"first","10":"instock","11":"taxable","12":"shipping-taxable","13":"product-type-simple"},"_links":{"self":[{"href":"https:\/\/e.kosmolat.eu\/lv\/wp-json\/wp\/v2\/product\/107512","targetHints":{"allow":["GET"]}}],"collection":[{"href":"https:\/\/e.kosmolat.eu\/lv\/wp-json\/wp\/v2\/product"}],"about":[{"href":"https:\/\/e.kosmolat.eu\/lv\/wp-json\/wp\/v2\/types\/product"}],"wp:featuredmedia":[{"embeddable":true,"href":"https:\/\/e.kosmolat.eu\/lv\/wp-json\/wp\/v2\/media\/107516"}],"wp:attachment":[{"href":"https:\/\/e.kosmolat.eu\/lv\/wp-json\/wp\/v2\/media?parent=107512"}],"wp:term":[{"taxonomy":"product_cat","embeddable":true,"href":"https:\/\/e.kosmolat.eu\/lv\/wp-json\/wp\/v2\/product_cat?post=107512"},{"taxonomy":"product_tag","embeddable":true,"href":"https:\/\/e.kosmolat.eu\/lv\/wp-json\/wp\/v2\/product_tag?post=107512"}],"curies":[{"name":"wp","href":"https:\/\/api.w.org\/{rel}","templated":true}]}}