{"id":107504,"date":"2026-04-16T13:43:35","date_gmt":"2026-04-16T13:43:35","guid":{"rendered":"https:\/\/e.kosmolat.eu\/product\/dermaflora-dabigs-zimulv-dezod-zel-ar-alvejas-ekstraktu-24-st-50-ml\/"},"modified":"2026-04-20T11:40:10","modified_gmt":"2026-04-20T11:40:10","slug":"dermaflora-dabigs-zimulv-dezod-zel-ar-alvejas-ekstraktu-24-st-50-ml","status":"publish","type":"product","link":"https:\/\/e.kosmolat.eu\/lv\/product\/dermaflora-dabigs-zimulv-dezod-zel-ar-alvejas-ekstraktu-24-st-50-ml\/","title":{"rendered":"Dermaflora Dab\u012bgs z\u012bmu\u013cv. dezod.-\u017eel. ar alvejas ekstraktu 24 st., 50 ml"},"content":{"rendered":"<p>0% alerg\u0113nu, alum\u012bnija, parab\u0113nu un alkohola. \u0100dai draudz\u012bgas sast\u0101vda\u013cas pal\u012bdz saglab\u0101t svaigumu bez kairin\u0101juma un traipiem uz ap\u0123\u0113rba. Formula bez kait\u012bg\u0101m viel\u0101m rada neredzamu aizsardz\u012bbu l\u012bdz 24 stund\u0101m. Nelietot uz boj\u0101tas vai kairin\u0101tas \u0101das! P\u0113c uzkl\u0101\u0161anas \u013caut l\u012bdzeklim no\u017e\u016bt.<\/p>\n","protected":false},"excerpt":{"rendered":"<p>0% alerg\u0113nu, alum\u012bnija, parab\u0113nu un alkohola. \u0100dai draudz\u012bgas sast\u0101vda\u013cas pal\u012bdz saglab\u0101t svaigumu bez kairin\u0101juma un traipiem uz ap\u0123\u0113rba. Formula bez kait\u012bg\u0101m viel\u0101m rada neredzamu aizsardz\u012bbu l\u012bdz 24 stund\u0101m. Nelietot uz boj\u0101tas vai kairin\u0101tas \u0101das! P\u0113c uzkl\u0101\u0161anas \u013caut l\u012bdzeklim no\u017e\u016bt.<\/p>\n","protected":false},"featured_media":107508,"template":"","meta":[],"product_cat":[1628],"product_tag":[],"class_list":{"0":"post-107504","1":"product","2":"type-product","3":"status-publish","4":"has-post-thumbnail","6":"product_brand-florin_hu","7":"product_cat-dezodoranti","9":"first","10":"instock","11":"taxable","12":"shipping-taxable","13":"product-type-simple"},"_links":{"self":[{"href":"https:\/\/e.kosmolat.eu\/lv\/wp-json\/wp\/v2\/product\/107504","targetHints":{"allow":["GET"]}}],"collection":[{"href":"https:\/\/e.kosmolat.eu\/lv\/wp-json\/wp\/v2\/product"}],"about":[{"href":"https:\/\/e.kosmolat.eu\/lv\/wp-json\/wp\/v2\/types\/product"}],"wp:featuredmedia":[{"embeddable":true,"href":"https:\/\/e.kosmolat.eu\/lv\/wp-json\/wp\/v2\/media\/107508"}],"wp:attachment":[{"href":"https:\/\/e.kosmolat.eu\/lv\/wp-json\/wp\/v2\/media?parent=107504"}],"wp:term":[{"taxonomy":"product_cat","embeddable":true,"href":"https:\/\/e.kosmolat.eu\/lv\/wp-json\/wp\/v2\/product_cat?post=107504"},{"taxonomy":"product_tag","embeddable":true,"href":"https:\/\/e.kosmolat.eu\/lv\/wp-json\/wp\/v2\/product_tag?post=107504"}],"curies":[{"name":"wp","href":"https:\/\/api.w.org\/{rel}","templated":true}]}}