{"id":107488,"date":"2026-04-16T13:43:00","date_gmt":"2026-04-16T13:43:00","guid":{"rendered":"https:\/\/e.kosmolat.eu\/product\/dermaflora-dabigs-zimulv-dezod-ar-alvejas-ekstr-24-st-50-ml\/"},"modified":"2026-04-20T11:39:56","modified_gmt":"2026-04-20T11:39:56","slug":"dermaflora-dabigs-zimulv-dezod-ar-alvejas-ekstr-24-st-50-ml","status":"publish","type":"product","link":"https:\/\/e.kosmolat.eu\/lv\/product\/dermaflora-dabigs-zimulv-dezod-ar-alvejas-ekstr-24-st-50-ml\/","title":{"rendered":"Dermaflora Dab\u012bgs z\u012bmu\u013cv. dezod. ar alvejas ekstr. 24 st., 50 ml"},"content":{"rendered":"<p>0% alerg\u0113nu, alum\u012bnija, parab\u0113nu un alkohola. Pateicoties dab\u012bgaj\u0101m sast\u0101vda\u013c\u0101m, dezodorants nerada kairin\u0101jumu un neatst\u0101j traipus uz ap\u0123\u0113rba. Dabiska aizsardz\u012bba pret nepat\u012bkamu arom\u0101tu visas dienas garum\u0101. Nelietot uz boj\u0101tas vai kairin\u0101tas \u0101das! P\u0113c uzkl\u0101\u0161anas \u013caut l\u012bdzeklim no\u017e\u016bt.<\/p>\n<p>Uzglab\u0101t temperat\u016br\u0101 no +5 \u00b0C l\u012bdz +25 \u00b0C.<\/p>\n","protected":false},"excerpt":{"rendered":"<p>0% alerg\u0113nu, alum\u012bnija, parab\u0113nu un alkohola. Pateicoties dab\u012bgaj\u0101m sast\u0101vda\u013c\u0101m, dezodorants nerada kairin\u0101jumu un neatst\u0101j traipus uz ap\u0123\u0113rba. Dabiska aizsardz\u012bba pret nepat\u012bkamu arom\u0101tu visas dienas garum\u0101. Nelietot uz boj\u0101tas vai kairin\u0101tas \u0101das! P\u0113c uzkl\u0101\u0161anas \u013caut l\u012bdzeklim no\u017e\u016bt. Uzglab\u0101t temperat\u016br\u0101 no +5 \u00b0C l\u012bdz +25 \u00b0C.<\/p>\n","protected":false},"featured_media":107492,"template":"","meta":[],"product_cat":[1628],"product_tag":[],"class_list":{"0":"post-107488","1":"product","2":"type-product","3":"status-publish","4":"has-post-thumbnail","6":"product_brand-florin_hu","7":"product_cat-dezodoranti","9":"first","10":"instock","11":"taxable","12":"shipping-taxable","13":"product-type-simple"},"_links":{"self":[{"href":"https:\/\/e.kosmolat.eu\/lv\/wp-json\/wp\/v2\/product\/107488","targetHints":{"allow":["GET"]}}],"collection":[{"href":"https:\/\/e.kosmolat.eu\/lv\/wp-json\/wp\/v2\/product"}],"about":[{"href":"https:\/\/e.kosmolat.eu\/lv\/wp-json\/wp\/v2\/types\/product"}],"wp:featuredmedia":[{"embeddable":true,"href":"https:\/\/e.kosmolat.eu\/lv\/wp-json\/wp\/v2\/media\/107492"}],"wp:attachment":[{"href":"https:\/\/e.kosmolat.eu\/lv\/wp-json\/wp\/v2\/media?parent=107488"}],"wp:term":[{"taxonomy":"product_cat","embeddable":true,"href":"https:\/\/e.kosmolat.eu\/lv\/wp-json\/wp\/v2\/product_cat?post=107488"},{"taxonomy":"product_tag","embeddable":true,"href":"https:\/\/e.kosmolat.eu\/lv\/wp-json\/wp\/v2\/product_tag?post=107488"}],"curies":[{"name":"wp","href":"https:\/\/api.w.org\/{rel}","templated":true}]}}