{"id":107480,"date":"2026-04-16T13:41:33","date_gmt":"2026-04-16T13:41:33","guid":{"rendered":"https:\/\/e.kosmolat.eu\/product\/bradoline-bond-losjons-pec-skus-jutigai-adai-125-ml\/"},"modified":"2026-04-16T13:41:44","modified_gmt":"2026-04-16T13:41:44","slug":"bradoline-bond-losjons-pec-skus-jutigai-adai-125-ml","status":"publish","type":"product","link":"https:\/\/e.kosmolat.eu\/lv\/product\/bradoline-bond-losjons-pec-skus-jutigai-adai-125-ml\/","title":{"rendered":"Bradoline Bond Losjons p\u0113c sk\u016b\u0161. jut\u012bgai \u0101dai, 125 ml"},"content":{"rendered":"<p>Losjonam piem\u012bt maigs, za\u013c\u0161 un atsvaidzino\u0161s arom\u0101ts.<\/p>\n<p>Lieto\u0161ana: Uzlejiet nepiecie\u0161amo daudzumu losjona uz plaust\u0101m un uzkl\u0101jiet uz nosk\u016btas \u0101das. Ja nok\u013c\u016bst ac\u012bs, nekav\u0113joties izskalojiet ar lielu daudzumu \u016bdens.<\/p>\n","protected":false},"excerpt":{"rendered":"<p>Losjonam piem\u012bt maigs, za\u013c\u0161 un atsvaidzino\u0161s arom\u0101ts. Lieto\u0161ana: Uzlejiet nepiecie\u0161amo daudzumu losjona uz plaust\u0101m un uzkl\u0101jiet uz nosk\u016btas \u0101das. Ja nok\u013c\u016bst ac\u012bs, nekav\u0113joties izskalojiet ar lielu daudzumu \u016bdens.<\/p>\n","protected":false},"featured_media":107484,"template":"","meta":[],"product_cat":[1680],"product_tag":[],"class_list":{"0":"post-107480","1":"product","2":"type-product","3":"status-publish","4":"has-post-thumbnail","6":"product_brand-florin_hu","7":"product_cat-skusanas-kosmetika","9":"first","10":"instock","11":"taxable","12":"shipping-taxable","13":"product-type-simple"},"_links":{"self":[{"href":"https:\/\/e.kosmolat.eu\/lv\/wp-json\/wp\/v2\/product\/107480","targetHints":{"allow":["GET"]}}],"collection":[{"href":"https:\/\/e.kosmolat.eu\/lv\/wp-json\/wp\/v2\/product"}],"about":[{"href":"https:\/\/e.kosmolat.eu\/lv\/wp-json\/wp\/v2\/types\/product"}],"wp:featuredmedia":[{"embeddable":true,"href":"https:\/\/e.kosmolat.eu\/lv\/wp-json\/wp\/v2\/media\/107484"}],"wp:attachment":[{"href":"https:\/\/e.kosmolat.eu\/lv\/wp-json\/wp\/v2\/media?parent=107480"}],"wp:term":[{"taxonomy":"product_cat","embeddable":true,"href":"https:\/\/e.kosmolat.eu\/lv\/wp-json\/wp\/v2\/product_cat?post=107480"},{"taxonomy":"product_tag","embeddable":true,"href":"https:\/\/e.kosmolat.eu\/lv\/wp-json\/wp\/v2\/product_tag?post=107480"}],"curies":[{"name":"wp","href":"https:\/\/api.w.org\/{rel}","templated":true}]}}