{"id":107472,"date":"2026-04-16T11:35:40","date_gmt":"2026-04-16T11:35:40","guid":{"rendered":"https:\/\/e.kosmolat.eu\/product\/viorica-ultra-atjaun-maska-551-loti-saus-un-boj-mat-150-ml\/"},"modified":"2026-04-16T11:35:52","modified_gmt":"2026-04-16T11:35:52","slug":"viorica-ultra-atjaun-maska-551-loti-saus-un-boj-mat-150-ml","status":"publish","type":"product","link":"https:\/\/e.kosmolat.eu\/lv\/product\/viorica-ultra-atjaun-maska-551-loti-saus-un-boj-mat-150-ml\/","title":{"rendered":"VIORICA Ultra-atjaun. maska 5+5+1 \u013coti saus. un boj. mat., 150 ml"},"content":{"rendered":"<p>Luksusa formula piln\u012bgai \u013coti sausu un boj\u0101tu matu kop\u0161anai. Atjauno boj\u0101tu matu strukt\u016bru, kompens\u0113jot bar\u012bbas vielu tr\u016bkumu, pie\u0161\u0137irot matiem bl\u012bvumu, sp\u0113ku, sp\u012bdumu un elast\u012bbu. Bag\u0101t\u012bgs v\u0113rt\u012bgo e\u013c\u013cu apvienojums \u2013 avokado, mande\u013cu, kam\u0113lijas, ol\u012bvu, kokvilnas s\u0113klu e\u013c\u013cas, k\u0101 ar\u012b mango un kakao \u2013 mitrina un baro matus. Augu prote\u012bni aizver kutikulu, nodro\u0161inot izteiktu atjaunojo\u0161u efektu. Stiprino\u0161ais miner\u0101lu komplekss ar kalciju, magniju, cinku, varu un mang\u0101nu atjauno trauslu matu iztur\u012bbu, aizsarg\u0101jot tos no l\u016b\u0161anas.<\/p>\n<p>Lieto\u0161ana: uzkl\u0101jiet masku uz t\u012briem un mitriem matiem, izvairoties no matu sakn\u0113m. P\u0113c 3-5 min\u016bt\u0113m r\u016bp\u012bgi noskalojiet ar \u016bdeni. Lai ieg\u016btu maksim\u0101lu un ilgsto\u0161u efektu, lietojiet 1-2 reizes ned\u0113\u013c\u0101 kop\u0101 ar \u0161\u012bs s\u0113rijas \u0161amp\u016bnu un matu balzamu.<\/p>\n<p>Uzglab\u0101t temperat\u016br\u0101 no +5 \u00b0C l\u012bdz +25 \u00b0C, sarg\u0101jot no tie\u0161iem saules stariem. <\/p>\n<p>Der\u012bguma termi\u0146\u0161: 30 m\u0113ne\u0161i.<\/p>\n","protected":false},"excerpt":{"rendered":"<p>Luksusa formula piln\u012bgai \u013coti sausu un boj\u0101tu matu kop\u0161anai. Atjauno boj\u0101tu matu strukt\u016bru, kompens\u0113jot bar\u012bbas vielu tr\u016bkumu, pie\u0161\u0137irot matiem bl\u012bvumu, sp\u0113ku, sp\u012bdumu un elast\u012bbu. Bag\u0101t\u012bgs v\u0113rt\u012bgo e\u013c\u013cu apvienojums \u2013 avokado, mande\u013cu, kam\u0113lijas, ol\u012bvu, kokvilnas s\u0113klu e\u013c\u013cas, k\u0101 ar\u012b mango un kakao \u2013 mitrina un baro matus. Augu prote\u012bni aizver kutikulu, nodro\u0161inot izteiktu atjaunojo\u0161u efektu. Stiprino\u0161ais [&#8230;]\n","protected":false},"featured_media":107476,"template":"","meta":[],"product_cat":[2181],"product_tag":[],"class_list":{"0":"post-107472","1":"product","2":"type-product","3":"status-publish","4":"has-post-thumbnail","6":"product_brand-viorica-cosmeplant_bg","7":"product_cat-bez-kategorijas-lt","9":"first","10":"instock","11":"taxable","12":"shipping-taxable","13":"product-type-simple"},"_links":{"self":[{"href":"https:\/\/e.kosmolat.eu\/lv\/wp-json\/wp\/v2\/product\/107472","targetHints":{"allow":["GET"]}}],"collection":[{"href":"https:\/\/e.kosmolat.eu\/lv\/wp-json\/wp\/v2\/product"}],"about":[{"href":"https:\/\/e.kosmolat.eu\/lv\/wp-json\/wp\/v2\/types\/product"}],"wp:featuredmedia":[{"embeddable":true,"href":"https:\/\/e.kosmolat.eu\/lv\/wp-json\/wp\/v2\/media\/107476"}],"wp:attachment":[{"href":"https:\/\/e.kosmolat.eu\/lv\/wp-json\/wp\/v2\/media?parent=107472"}],"wp:term":[{"taxonomy":"product_cat","embeddable":true,"href":"https:\/\/e.kosmolat.eu\/lv\/wp-json\/wp\/v2\/product_cat?post=107472"},{"taxonomy":"product_tag","embeddable":true,"href":"https:\/\/e.kosmolat.eu\/lv\/wp-json\/wp\/v2\/product_tag?post=107472"}],"curies":[{"name":"wp","href":"https:\/\/api.w.org\/{rel}","templated":true}]}}