{"id":107456,"date":"2026-04-16T10:21:22","date_gmt":"2026-04-16T10:21:22","guid":{"rendered":"https:\/\/e.kosmolat.eu\/product\/ecl-organic-avocado-skus-krems-slides-un-kops-200-ml\/"},"modified":"2026-04-16T10:21:35","modified_gmt":"2026-04-16T10:21:35","slug":"ecl-organic-avocado-skus-krems-slides-un-kops-200-ml","status":"publish","type":"product","link":"https:\/\/e.kosmolat.eu\/lv\/product\/ecl-organic-avocado-skus-krems-slides-un-kops-200-ml\/","title":{"rendered":"ECL Organic Avocado Sk\u016b\u0161. kr\u0113ms Sl\u012bd\u0113\u0161. un kop\u0161., 200 ml"},"content":{"rendered":"<p>Sk\u016b\u0161an\u0101s kr\u0113ms ar dab\u012bg\u0101m sast\u0101vda\u013c\u0101m nodro\u0161ina \u012bpa\u0161i saudz\u012bgu k\u0101ju un jut\u012bgo zonu sk\u016b\u0161anu. Tas maigi no\u0146em nev\u0113lamos mati\u0146us, neboj\u0101jot \u0101du. Nodro\u0161ina vieglu sl\u012bd\u0113\u0161anu, m\u012bkstina un mitrina \u0101du, padarot to gludu. Piem\u0113rots visiem \u0101das tipiem. Veg\u0101nisks produkts.<\/p>\n<p>Organisk\u0101 sast\u0101vda\u013ca: Organisk\u0101 auksti spiesta avokado e\u013c\u013ca satur vitam\u012bnus un antioksidantus, stimul\u0113 kolag\u0113na izstr\u0101di un atjauno \u0101das barjerfunkcijas. Bag\u0101tin\u0101ta ar B, D, E, F vitam\u012bniem un polinepies\u0101tin\u0101taj\u0101m tauksk\u0101b\u0113m. Efekt\u012bvi baro un m\u012bkstina \u0101du, nov\u0113r\u0161ot sausumu.<\/p>\n<p>Akt\u012bv\u0101s sast\u0101vda\u013cas:<br \/>\n\u2022 Alanto\u012bns intens\u012bvi mitrina, atjauno un nomierina \u0101du.<br \/>\n\u2022 E vitam\u012bnam piem\u012bt antioksidanta \u012bpa\u0161\u012bbas, tas stimul\u0113 \u0101das \u0161\u016bnu atjauno\u0161an\u0101s procesus.<br \/>\n\u2022 V\u012b\u0123es ekstrakts nov\u0113r\u0161 sausumu un lob\u012b\u0161anos, padara \u0101du glud\u0101ku un tvirt\u0101ku.<\/p>\n<p>Lieto\u0161ana: Uzkl\u0101jiet sk\u016b\u0161an\u0101s kr\u0113mu uz mitras \u0101das, noskujiet apmatojumu un noskalojiet ar siltu \u016bdeni. Tikai \u0101r\u012bgai lieto\u0161anai.<\/p>\n","protected":false},"excerpt":{"rendered":"<p>Sk\u016b\u0161an\u0101s kr\u0113ms ar dab\u012bg\u0101m sast\u0101vda\u013c\u0101m nodro\u0161ina \u012bpa\u0161i saudz\u012bgu k\u0101ju un jut\u012bgo zonu sk\u016b\u0161anu. Tas maigi no\u0146em nev\u0113lamos mati\u0146us, neboj\u0101jot \u0101du. Nodro\u0161ina vieglu sl\u012bd\u0113\u0161anu, m\u012bkstina un mitrina \u0101du, padarot to gludu. Piem\u0113rots visiem \u0101das tipiem. Veg\u0101nisks produkts. Organisk\u0101 sast\u0101vda\u013ca: Organisk\u0101 auksti spiesta avokado e\u013c\u013ca satur vitam\u012bnus un antioksidantus, stimul\u0113 kolag\u0113na izstr\u0101di un atjauno \u0101das barjerfunkcijas. Bag\u0101tin\u0101ta [&#8230;]\n","protected":false},"featured_media":107460,"template":"","meta":[],"product_cat":[1680],"product_tag":[],"class_list":{"0":"post-107456","1":"product","2":"type-product","3":"status-publish","4":"has-post-thumbnail","6":"product_brand-ecolab_cs","7":"product_cat-skusanas-kosmetika","9":"first","10":"instock","11":"taxable","12":"shipping-taxable","13":"product-type-simple"},"_links":{"self":[{"href":"https:\/\/e.kosmolat.eu\/lv\/wp-json\/wp\/v2\/product\/107456","targetHints":{"allow":["GET"]}}],"collection":[{"href":"https:\/\/e.kosmolat.eu\/lv\/wp-json\/wp\/v2\/product"}],"about":[{"href":"https:\/\/e.kosmolat.eu\/lv\/wp-json\/wp\/v2\/types\/product"}],"wp:featuredmedia":[{"embeddable":true,"href":"https:\/\/e.kosmolat.eu\/lv\/wp-json\/wp\/v2\/media\/107460"}],"wp:attachment":[{"href":"https:\/\/e.kosmolat.eu\/lv\/wp-json\/wp\/v2\/media?parent=107456"}],"wp:term":[{"taxonomy":"product_cat","embeddable":true,"href":"https:\/\/e.kosmolat.eu\/lv\/wp-json\/wp\/v2\/product_cat?post=107456"},{"taxonomy":"product_tag","embeddable":true,"href":"https:\/\/e.kosmolat.eu\/lv\/wp-json\/wp\/v2\/product_tag?post=107456"}],"curies":[{"name":"wp","href":"https:\/\/api.w.org\/{rel}","templated":true}]}}